{"id":1104,"date":"2015-02-01T15:40:13","date_gmt":"2015-02-01T14:40:13","guid":{"rendered":"http:\/\/www.bletz.lu\/?page_id=1104"},"modified":"2017-11-29T19:29:07","modified_gmt":"2017-11-29T18:29:07","slug":"wissenschaftliches-gremium","status":"publish","type":"page","link":"https:\/\/bletz.lu\/fr\/konferenzen-old\/wissenschaftliches-gremium\/","title":{"rendered":"Comit\u00e9 scientifique"},"content":{"rendered":"<h2>Beitr\u00e4ge<\/h2>\n<h2>Contributions<\/h2>\n<p>[list_category_gremium]<\/p>\n<p><strong>Qu\u2019est-ce un comit\u00e9 scientifique ?<\/strong> Le comit\u00e9 scientifique r\u00e9unit les repr\u00e9sentants des associations professionnelles agissant dans les domaines de la m\u00e9decine (par ex. la soci\u00e9t\u00e9 luxembourgeoise de cardiologie), de la r\u00e9habilitation (par ex. l\u2019association luxembourgeoise des ergoth\u00e9rapeutes) et des soins (par ex. Steftung H\u00ebllef Doheem). Ces d\u00e9l\u00e9gu\u00e9s, au nombre de deux, un repr\u00e9sentant et un rempla\u00e7ant, ont \u00e9t\u00e9 choisis par les associations elles-m\u00eames pour mettre leur comp\u00e9tence au service de \u00ab Bl\u00ebtz \u00bb :<\/p>\n<ul>\n<li style=\"list-style-type: none;\">\n<ul>Ils organisent dans le cadre mis \u00e0 la disposition par Bl\u00ebtz des s\u00e9ances d\u2019information et participent \u00e0 des \u00e9changes \u00e0 ce sujet.<\/ul>\n<\/li>\n<\/ul>\n<ul>\n<li style=\"list-style-type: none;\">\n<ul>En tant qu\u2019experts ils doivent valider le mat\u00e9riel d\u2019information et d\u2019\u00e9ducation produit par Bl\u00ebtz.<\/ul>\n<\/li>\n<\/ul>\n<ul>\n<li style=\"list-style-type: none;\">\n<ul>Ils collaborent avec Bl\u00ebtz sur des projets \u00e0 vis\u00e9e \u00e9ducative ou scientifique d\u2019un int\u00e9r\u00eat commun.<\/ul>\n<\/li>\n<\/ul>\n<ul>\n<li style=\"list-style-type: none;\">\n<ul>En r\u00e8gle g\u00e9n\u00e9rale, ces professionnels ne se pr\u00e9sentent pas aux \u00e9lections des membres du comit\u00e9, sauf s\u2019ils sont retrait\u00e9s.<\/ul>\n<ul>Leur collaboration avec Bl\u00ebtz reste consultative et n\u2019a pas de lien avec leur pratique priv\u00e9e r\u00e9mun\u00e9r\u00e9e, ceci afin de garantir l\u2019ind\u00e9pendance des deux parties.<\/ul>\n<\/li>\n<\/ul>\n<p><b>Comit\u00e9 Scientifique de Bl\u00ebtz asbl<\/b> en formation Membres :<\/p>\n<ul>\n<li>experts neurologie : Dr. Dirk Droste (<a href=\"https:\/\/www.chl.lu\/fr\/docteur-droste-pr-dr-au%3Ferpl-pr-univ-munster-dirk\" target=\"_blank\" rel=\"noopener\">page professionnelle<\/a>) Dr. Michel Hoffmann (publication: Dr. Droste, Dr. Hoffmann et al.: <a href=\"http:\/\/bletz.lu\/wp-content\/uploads\/2014\/04\/Dorste-D.-Hoffmann-M.-De-Gehirschlag.pdf\" target=\"_blank\" rel=\"noopener\"><em>De Gehirschlag &#8211; en Noutfall<\/em><\/a>) Dr. Dirk Ulbricht (<a href=\"https:\/\/www.chem.lu\/trouver-un-medecin\/dr-dirk-ulbricht\" target=\"_blank\" rel=\"noopener\">page professionnelle<\/a>)<\/li>\n<li>expert neurochirurgie: Pr Frank Hertel (<a href=\"https:\/\/www.chl.lu\/fr\/professeur-hertel-frank\" target=\"_blank\" rel=\"noopener\">page professionnelle<\/a>) (<a title=\"28. Juni 2014 \u2013 Dr. Hertel\" href=\"http:\/\/bletz.lu\/?page_id=831\">Link zur Konferenz vom 28. Juni 2014<\/a>)<\/li>\n<\/ul>\n<ul>\n<li>expert m\u00e9decine r\u00e9adaptation: Dr. Fr\u00e9d\u00e9ric Chantraine (Rehazenter)<\/li>\n<li>expert neurochirurgie: Dr. Frank Hertel (CHL) (<a href=\"http:\/\/www.chl.lu\/Dr-Hertel-Frank\" target=\"_blank\" rel=\"noopener\">page professionnelle<\/a>) (<a title=\"28. Juni 2014 \u2013 Dr. Hertel\" href=\"http:\/\/bletz.lu\/?page_id=831\">Link zur Konferenz vom 28. Juni 2014<\/a>)<\/li>\n<li>expertes orthophonie: Myriam Kieffer (<a title=\"Orthophonie\" href=\"http:\/\/bletz.lu\/?page_id=358\">experte de l&rsquo;ALO, cliquez ici pour plus d&rsquo;informations<\/a>) Renate Bartolini publication Kieffer, M. et Bartolini R.: <a href=\"http:\/\/bletz.lu\/wp-content\/uploads\/2014\/04\/Kieffer-M.-Bartolini-R.-Was-ist-eine-Aphasie.pdf\" target=\"_blank\" rel=\"noopener\"><em>Was ist eine Aphasie?<\/em><\/a><\/li>\n<\/ul>\n<ul>\n<li>expertes psychomotricit\u00e9: Tilly Jodocy (<a title=\"Psychomotricit\u00e9\" href=\"http:\/\/bletz.lu\/?page_id=353\">experte de l&rsquo;ALPD; hei klicken fir m\u00e9i Informatiounen<\/a>) Josiane Raus-Schmit publication: Jodocy, T. et Raus-Schmit, J.: <a href=\"http:\/\/bletz.lu\/wp-content\/uploads\/2014\/04\/BLETZ-presentation_psychomotricite.pdf\" target=\"_blank\" rel=\"noopener\"><em>Pr\u00e9sentation psychomotricit\u00e9<\/em><\/a><\/li>\n<\/ul>\n<ul>\n<li>expertes psychologie: Anne-Marie Schuller Mich\u00e8le Pisani publication: Schuller, A-M. et Pisani, M.: <a href=\"http:\/\/bletz.lu\/wp-content\/uploads\/2014\/04\/Schuller-A-M-Pisani-M-Neurospychologie.pdf\"><em>Neuropsychologie &#8211; Quelle prise en charge [&#8230;]<\/em><\/a> \/ <a href=\"https:\/\/www.slp.lu\/e-psycholog-fannen\/\" target=\"_blank\" rel=\"noopener\">Sicht Dir en Psycholog? &#8211; klickt hei<\/a><\/li>\n<\/ul>\n<ul>\n<li>experte en ergoth\u00e9rapie : <a title=\"Ergotherapie\" href=\"http:\/\/bletz.lu\/?page_id=785\">Doroth\u00e9a Hemmer<\/a>, Jo\u00eblle Kieffer<\/li>\n<\/ul>\n<ul>\n<li>expert kin\u00e9sith\u00e9rapie : Sylvie Jackmuth, Bettina Pratt<\/li>\n<\/ul>\n<ul>\n<li>assistante sociale: Nathalie Koedinger, Fran\u00e7oise Schintgen, Monique Gloden, Yasmine Finck<\/li>\n<li>expertes di\u00e9t\u00e9ticienne: Monica Teixeira Morais &amp; Anne-Liss Borschette<\/li>\n<\/ul>\n<p><!--\n\n\n<ul>\n \t\n\n<li>experte soins \u00e0 domicile: Martine Ewerard (<a href=\"http:\/\/www.shd.lu\/services\" target=\"_blank\">St\u00ebftung H\u00ebllef Doheem<\/a>)<\/li>\n\n\n<\/ul>\n\n\n--><\/p>\n<ul>\n<li>expert cardiologue: Dr. Jean Beissel (<a href=\"https:\/\/www.chl.lu\/fr\/docteur-beissel-jean\" target=\"_blank\" rel=\"noopener\">page professionnelle<\/a>) (Affiche <a href=\"http:\/\/bletz.lu\/wp-content\/uploads\/2014\/04\/affiche-JC2014_pdf.pdf\" target=\"_blank\" rel=\"noopener\">World Heart Day 2014 (PDF)<\/a>)<\/li>\n<\/ul>\n<p>&nbsp;<\/p>\n","protected":false},"excerpt":{"rendered":"<p>Beitr\u00e4ge Contributions [list_category_gremium] Qu\u2019est-ce un comit\u00e9 scientifique ? Le comit\u00e9 scientifique r\u00e9unit les repr\u00e9sentants des associations professionnelles agissant dans les domaines de la m\u00e9decine (par ex. la soci\u00e9t\u00e9 luxembourgeoise de [&hellip;]<\/p>\n","protected":false},"author":2,"featured_media":0,"parent":525,"menu_order":0,"comment_status":"open","ping_status":"closed","template":"","meta":{"jetpack_post_was_ever_published":false,"footnotes":""},"categories":[32],"tags":[],"class_list":["post-1104","page","type-page","status-publish","hentry","category-wissenschaftliches-gremium"],"jetpack_shortlink":"https:\/\/wp.me\/P3uDnz-hO","jetpack_sharing_enabled":true,"_links":{"self":[{"href":"https:\/\/bletz.lu\/fr\/wp-json\/wp\/v2\/pages\/1104","targetHints":{"allow":["GET"]}}],"collection":[{"href":"https:\/\/bletz.lu\/fr\/wp-json\/wp\/v2\/pages"}],"about":[{"href":"https:\/\/bletz.lu\/fr\/wp-json\/wp\/v2\/types\/page"}],"author":[{"embeddable":true,"href":"https:\/\/bletz.lu\/fr\/wp-json\/wp\/v2\/users\/2"}],"replies":[{"embeddable":true,"href":"https:\/\/bletz.lu\/fr\/wp-json\/wp\/v2\/comments?post=1104"}],"version-history":[{"count":13,"href":"https:\/\/bletz.lu\/fr\/wp-json\/wp\/v2\/pages\/1104\/revisions"}],"predecessor-version":[{"id":3329,"href":"https:\/\/bletz.lu\/fr\/wp-json\/wp\/v2\/pages\/1104\/revisions\/3329"}],"up":[{"embeddable":true,"href":"https:\/\/bletz.lu\/fr\/wp-json\/wp\/v2\/pages\/525"}],"wp:attachment":[{"href":"https:\/\/bletz.lu\/fr\/wp-json\/wp\/v2\/media?parent=1104"}],"wp:term":[{"taxonomy":"category","embeddable":true,"href":"https:\/\/bletz.lu\/fr\/wp-json\/wp\/v2\/categories?post=1104"},{"taxonomy":"post_tag","embeddable":true,"href":"https:\/\/bletz.lu\/fr\/wp-json\/wp\/v2\/tags?post=1104"}],"curies":[{"name":"wp","href":"https:\/\/api.w.org\/{rel}","templated":true}]}}