{"id":18,"date":"2013-10-29T23:17:05","date_gmt":"2013-10-29T22:17:05","guid":{"rendered":"http:\/\/www.bletz.lu\/?page_id=18"},"modified":"2019-08-19T16:40:40","modified_gmt":"2019-08-19T14:40:40","slug":"tipps-fir-den-emgang-mat","status":"publish","type":"page","link":"https:\/\/bletz.lu\/fr\/tipps-fir-den-emgang-mat\/","title":{"rendered":"Approcher une personne atteinte d&rsquo;une l\u00e9sion c\u00e9r\u00e9brale"},"content":{"rendered":"<p><\/p>\n<p><br \/><\/p>\n<h6>Nous remercions Madame Barbara Pl\u00fcckhahn de la maison d\u2018\u00e9dition Knaur Mens Sana pour la permission d\u2018utiliser des extraits du livre suivant :<\/h6>\n<h1>Dr. Jill B. Taylor\u00a0: \u00ab\u00a0Mit einem Schlag\u00a0\u00bb (\u00ab\u00a0D\u2019un seul coup\u00a0\u00bb)<\/h1>\n<h2>APPELS URGENTS &#8211; A L\u2018H\u00d4PITAL\u00a0 :<\/h2>\n<ol>\n<li>Rapprochez-vous de moi, parlez lentement et distinctement.<\/li>\n<li>N\u2019h\u00e9sitez pas \u00e0 r\u00e9p\u00e9ter vos paroles, consid\u00e9rez-moi comme un d\u00e9butant en route pour apprendre.<\/li>\n<li>Faites attention aux messages que me renvoient votre corps et votre visage.<\/li>\n<li>Regardez-moi dans les yeux\u00a0; j\u2019habite mon corps, il suffit de m\u2019y chercher. Encouragez-moi.<\/li>\n<li>Touchez-moi avec prudence et acceptez ce lien physique.<\/li>\n<li>Prot\u00e9gez mon potentiel en \u00e9nergie en supprimant ses sources d\u00e9voratrices comme la radio, la t\u00e9l\u00e9 ou des visiteurs \u00e9nerv\u00e9s. Limitez vos visites \u00e0 5 minutes.<\/li>\n<li>Servez-vous du toucher pour me faire appr\u00e9hender le monde comme le fait le nourrisson que je suis redevenu.<\/li>\n<li>Faites confiance aux capacit\u00e9s de progression intellectuelle de mon cerveau.<\/li>\n<li>Soignez le lien avec ma famille, avec mes amis et mes connaissances. Affichez leurs cartes d\u2018encouragement et leurs photos \u00e0 des endroits bien visibles pour moi.<\/li>\n<li>Aimez-moi comme je suis maintenant, en ce moment m\u00eame.<\/li>\n<\/ol>\n<h2>APPELS URGENTS &#8211; LA VIE DE TOUS LES JOURS :<\/h2>\n<ol>\n<li>Je ne suis ni b\u00eate ni sourd, je suis bless\u00e9. Respectez-moi et n\u2018\u00e9levez pas votre voix, s\u2018il vous pla\u00eet.<\/li>\n<li>Restez patients lors de mon apprentissage, \u00e0 la 20\u00e8me s\u00e9ance comme \u00e0 la premi\u00e8re.<\/li>\n<li>A chaque fois que je me sens plein d\u2018\u00e9nergie stimulez mon cerveau pour me permettre de nouveaux apprentissages; mais attention, m\u00eame les moindres efforts me fatiguent et m\u2018\u00e9puisent.<\/li>\n<li>Faites confiance \u00e0 ma d\u00e9termination \u00e0 m\u2018entra\u00eener, m\u00eame si ce n\u2018est ni \u00e0 votre rythme, ni avec vos comp\u00e9tences.<\/li>\n<li>Posez-moi des questions ouvertes \u00e0 r\u00e9ponses multiples; \u00e9vitez les questions ferm\u00e9es \u00e0 oui\/non.<\/li>\n<li>Adressez-vous directement \u00e0 moi sans parler \u00e0 autrui sur moi.<\/li>\n<li>Encouragez-moi. Comptez sur ma compl\u00e8te gu\u00e9rison, m\u00eame si elle prendra 20 ans.<\/li>\n<li>S\u2018il vous pla\u00eet, ne terminez pas mes phrases et ne compl\u00e8tez pas les mots que je peine \u00e0 trouver. Je dois entra\u00eener mon cerveau.<\/li>\n<li>Acceptez que j\u2018exag\u00e8re parfois ma capacit\u00e9 \u00e0 comprendre, en passant \u00e0 c\u00f4t\u00e9 de la r\u00e9alit\u00e9.<\/li>\n<li>Aimez-moi comme je suis maintenant, \u00e0 ce moment-m\u00eame. Ne me demandez pas d\u2018 \u00eatre comme je fus autrefois.\u00a0 Mon cerveau a chang\u00e9.<\/li>\n<li>Tenez compte du fait que ce sont peut-\u00eatre les m\u00e9dicaments qui me fatiguent ou qui m\u2018emp\u00eachent de me sentir identique \u00e0 moi-m\u00eame.<\/li>\n<li>F\u00e9licitez-moi pour tous mes petits succ\u00e8s, cela m\u2018encouragera.<\/li>\n<\/ol>\n<p>Visionnez ici la pr\u00e9senration de Dr Jill B. Taylor<br \/><iframe loading=\"lazy\" title=\"Jill Bolte Taylor: La puissante introspection de Jill Bolte Taylor\" src=\"https:\/\/embed.ted.com\/talks\/lang\/fr\/jill_bolte_taylor_my_stroke_of_insight\" sandbox=\"allow-popups allow-scripts allow-same-origin\" width=\"1179\" height=\"663\" frameborder=\"0\" scrolling=\"no\" webkitAllowFullScreen mozallowfullscreen allowFullScreen><\/iframe><\/p>\n<span class=\"embed-youtube\" style=\"text-align:center; display: block;\"><iframe loading=\"lazy\" class=\"youtube-player\" width=\"1180\" height=\"664\" src=\"https:\/\/www.youtube.com\/embed\/OGyOKItHS9Y?version=3&#038;rel=1&#038;showsearch=0&#038;showinfo=1&#038;iv_load_policy=1&#038;fs=1&#038;hl=fr-FR&#038;autohide=2&#038;wmode=transparent\" allowfullscreen=\"true\" style=\"border:0;\" sandbox=\"allow-scripts allow-same-origin allow-popups allow-presentation allow-popups-to-escape-sandbox\"><\/iframe><\/span>\n<p><\/p>\n\n<h3>\u00c0 Consulter \u00e9galement: <\/h3>\n\n\n<ul class=\"wp-block-list\"><li><a href=\"http:\/\/www.sante.lu\" target=\"_blank\" rel=\"noreferrer noopener\">www.sante.lu<\/a><\/li><li><a href=\"http:\/\/www.sport-sante.lu\/index.php\/fr\/\" target=\"_blank\" rel=\"noreferrer noopener\">www.sport-sante.lu<\/a><\/li><li><a href=\"http:\/\/www.schlaganfall.de\" target=\"_blank\" rel=\"noreferrer noopener\">www.schlaganfall.de<\/a><\/li><li><a href=\"http:\/\/www.franceavc.com\" target=\"_blank\" rel=\"noreferrer noopener\">www.franceavc.com<\/a><\/li><li><a href=\"http:\/\/www.apotheken-umschau.de\/Schlaganfall\">Schlaganfall auf Apotheken-Umschau<\/a><\/li><li><a href=\"http:\/\/www.fragile.ch\/suisse\/\" target=\"_blank\" rel=\"noreferrer noopener\">www.fragile.ch<\/a><\/li><li><a href=\"http:\/\/www.la-press.com\/stroke-awareness-in-luxemburg-deficit-concerning-symptoms-and-risk-fac-article-a4500-abstract\" target=\"_blank\" rel=\"noreferrer noopener\">http:\/\/www.la-press.com\/stroke-awareness-in-luxemburg-deficit-concerning-symptoms-and-risk-fac-article-a4500-abstract<\/a><\/li><li><a href=\"https:\/\/www.facebook.com\/Portugal-AVC-1791315541126608\/\">Portugal AVC<\/a><\/li><\/ul>\n","protected":false},"excerpt":{"rendered":"<p>Nous remercions Madame Barbara Pl\u00fcckhahn de la maison d\u2018\u00e9dition Knaur Mens Sana pour la permission d\u2018utiliser des extraits du livre suivant : Dr. Jill B. Taylor\u00a0: \u00ab\u00a0Mit einem Schlag\u00a0\u00bb (\u00ab\u00a0D\u2019un [&hellip;]<\/p>\n","protected":false},"author":2,"featured_media":0,"parent":0,"menu_order":0,"comment_status":"closed","ping_status":"closed","template":"","meta":{"jetpack_post_was_ever_published":false,"footnotes":""},"categories":[],"tags":[],"class_list":["post-18","page","type-page","status-publish","hentry"],"jetpack_shortlink":"https:\/\/wp.me\/P3uDnz-i","jetpack_sharing_enabled":true,"_links":{"self":[{"href":"https:\/\/bletz.lu\/fr\/wp-json\/wp\/v2\/pages\/18","targetHints":{"allow":["GET"]}}],"collection":[{"href":"https:\/\/bletz.lu\/fr\/wp-json\/wp\/v2\/pages"}],"about":[{"href":"https:\/\/bletz.lu\/fr\/wp-json\/wp\/v2\/types\/page"}],"author":[{"embeddable":true,"href":"https:\/\/bletz.lu\/fr\/wp-json\/wp\/v2\/users\/2"}],"replies":[{"embeddable":true,"href":"https:\/\/bletz.lu\/fr\/wp-json\/wp\/v2\/comments?post=18"}],"version-history":[{"count":23,"href":"https:\/\/bletz.lu\/fr\/wp-json\/wp\/v2\/pages\/18\/revisions"}],"predecessor-version":[{"id":62997,"href":"https:\/\/bletz.lu\/fr\/wp-json\/wp\/v2\/pages\/18\/revisions\/62997"}],"wp:attachment":[{"href":"https:\/\/bletz.lu\/fr\/wp-json\/wp\/v2\/media?parent=18"}],"wp:term":[{"taxonomy":"category","embeddable":true,"href":"https:\/\/bletz.lu\/fr\/wp-json\/wp\/v2\/categories?post=18"},{"taxonomy":"post_tag","embeddable":true,"href":"https:\/\/bletz.lu\/fr\/wp-json\/wp\/v2\/tags?post=18"}],"curies":[{"name":"wp","href":"https:\/\/api.w.org\/{rel}","templated":true}]}}