{"id":358,"date":"2014-02-18T16:46:36","date_gmt":"2014-02-18T15:46:36","guid":{"rendered":"http:\/\/www.bletz.lu\/?page_id=358"},"modified":"2014-06-24T20:29:48","modified_gmt":"2014-06-24T18:29:48","slug":"orthophonie","status":"publish","type":"page","link":"https:\/\/bletz.lu\/fr\/comite-scientifique\/orthophonie\/","title":{"rendered":"Orthophonie"},"content":{"rendered":"<p class=\"qtranxs-available-languages-message qtranxs-available-languages-message-fr\">D\u00e9sol\u00e9, cet article est seulement disponible en <a href=\"https:\/\/bletz.lu\/de\/wp-json\/wp\/v2\/pages\/358\" class=\"qtranxs-available-language-link qtranxs-available-language-link-de\" title=\"Deutsch\">Deutsch<\/a> et <a href=\"https:\/\/bletz.lu\/lu\/wp-json\/wp\/v2\/pages\/358\" class=\"qtranxs-available-language-link qtranxs-available-language-link-lu\" title=\"L\u00ebtzebuergesch\">L\u00ebtzebuergesch<\/a>. Pour le confort de l\u2019utilisateur, le contenu est affich\u00e9 ci-dessous dans la langue par d\u00e9faut du site. Vous pouvez cliquer l\u2019un des liens pour changer la langue du site en une autre langue disponible.<\/p>\n<p><a href=\"http:\/\/bletz.lu\/wp-content\/uploads\/2014\/02\/Was-ist-eine-Aphasie.pdf\">Ortophonie &#8211; Was ist eine Aphasie<\/a><\/p>\n","protected":false},"excerpt":{"rendered":"<p>D\u00e9sol\u00e9, cet article est seulement disponible en Deutsch et L\u00ebtzebuergesch. Pour le confort de l\u2019utilisateur, le contenu est affich\u00e9 ci-dessous dans la langue par d\u00e9faut du site. Vous pouvez cliquer [&hellip;]<\/p>\n","protected":false},"author":2,"featured_media":0,"parent":501,"menu_order":0,"comment_status":"open","ping_status":"closed","template":"","meta":{"jetpack_post_was_ever_published":false,"footnotes":""},"categories":[],"tags":[],"class_list":["post-358","page","type-page","status-publish","hentry"],"jetpack_shortlink":"https:\/\/wp.me\/P3uDnz-5M","jetpack_sharing_enabled":true,"_links":{"self":[{"href":"https:\/\/bletz.lu\/fr\/wp-json\/wp\/v2\/pages\/358","targetHints":{"allow":["GET"]}}],"collection":[{"href":"https:\/\/bletz.lu\/fr\/wp-json\/wp\/v2\/pages"}],"about":[{"href":"https:\/\/bletz.lu\/fr\/wp-json\/wp\/v2\/types\/page"}],"author":[{"embeddable":true,"href":"https:\/\/bletz.lu\/fr\/wp-json\/wp\/v2\/users\/2"}],"replies":[{"embeddable":true,"href":"https:\/\/bletz.lu\/fr\/wp-json\/wp\/v2\/comments?post=358"}],"version-history":[{"count":2,"href":"https:\/\/bletz.lu\/fr\/wp-json\/wp\/v2\/pages\/358\/revisions"}],"predecessor-version":[{"id":361,"href":"https:\/\/bletz.lu\/fr\/wp-json\/wp\/v2\/pages\/358\/revisions\/361"}],"up":[{"embeddable":true,"href":"https:\/\/bletz.lu\/fr\/wp-json\/wp\/v2\/pages\/501"}],"wp:attachment":[{"href":"https:\/\/bletz.lu\/fr\/wp-json\/wp\/v2\/media?parent=358"}],"wp:term":[{"taxonomy":"category","embeddable":true,"href":"https:\/\/bletz.lu\/fr\/wp-json\/wp\/v2\/categories?post=358"},{"taxonomy":"post_tag","embeddable":true,"href":"https:\/\/bletz.lu\/fr\/wp-json\/wp\/v2\/tags?post=358"}],"curies":[{"name":"wp","href":"https:\/\/api.w.org\/{rel}","templated":true}]}}