{"id":501,"date":"2014-04-04T14:03:28","date_gmt":"2014-04-04T12:03:28","guid":{"rendered":"http:\/\/www.bletz.lu\/?page_id=501"},"modified":"2020-01-27T18:46:35","modified_gmt":"2020-01-27T17:46:35","slug":"comite-scientifique","status":"publish","type":"page","link":"https:\/\/bletz.lu\/fr\/comite-scientifique\/","title":{"rendered":"Comit\u00e9 scientifique"},"content":{"rendered":"<p><strong>Qu\u2019est-ce un comit\u00e9 scientifique ?<\/strong> Le comit\u00e9 scientifique r\u00e9unit les repr\u00e9sentants des associations professionnelles agissant dans les domaines de la m\u00e9decine (par ex. la soci\u00e9t\u00e9 luxembourgeoise de cardiologie), de la r\u00e9habilitation (par ex. l\u2019association luxembourgeoise des ergoth\u00e9rapeutes) et des soins (par ex. Steftung H\u00ebllef Doheem). Ces d\u00e9l\u00e9gu\u00e9s, au nombre de deux, un repr\u00e9sentant et un rempla\u00e7ant, ont \u00e9t\u00e9 choisis par les associations elles-m\u00eames pour mettre leur comp\u00e9tence au service de \u00ab Bl\u00ebtz \u00bb :<\/p>\n<ul>\n<li style=\"list-style-type: none;\">\n<ul>Ils organisent dans le cadre mis \u00e0 la disposition par Bl\u00ebtz des s\u00e9ances d\u2019information et participent \u00e0 des \u00e9changes \u00e0 ce sujet.<\/ul>\n<\/li>\n<\/ul>\n<ul>\n<li style=\"list-style-type: none;\">\n<ul>En tant qu\u2019experts ils doivent valider le mat\u00e9riel d\u2019information et d\u2019\u00e9ducation produit par Bl\u00ebtz.<\/ul>\n<\/li>\n<\/ul>\n<ul>\n<li style=\"list-style-type: none;\">\n<ul>Ils collaborent avec Bl\u00ebtz sur des projets \u00e0 vis\u00e9e \u00e9ducative ou scientifique d\u2019un int\u00e9r\u00eat commun.<\/ul>\n<\/li>\n<\/ul>\n<ul>\n<li style=\"list-style-type: none;\">\n<ul>En r\u00e8gle g\u00e9n\u00e9rale, ces professionnels ne se pr\u00e9sentent pas aux \u00e9lections des membres du comit\u00e9, sauf s\u2019ils sont retrait\u00e9s.<\/ul>\n<ul>Leur collaboration avec Bl\u00ebtz reste consultative et n\u2019a pas de lien avec leur pratique priv\u00e9e r\u00e9mun\u00e9r\u00e9e, ceci afin de garantir l\u2019ind\u00e9pendance des deux parties.<\/ul>\n<\/li>\n<\/ul>\n<p><b>Comit\u00e9 Scientifique de Bl\u00ebtz asbl<\/b> en formation Membres :<\/p>\n<p><br \/><\/p>\n<ul>\n<li>experts neurologie : Dr. Dirk Droste (<a href=\"https:\/\/www.chl.lu\/fr\/docteur-droste-pr-dr-au%3Ferpl-pr-univ-munster-dirk\" target=\"_blank\" rel=\"noopener noreferrer\">page professionnelle<\/a>) Dr. Michel Hoffmann (publication: Dr. Droste, Dr. Hoffmann et al.: <a href=\"http:\/\/bletz.lu\/wp-content\/uploads\/2014\/04\/Dorste-D.-Hoffmann-M.-De-Gehirschlag.pdf\" target=\"_blank\" rel=\"noopener noreferrer\"><em>De Gehirschlag &#8211; en Noutfall<\/em><\/a>) Dr. Dirk Ulbricht (<a href=\"https:\/\/www.chem.lu\/trouver-un-medecin\/dr-dirk-ulbricht\" target=\"_blank\" rel=\"noopener noreferrer\">page professionnelle<\/a>), Dr. Monique Reiff (CHL\/SAFE), Dr. Martine Zeyen (HRS)<\/li>\n<\/ul>\n<ul>\n<li>expert m\u00e9decine r\u00e9adaptation: Dr. Fr\u00e9d\u00e9ric Chantraine (Rehazenter), Dr. Danielle Ledesch-Camus (CHdN), Dr. Yassine Bouhnik (CHEM)<\/li>\n<\/ul>\n<ul>\n<li>expert neurochirurgie: Dr. Frank Hertel (CHL) (<a href=\"http:\/\/www.chl.lu\/Dr-Hertel-Frank\" target=\"_blank\" rel=\"noopener noreferrer\">page professionnelle<\/a>) (<a title=\"28. Juni 2014 \u2013 Dr. Hertel\" href=\"http:\/\/bletz.lu\/?page_id=831\">Link zur Konferenz vom 28. Juni 2014<\/a>), Dr. Harald Standhardt (CHL)<\/li>\n<li>experts neuroradiologie: Dr. Fr\u00e9d\u00e9ric Mataigne (CHL), Dr. Nidhal Ben Achour (CHL)<\/li>\n<li>expert cardiologue: Dr. Jean Beissel (<a href=\"https:\/\/www.chl.lu\/fr\/docteur-beissel-jean\" target=\"_blank\" rel=\"noopener noreferrer\">page professionnelle<\/a>) (Affiche <a href=\"http:\/\/bletz.lu\/wp-content\/uploads\/2014\/04\/affiche-JC2014_pdf.pdf\" target=\"_blank\" rel=\"noopener noreferrer\">World Heart Day 2014 (PDF)<\/a>)<\/li>\n<li>experts Stroke-Units: Patrice Lep\u00e8re (CHL), Nadine Scholtes (CHEM), Gilles Martin (ChdN), Alina Enita (HRS)\u00a0<\/li>\n<li>expertes orthophonie: Myriam Kieffer (<a title=\"Orthophonie\" href=\"http:\/\/bletz.lu\/?page_id=358\">experte de l&rsquo;ALO, cliquez ici pour plus d&rsquo;informations<\/a>) Renate Bartolini publication Kieffer, M. et Bartolini R.: <a href=\"http:\/\/bletz.lu\/wp-content\/uploads\/2014\/04\/Kieffer-M.-Bartolini-R.-Was-ist-eine-Aphasie.pdf\" target=\"_blank\" rel=\"noopener noreferrer\"><em>Was ist eine Aphasie?<\/em><\/a>, Anne Schmit (CHEM\/Esch), Leslie Rein (CHdN), Aline Bernard (HRS)\n<div class=\"page\" title=\"Page 1\">\u00a0<\/div>\n<\/li>\n<li>expertes psychomotricit\u00e9: Tilly Jodocy (<a title=\"Psychomotricit\u00e9\" href=\"http:\/\/bletz.lu\/?page_id=353\">experte de l&rsquo;ALPD; hei klicken fir m\u00e9i Informatiounen<\/a>) (publication: Jodocy, T. et Raus-Schmit, J.: <a href=\"http:\/\/bletz.lu\/wp-content\/uploads\/2014\/04\/BLETZ-presentation_psychomotricite.pdf\" target=\"_blank\" rel=\"noopener noreferrer\"><em>Pr\u00e9sentation psychomotricit\u00e9<\/em><\/a>),Mireille Sarrazin (Rehazenter), Berangere Nichil (CHEM\/Dudelange), Manuela Schneider (HRS)<\/li>\n<\/ul>\n<ul>\n<li>expertes psychologie, neuropsychologie, sophrologie: Dr. Anne-Marie Schuller (neuropsychologue, psychologue), Dr. Mich\u00e8le Pisani (neuropsychologue, psychologue, sophrologue) publication: Schuller, A-M. et Pisani, M.: <a href=\"http:\/\/bletz.lu\/wp-content\/uploads\/2014\/04\/Schuller-A-M-Pisani-M-Neurospychologie.pdf\"><em>Neuropsychologie &#8211; Quelle prise en charge [&#8230;]<\/em><\/a> \/ <a href=\"https:\/\/www.slp.lu\/e-psycholog-fannen\/\" target=\"_blank\" rel=\"noopener noreferrer\">Sicht Dir en Psycholog? &#8211; klickt hei<\/a>, Patricia Santos (neuropsychologue, sophrologue\/CHdN), Vannina Pieri (neuropsychologue\/CHL), Romaine Birden (psychologue, neuropsychologue, psychoth\u00e9rapeute\/CHEM), Alessandra Lops (neuropsychologue\/HRS)<\/li>\n<\/ul>\n<ul>\n<li>experte en ergoth\u00e9rapie : <a title=\"Ergotherapie\" href=\"http:\/\/bletz.lu\/?page_id=785\">Doroth\u00e9a Hemmer<\/a>, Simone Theis (ChdN), Laurent Beer (Rehazenter)<\/li>\n<\/ul>\n<ul>\n<li>expert kin\u00e9sith\u00e9rapie : Sylvie Jackmuth, Bettina Pratt, Xavier Masson (Rehazenter), Ralph Delire (CHL), Fran\u00e7oise Schmickrath (CHEM\/ Esch), Emanuelle Guiges (CHEM\/Dudelange), Lena Schmitt (HRS)<\/li>\n<\/ul>\n<ul>\n<li>expert orthoptie: Sophie Antoine (Rehazenter)<\/li>\n<li>assistante sociale: Yasmine Finck, Monique Gloden, Fran\u00e7oise Schintgen (Rehazenter), Marilyn Fran\u00e7ois (CHEM\/Esch), Catherine Jungen (CHEM\/Dudelange)<\/li>\n<\/ul>\n<ul>\n<li>expertes di\u00e9t\u00e9ticienne: Monica Teixeira Morais (CHEM), Anne-Liss Borschette (CHdN), St\u00e9phanie Rosquin (CHL), Cynthia Schweich &amp; Brigitte Trommer (HRS)<\/li>\n<\/ul>\n<ul>\n<li>expert sciences musicales: Camille Kerger<\/li>\n<\/ul>\n<p><\/p>\n\n\n<p><\/p>\n","protected":false},"excerpt":{"rendered":"<p>Qu\u2019est-ce un comit\u00e9 scientifique ? Le comit\u00e9 scientifique r\u00e9unit les repr\u00e9sentants des associations professionnelles agissant dans les domaines de la m\u00e9decine (par ex. la soci\u00e9t\u00e9 luxembourgeoise de cardiologie), de la [&hellip;]<\/p>\n","protected":false},"author":2,"featured_media":0,"parent":0,"menu_order":0,"comment_status":"closed","ping_status":"closed","template":"","meta":{"jetpack_post_was_ever_published":false,"footnotes":""},"categories":[],"tags":[],"class_list":["post-501","page","type-page","status-publish","hentry"],"jetpack_shortlink":"https:\/\/wp.me\/P3uDnz-85","jetpack_sharing_enabled":true,"_links":{"self":[{"href":"https:\/\/bletz.lu\/fr\/wp-json\/wp\/v2\/pages\/501","targetHints":{"allow":["GET"]}}],"collection":[{"href":"https:\/\/bletz.lu\/fr\/wp-json\/wp\/v2\/pages"}],"about":[{"href":"https:\/\/bletz.lu\/fr\/wp-json\/wp\/v2\/types\/page"}],"author":[{"embeddable":true,"href":"https:\/\/bletz.lu\/fr\/wp-json\/wp\/v2\/users\/2"}],"replies":[{"embeddable":true,"href":"https:\/\/bletz.lu\/fr\/wp-json\/wp\/v2\/comments?post=501"}],"version-history":[{"count":60,"href":"https:\/\/bletz.lu\/fr\/wp-json\/wp\/v2\/pages\/501\/revisions"}],"predecessor-version":[{"id":63547,"href":"https:\/\/bletz.lu\/fr\/wp-json\/wp\/v2\/pages\/501\/revisions\/63547"}],"wp:attachment":[{"href":"https:\/\/bletz.lu\/fr\/wp-json\/wp\/v2\/media?parent=501"}],"wp:term":[{"taxonomy":"category","embeddable":true,"href":"https:\/\/bletz.lu\/fr\/wp-json\/wp\/v2\/categories?post=501"},{"taxonomy":"post_tag","embeddable":true,"href":"https:\/\/bletz.lu\/fr\/wp-json\/wp\/v2\/tags?post=501"}],"curies":[{"name":"wp","href":"https:\/\/api.w.org\/{rel}","templated":true}]}}