{"id":62291,"date":"2018-10-29T11:15:10","date_gmt":"2018-10-29T10:15:10","guid":{"rendered":"http:\/\/bletz.lu\/?page_id=62291"},"modified":"2018-10-29T11:15:10","modified_gmt":"2018-10-29T10:15:10","slug":"donate","status":"publish","type":"page","link":"https:\/\/bletz.lu\/fr\/donate\/","title":{"rendered":"En Don maan &#8211; Spenden Sie &#8211; Faire un Don"},"content":{"rendered":"<p style=\"text-align: center;\"><strong>En Don maan &#8211; Spenden Sie &#8211; Faire un Don<\/strong><\/p>\n\n<table id=\"tablepress-9\" class=\"tablepress tablepress-id-9\">\n<thead>\n<tr class=\"row-1\">\n\t<th class=\"column-1\">per Virement \u2013 per Bank\u00fcberweisung \u2013 par virement bancaire:<\/th><th class=\"column-2\">oder per PayPal \u2013 ou par PayPal:<\/th>\n<\/tr>\n<\/thead>\n<tbody class=\"row-striping row-hover\">\n<tr class=\"row-2\">\n\t<td class=\"column-1\">LU84 1111 7009 1792 0000<br \/>\nCCPLLULL<\/td><td class=\"column-2\"><form action=\"https:\/\/www.paypal.com\/cgi-bin\/webscr\" method=\"post\" target=\"_top\"><br \/>\n<input type=\"hidden\" name=\"cmd\" value=\"_s-xclick\"><br \/>\n<input type=\"hidden\" name=\"hosted_button_id\" value=\"LE8UDU3NYA4FA\"><br \/>\n<input type=\"image\" src=\"https:\/\/www.paypalobjects.com\/en_US\/i\/btn\/btn_donateCC_LG.gif\" border=\"0\" name=\"submit\" alt=\"PayPal - The safer, easier way to pay online!\"><br \/>\n<img loading=\"lazy\" decoding=\"async\" alt=\"\" border=\"0\" src=\"https:\/\/www.paypalobjects.com\/de_DE\/i\/scr\/pixel.gif\" width=\"1\" height=\"1\"><br \/>\n<\/form><\/td>\n<\/tr>\n<\/tbody>\n<\/table>\n<!-- #tablepress-9 from cache -->\n<h4 style=\"text-align: center;\"><\/h4>\n<h4 style=\"text-align: center;\">Bl\u00ebtz a.s.b.l. seet Iech villmools merci fir \u00c4r \u00cbnnerst\u00ebtzung. &#8211; Bl\u00ebtz a.s.b.l. dankt Ihnen f\u00fcr Ihre Unterst\u00fctzung. &#8211; Bl\u00ebtz a.s.b.l. vous remercie pour votre soutien.<\/h4>\n","protected":false},"excerpt":{"rendered":"<p>En Don maan &#8211; Spenden Sie &#8211; Faire un Don Bl\u00ebtz a.s.b.l. seet Iech villmools merci fir \u00c4r \u00cbnnerst\u00ebtzung. &#8211; Bl\u00ebtz a.s.b.l. dankt Ihnen f\u00fcr Ihre Unterst\u00fctzung. &#8211; Bl\u00ebtz a.s.b.l. [&hellip;]<\/p>\n","protected":false},"author":2,"featured_media":0,"parent":0,"menu_order":0,"comment_status":"closed","ping_status":"closed","template":"","meta":{"jetpack_post_was_ever_published":false,"footnotes":""},"categories":[],"tags":[],"class_list":["post-62291","page","type-page","status-publish","hentry"],"jetpack_shortlink":"https:\/\/wp.me\/P3uDnz-gcH","jetpack_sharing_enabled":true,"_links":{"self":[{"href":"https:\/\/bletz.lu\/fr\/wp-json\/wp\/v2\/pages\/62291","targetHints":{"allow":["GET"]}}],"collection":[{"href":"https:\/\/bletz.lu\/fr\/wp-json\/wp\/v2\/pages"}],"about":[{"href":"https:\/\/bletz.lu\/fr\/wp-json\/wp\/v2\/types\/page"}],"author":[{"embeddable":true,"href":"https:\/\/bletz.lu\/fr\/wp-json\/wp\/v2\/users\/2"}],"replies":[{"embeddable":true,"href":"https:\/\/bletz.lu\/fr\/wp-json\/wp\/v2\/comments?post=62291"}],"version-history":[{"count":5,"href":"https:\/\/bletz.lu\/fr\/wp-json\/wp\/v2\/pages\/62291\/revisions"}],"predecessor-version":[{"id":62299,"href":"https:\/\/bletz.lu\/fr\/wp-json\/wp\/v2\/pages\/62291\/revisions\/62299"}],"wp:attachment":[{"href":"https:\/\/bletz.lu\/fr\/wp-json\/wp\/v2\/media?parent=62291"}],"wp:term":[{"taxonomy":"category","embeddable":true,"href":"https:\/\/bletz.lu\/fr\/wp-json\/wp\/v2\/categories?post=62291"},{"taxonomy":"post_tag","embeddable":true,"href":"https:\/\/bletz.lu\/fr\/wp-json\/wp\/v2\/tags?post=62291"}],"curies":[{"name":"wp","href":"https:\/\/api.w.org\/{rel}","templated":true}]}}