{"id":65557,"date":"2020-12-30T14:54:00","date_gmt":"2020-12-30T13:54:00","guid":{"rendered":"https:\/\/bletz.lu\/?page_id=65557"},"modified":"2025-09-22T12:27:50","modified_gmt":"2025-09-22T10:27:50","slug":"wer-sind-wir","status":"publish","type":"page","link":"https:\/\/bletz.lu\/fr\/wer-sind-wir\/","title":{"rendered":"Qui sommes-nous?"},"content":{"rendered":"<p>[vc_row full_width=\u00a0\u00bbstretch_row_content\u00a0\u00bb gap=\u00a0\u00bb10&Prime; equal_height=\u00a0\u00bbyes\u00a0\u00bb content_placement=\u00a0\u00bbtop\u00a0\u00bb el_id=\u00a0\u00bbmission\u00a0\u00bb][vc_column width=\u00a0\u00bb1\/4&Prime; css=\u00a0\u00bb.vc_custom_1609337617605{background-position: center !important;background-repeat: no-repeat !important;background-size: cover !important;}\u00a0\u00bb] <h1 style=\"color:#ffbb00;padding:px;text-align:center;font-size:px;line-height:px;letter-spacing: px;font-weight:bold\" class=\"   nd_options_first_font \">Mission<\/h1> [\/vc_column][vc_column width=\u00a0\u00bb3\/4&Prime;][vc_column_text]<br \/>\n<b>Quelle est la mission de \u201eBl\u00ebtz a.s.b.l.\u201c? <\/b><\/p>\n<ul>\n<li>Bl\u00ebtz a.s.b.l. est plac\u00e9e sous le Haut Patronage de Son Altesse Royale la Grande-Duchesse H\u00e9riti\u00e8re.<\/li>\n<li>L\u2019objectif de l\u2019association est d\u2019offrir une aide et un soutien aux victimes d\u2019AVC, aux enfants, aux adolescents, aux adultes et \u00e0 leurs familles durant TOUTES les \u00e9tapes de la maladie.<\/li>\n<li>Elle fait conna\u00eetre au public les probl\u00e8mes li\u00e9s aux l\u00e9sions c\u00e9r\u00e9brales ainsi que les besoins que ces l\u00e9sions font na\u00eetre.<\/li>\n<li>\u00a0Tout don \u00e0 Bl\u00ebtz a.s.b.l., qui est reconnue d\u2019utilit\u00e9 publique, est d\u00e9ductible des imp\u00f4ts.<\/li>\n<li>Bl\u00ebtz a.s.b.l. est membre du \u00ab Conseil sup\u00e9rieur des personnes handicap\u00e9es \u00bb,<\/li>\n<li>Membre de \u00ab Info-Handicap \u00bb,<\/li>\n<li>Membre fondateur et membre de \u00ab FLASS \u00bb (F\u00e9d\u00e9ration Luxembourgeoise des Associations de Sport de Sant\u00e9),<\/li>\n<li>Membre fondateur et membre de \u00ab CAPAT \u00bb (Cercle des Associations de Patients),<\/li>\n<li>Membre de \u00ab SAFE \u00bb (Stroke Alliance for Europe) depuis 2016.<\/li>\n<\/ul>\n<p>SAFE a \u00e9t\u00e9 fond\u00e9e \u00e0 Bruxelles en 2004 et repr\u00e9sente actuellement 36 membres de 33 pays europ\u00e9ens. Pour le Luxembourg, la pr\u00e9sidente Chantal Keller et la neurologue Dr Monique Reiff (CHL) participent r\u00e9guli\u00e8rement aux r\u00e9unions et s\u00e9minaires scientifiques afin d\u2019\u00eatre toujours \u00e0 la pointe de la recherche.<\/p>\n<p><strong>Bl\u00ebtz a.s.b.l. respecte une stricte neutralit\u00e9 id\u00e9ologique, politique et religieuse.<\/strong><\/p>\n<p>[\/vc_column_text][\/vc_column][\/vc_row][vc_row full_width=\u00a0\u00bbstretch_row_content\u00a0\u00bb][vc_column][vc_zigzag color=\u00a0\u00bborange\u00a0\u00bb][\/vc_column][\/vc_row][vc_row full_width=\u00a0\u00bbstretch_row_content\u00a0\u00bb equal_height=\u00a0\u00bbyes\u00a0\u00bb content_placement=\u00a0\u00bbtop\u00a0\u00bb el_id=\u00a0\u00bbpatronage\u00a0\u00bb][vc_column width=\u00a0\u00bb1\/3&Prime;] <h1 style=\"color:#ffbb00;padding:px;text-align:center;font-size:px;line-height:px;letter-spacing: px;font-weight:bold\" class=\"   nd_options_first_font \">Patronage \/ Schrimherrschaft<\/h1> [\/vc_column][vc_column width=\u00a0\u00bb1\/3&Prime;][vc_column_text]<br \/>\nNous avons eu le plaisir de f\u00eater les dix ann\u00e9es d\u2019existence de l\u2019association \u00ab Bl\u00ebtz \u00bb cette ann\u00e9e. C\u2019est un tournant symbolique et important qui inscrit l\u2019action de l\u2019association dans la dur\u00e9e. Et il y en a grand besoin car les accidents vasculaires c\u00e9r\u00e9braux (AVC) restent une des principales causes de d\u00e9c\u00e8s au Luxembourg : quatre personnes en sont victimes au Grand-Duch\u00e9 tous les jours !<br \/>\nDix ann\u00e9es de \u00ab Bl\u00ebtz \u00bb, c\u2019est dix ann\u00e9es d\u2019action contre l\u2019AVC.<br \/>\nDix ann\u00e9es d\u2019information du grand public sur l\u2019importance fondamentale de la d\u00e9tection pr\u00e9coce.<br \/>\nDix ann\u00e9es d\u2019aide et de soutien aux personnes qui en ont \u00e9t\u00e9 victimes.<br \/>\nDix ann\u00e9es d\u2019accompagnement de leurs familles et de leurs proches.<br \/>\nDix ann\u00e9es de sensibilisation pour veiller \u00e0 l\u2018int\u00e9gration des patients dans la soci\u00e9t\u00e9 et \u00e0 leur faciliter la vie.<br \/>\nDix ann\u00e9es d\u2019un travail exceptionnel men\u00e9 par la Pr\u00e9sidente, Madame Chantal Keller, son \u00e9quipe d\u2019ambassadeurs, les membres de son Comit\u00e9 scientifique et tous les membres sympathisants qui, je le rappelle, sont tous b\u00e9n\u00e9voles.<br \/>\nDix ann\u00e9es \u00e9coul\u00e9es, c\u2019est avant tout le bon moment pour vous dire \u00e0 toutes et \u00e0 tous \u00ab Merci \u00bb.<\/p>\n<p style=\"text-align: right;\">St\u00e9phanie Grande-Duchesse H\u00e9riti\u00e8re de Luxembourg<\/p>\n<p>[\/vc_column_text][vc_single_image image=\u00a0\u00bb65576&Prime; img_size=\u00a0\u00bbmedium\u00a0\u00bb add_caption=\u00a0\u00bbyes\u00a0\u00bb alignment=\u00a0\u00bbcenter\u00a0\u00bb][\/vc_column][vc_column width=\u00a0\u00bb1\/3&Prime;][vc_video link=\u00a0\u00bbhttps:\/\/www.youtube.com\/watch?v=IbwE4sQ7XMQ\u00a0\u00bb][\/vc_column][\/vc_row][vc_row full_width=\u00a0\u00bbstretch_row_content\u00a0\u00bb][vc_column][vc_zigzag color=\u00a0\u00bborange\u00a0\u00bb][\/vc_column][\/vc_row][vc_row full_width=\u00a0\u00bbstretch_row_content\u00a0\u00bb equal_height=\u00a0\u00bbyes\u00a0\u00bb content_placement=\u00a0\u00bbtop\u00a0\u00bb el_id=\u00a0\u00bbbotschafter\u00a0\u00bb][vc_column width=\u00a0\u00bb1\/3&Prime;] <h1 style=\"color:#ffbb00;padding:px;text-align:center;font-size:px;line-height:px;letter-spacing: px;font-weight:bold\" class=\"   nd_options_first_font \">Ambassdeurs<\/h1> [\/vc_column][vc_column width=\u00a0\u00bb1\/3&Prime;] <h2 style=\"color:;padding:px;text-align:center;font-size:px;line-height:px;letter-spacing: px;font-weight:bold\" class=\"    \">Ambassadrice Claudine Muno<\/h2> [vc_column_text]<br \/>\nCela me fait plaisir de pouvoir servir \u00ab Bl\u00ebtz \u00bb en tant qu\u2019ambassadrice, puisque l\u2019a.s.b.l. a \u00e9t\u00e9 un interlocuteur important pour moi lorsqu\u2019un membre de ma famille a souffert d\u2019un accident vasculaire c\u00e9r\u00e9bral il y a quelques ann\u00e9es. Su- bitement j\u2019ai \u00e9t\u00e9 confront\u00e9e \u00e0 de nombreuses interrogations et \u00ab Bl\u00ebtz \u00bb permet aux victimes d\u2019un AVC, ainsi qu\u2019\u00e0 leurs familles et \u00e0 leurs proches d\u2019\u00e9changer leurs exp\u00e9riences et de s\u2019informer. Dans mon entourage je connais d\u00e9sormais plusieurs personnes ayant souffert d\u2019un AVC l\u00e9ger ou plus s\u00e9v\u00e8re et cela a attir\u00e9 mon attention sur l\u2019importance que peut avoir la pr\u00e9vention, ainsi que la sensibilisation qui permettra au grand public d\u2019identifier plus ra- pidement les premiers sympt\u00f4mes d\u2019un AVC.<br \/>\nClaudine Muno a \u00e9crit un texte sur l\u2019aphasie. Elle a enregistr\u00e9 la chanson avec Remon Cavalllini<\/p>\n<p>[\/vc_column_text][vc_column_text]<\/p>\n<p style=\"text-align: center;\">\u201eVerstees de mech\u00a0\u00bb Claudine Muno \/ Remo Cavallini\u00a0\u00bb<\/p>\n<audio class=\"wp-audio-shortcode\" id=\"audio-65557-1\" preload=\"none\" style=\"width: 100%;\" controls=\"controls\"><source type=\"audio\/mpeg\" src=\"https:\/\/bletz.lu\/wp-content\/uploads\/2020\/10\/Verstees_de_mech.mp3?_=1\" \/><a href=\"https:\/\/bletz.lu\/wp-content\/uploads\/2020\/10\/Verstees_de_mech.mp3\">https:\/\/bletz.lu\/wp-content\/uploads\/2020\/10\/Verstees_de_mech.mp3<\/a><\/audio>\n<p>[\/vc_column_text][vc_single_image image=\u00a0\u00bb65581&Prime; img_size=\u00a0\u00bbmedium\u00a0\u00bb add_caption=\u00a0\u00bbyes\u00a0\u00bb alignment=\u00a0\u00bbcenter\u00a0\u00bb][\/vc_column][vc_column width=\u00a0\u00bb1\/3&Prime;] <h2 style=\"color:;padding:px;text-align:center;font-size:px;line-height:px;letter-spacing: px;font-weight:bold\" class=\"    \">Ambassadeur Pitt K\u00f6ller<\/h2> [vc_column_text]\u00c0 l\u2019\u00e2ge de 17 ans, j\u2019ai \u00e9t\u00e9 victime d\u2019un AVC, qui a litt\u00e9ralement transform\u00e9 ma vie d\u2019une minute \u00e0 l\u2018autre. Gr\u00e2ce \u00e0 l\u2019aide et au soutien de ma famille, de mes amis, du corps m\u00e9dical et de l\u2019a.s.b.l. Bl\u00ebtz, j\u2019ai peu \u00e0 peu appris \u00e0 accepter ma situation. Apr\u00e8s de multiples s\u00e9ances de r\u00e9habilitation, j\u2019ai d\u00fb accepter le fait que je ne serais sans doute plus jamais \u00e0 m\u00eame d\u2019utiliser ma main gauche comme j\u2019ai pu le faire avant. Dix ans apr\u00e8s, je souffre toujours de probl\u00e8mes au niveau de la motricit\u00e9 et certaines situations peuvent me mettre mal \u00e0 l\u2019aise.<br \/>\nCe qui me pr\u00e9occupait le plus au lendemain de l\u2019AVC, c\u2019\u00e9tait la crainte de ne plus jamais pou- voir jouer du trombone comme j\u2019ai pu le faire auparavant. J\u2019ai appris \u00e0 g\u00e9rer les d\u00e9ficits de ma main gauche et \u00e0 les compenser. Aujourd\u2019hui je profite de la vie, malgr\u00e9 ce coup du destin et je suis reconnaissant de savoir qu\u2019au final j\u2019ai \u00e9t\u00e9 et que je suis toujours plus fort que l\u2019AVC.<br \/>\nActuellement je poursuis des \u00e9tudes en Suisse pour devenir instituteur et il me tient \u00e0 coeur de parler ouvertement de mon AVC pendant mes stages pratiques pour sensibiliser les \u00e9l\u00e8ves \u00e0 cette th\u00e9matique.<br \/>\nJe suis beaucoup plus jeune que la moyenne des patients qui souffrent d\u2019un AVC et en tant qu\u2019ambassadeur, je voudrais r\u00e9futer l\u2019id\u00e9e re\u00e7ue selon laquelle un accident vasculaire c\u00e9r\u00e9bral ne peut affecter que certaines personnes \u00e0 risque. Je voudrais partager avec toutes les personnes concern\u00e9es un peu de ce courage que j\u2019ai acquis au cours des derni\u00e8res ann\u00e9es. Tout le monde peut \u00eatre victime d\u2019un AVC, m\u00eame toi! Il est important d\u2019unir nos forces pour faire passer le message !<\/p>\n<p>[\/vc_column_text][vc_single_image image=\u00a0\u00bb65582&Prime; img_size=\u00a0\u00bbmedium\u00a0\u00bb add_caption=\u00a0\u00bbyes\u00a0\u00bb alignment=\u00a0\u00bbcenter\u00a0\u00bb][\/vc_column][\/vc_row][vc_row full_width=\u00a0\u00bbstretch_row_content\u00a0\u00bb][vc_column][vc_zigzag color=\u00a0\u00bborange\u00a0\u00bb][\/vc_column][\/vc_row][vc_row full_width=\u00a0\u00bbstretch_row_content\u00a0\u00bb el_id=\u00a0\u00bbteambletz\u00a0\u00bb][vc_column width=\u00a0\u00bb1\/4&Prime;] <h1 style=\"color:#ffbb00;padding:px;text-align:center;font-size:px;line-height:px;letter-spacing: px;font-weight:bold\" class=\"   nd_options_first_font \">Team Bl\u00ebtz<\/h1> [\/vc_column][vc_column width=\u00a0\u00bb3\/4&Prime;][vc_single_image image=\u00a0\u00bb90683&Prime; img_size=\u00a0\u00bbfull\u00a0\u00bb add_caption=\u00a0\u00bbyes\u00a0\u00bb alignment=\u00a0\u00bbcenter\u00a0\u00bb][vc_column_text]<\/p>\n<div>\n<p class=\"TEXTE\">De gauche \u00e0 droite : Audrey Speitel, Emmanuel Poupin, Anne Brimaire-Hoffmann, David Lucius, Yasmine Silbereisen, Raoul Klapp, Nicole Backes-Walesch, Chantal Keller, Claudine Muno, Yolande Kox, Fran\u00e7oise Stoll, Laura May et Karin Magar-Klein (manquent : Maya Barbangelo, Pitt Koeller, Natascha Quintus et Manon Galli).<\/p>\n<\/div>\n<p>L\u2019\u00e9quipe de Bl\u00ebtz se compose de <span style=\"color: #800080;\"><strong>concern\u00e9s<\/strong><\/span>, de <span style=\"color: #ff9900;\"><strong>familles<\/strong><\/span> et <span lang=\"FR\">d&rsquo;<strong>amis<\/strong>. L&rsquo;a.s.b.l. dispose de deux ambassadrices <\/span><span style=\"color: #ff9900;\"><b><span lang=\"FR\">Claudine Muno<\/span><\/b><\/span><span lang=\"FR\">, <span style=\"color: #800080;\"><b>Maya Barbangelo <\/b><\/span>et d\u2019un ambassadeur <\/span><span style=\"color: #800080;\"><b><span lang=\"FR\">Pitt Koeller<\/span><\/b><\/span><span lang=\"FR\">.<\/span><\/p>\n<div>\n<p class=\"cvgsua\"><span class=\"oypena\"><span lang=\"FR-CH\">Le comit\u00e9 comprend des b\u00e9n\u00e9voles, dont la pr\u00e9sidente,<\/span><\/span> <span style=\"color: #800080;\"><strong>Chantal Keller<\/strong><\/span>,\u00a0<span class=\"oypena\"><span lang=\"FR-CH\">la vice-pr\u00e9sidente,<\/span><\/span> <span style=\"color: #ff9900;\"><strong>Laura May<\/strong><\/span><span class=\"oypena\"><span lang=\"FR-CH\">,<\/span><\/span> <span class=\"oypena\"><span lang=\"FR-CH\">la secr\u00e9taire du comit\u00e9,<\/span><\/span> <span style=\"color: #800080;\"><strong>Anne Brimaire-Hoffmann<\/strong><\/span><span class=\"oypena\"><span lang=\"FR-CH\">,<\/span><\/span> <span class=\"oypena\"><span lang=\"FR-CH\">la tr\u00e9sori\u00e8re,<\/span><\/span> <span style=\"color: #ff9900;\"><strong>Nicole Backes-Walesch<\/strong><\/span><b>\u00a0<\/b><span class=\"oypena\"><span lang=\"FR-CH\">et les membres du comit\u00e9, <span style=\"color: #800080;\"><strong>Karin Magar-Klein<\/strong>, <strong>Yasmine Silbereisen<\/strong><\/span><\/span><\/span><span class=\"oypena\"><b><span lang=\"FR-CH\">.<\/span><\/b><\/span><\/p>\n<\/div>\n<div>\n<p class=\"cvgsua\"><span class=\"oypena\"><span lang=\"FR-CH\">S\u2019y ajoutent des b\u00e9n\u00e9voles qui apportent un soutien actif au comit\u00e9, dont<\/span><\/span> <span style=\"color: #800080;\"><strong>David Lucius<\/strong><\/span><span class=\"oypena\"><b><span lang=\"FR-CH\">,<\/span><\/b><\/span> <span style=\"color: #800080;\"><strong>Emmanuel Poupin<\/strong><\/span>, <span style=\"color: #ff9900;\"><strong>Yolande Kox<\/strong><\/span><span class=\"oypena\"><span lang=\"FR-CH\">,<\/span><b><span lang=\"FR-CH\"><span style=\"color: #ff9900;\"><strong>Natascha Quintus<\/strong><\/span><\/span><\/b><span lang=\"FR-CH\">,<\/span><b><span lang=\"FR-CH\"> <span style=\"color: #ff9900;\"><strong>Manon Galli<\/strong><\/span>,<\/span><\/b><\/span> <span class=\"oypena\"><span lang=\"FR-CH\">le webmaster,<\/span><\/span> <span style=\"color: #ff9900;\"><strong>Raoul Klapp<\/strong><\/span><span class=\"oypena\"><b><span lang=\"FR-CH\">,<\/span><\/b><\/span> <span class=\"oypena\"><span lang=\"FR-CH\">et les employ\u00e9es administratives <\/span><\/span><span class=\"oypena\"><b><span lang=\"FR-CH\">Audrey Speitel<\/span><\/b><\/span><b> <\/b><span class=\"oypena\"><span lang=\"FR-CH\">et<\/span><\/span> <span class=\"oypena\"><b><span lang=\"FR-CH\">Fran\u00e7oise Stoll.<\/span><\/b><\/span><\/p>\n<\/div>\n<\/div>\n<p>[\/vc_column_text][\/vc_column][\/vc_row][vc_row full_width=\u00a0\u00bbstretch_row_content\u00a0\u00bb][vc_column][vc_zigzag color=\u00a0\u00bborange\u00a0\u00bb][\/vc_column][\/vc_row][vc_row full_width=\u00a0\u00bbstretch_row_content\u00a0\u00bb el_id=\u00a0\u00bbcomite\u00a0\u00bb][vc_column css_animation=\u00a0\u00bbnone\u00a0\u00bb width=\u00a0\u00bb1\/4&Prime;] <h1 style=\"color:#ffbb00;padding:px;text-align:center;font-size:px;line-height:px;letter-spacing: px;font-weight:bold\" class=\"   nd_options_first_font \">Wissenschaftliches Gremium \/ Comit\u00e9 scientifique<\/h1> [\/vc_column][vc_column width=\u00a0\u00bb3\/4&Prime;][\/vc_column][\/vc_row][vc_row][vc_column][vc_column_text]<strong>Qu\u2019est-ce un \u00ab comite\u0301 scientifique \u00bb ?<\/strong><\/p>\n<p style=\"font-weight: 400;\">Le comit\u00e9 scientifique r\u00e9unit les repr\u00e9sentants des associations professionnelles impliqu\u00e9s dans la prise en charge des patients atteints d\u2019un AVC. En tant qu\u2019experts, ils valident le mat\u00e9riel d\u2019information mis \u00e0disposition par Bl\u00ebtz a.s.b.l. et informent les patients et leur entourage sur les objectifs, les missions et les activit\u00e9s de Bl\u00ebtz a.s.b.l..<\/p>\n<p style=\"font-weight: 400;\">Avec leur savoir, ils aident \u00e0 exposer les projets \u00e9ducatifs et scientifiques de Bl\u00ebtz a.s.b.l. lors des \u00ab Portes Ouvertes \u00bb. Comme repr\u00e9sentants d\u2019organisations du m\u00e9tier, ils ne sont pas \u00e9ligibles dans le conseil d\u2019administration de Bl\u00ebtz a.s.b.l. (\u00e0 l\u2019exception des experts retrait\u00e9s). Afin de garantir une ind\u00e9pendance des deux parties, une collaboration avec Bl\u00ebtz a.s.b.l. est strictement consultative et exclut toute relation \u00e0 leurs activit\u00e9s professionnelles.<\/p>\n<ul>\n<li><strong>Experts pour la neurologie :<\/strong> Dr Dirk Droste (CHL), Dr Monique Reiff (CHL\/SAFE), Dr Adrien Verstraete (HRS), Dr Dirk Ulbricht (CHEM), Dr Fr\u00e4nk Schwartz (CHdN)<\/li>\n<li><strong>Experts pour la neurochirurgie :<\/strong> Dr Frank Hertel (CHL), Dr Harald Standhardt (CHL)<\/li>\n<li><strong>Experts pour l\u2019angiologie :<\/strong> Dr Anja Braun-Schaudinn (HRS)<\/li>\n<li><strong>Experts pour la chirurgie vasculaire :<\/strong> Dr Stefanie Hempfling (CHEM)<\/li>\n<li><strong>Experts pour la neuroradiologie :<\/strong> Dr Fr\u00e9d\u00e9ric Mataigne (CHL), Dr Nidhal Ben Achour (CHL)<\/li>\n<li><strong>Experts pour la cardiologie :<\/strong> Dr Jean Beissel (CHL), Dr Stefanie Hempfling (CHEM), Dr Cath\u00e9rine Seck (HRS)<\/li>\n<li><strong>Experts pour l\u2019endocrinologie :<\/strong> Dr Fr\u00e9d\u00e9ric Dadoun, Dr Dani\u00e8le de la Hamette (HRS)<\/li>\n<li><strong>Expert pour la n\u00e9phrologie :<\/strong> Dr Claude Braun (HRS)<\/li>\n<li><strong>Experts pour la m\u00e9decine de r\u00e9adaptation :<\/strong> Dr Fr\u00e9d\u00e9ric Chantraine (Rehazenter), Dr Yassine Bouhnik (CHEM Dudelange), Dr Siham Daoudi (HIS), Dr Eleftheria Antoniadou (CHdN Wiltz)<\/li>\n<li><strong>Experts pour les Stroke Units :<\/strong> Patrice Lep\u00e8re (CHL), Patrick Feltgen (CHL \u2013 Neurochirurgie), Alina Enita (HRS), Nadine Scholtes (CHEM), Gilles Martin (CHdN), Frank Colette (CHdN)<\/li>\n<li><strong>Expertes pour l\u2019orthophonie :<\/strong> Aline Bernard (HRS), Anne Schmit (CHEM), Sandy Haagen (CHdN), Tessy Schitter (Rehazenter), Catalina Trantes (CHdN Wiltz), Myriam Kieffer, Astrid Houwen<\/li>\n<li><strong>Experts pour la neuropsychologie :<\/strong> Vannina Pieri (CHL), Elena Gudenburg (CHEM), Joanne Maas (CHdN), David Benhsain (Rehazenter), Kelly Ferreira (HIS), Dr Anne-Marie Schuller, Dr Mich\u00e8le Pisani, Aline Watry, Patricia Santos<\/li>\n<li><strong>Experte pour la psychomotricit\u00e9 :<\/strong> Mireille Sarrazin (Rehazenter)<\/li>\n<li><strong>Experts pour l\u2019ergoth\u00e9rapie :<\/strong> Anja Sorkalla (CHL), Manuela Schneider (HRS), Jo\u00eblle Kieffer (CHEM), Simone Theis (ChdN), B\u00e9rang\u00e8re Nichil (CHEM Dudelange), Stefanie Marbehant (HIS), Martine Simon (CHdN Wiltz)<\/li>\n<li><strong>Experts pour la kin\u00e9sith\u00e9rapie :<\/strong> Ralph Delire (CHL), Lena Schmitt (HRS), Fran\u00e7oise Schmickrath (CHEM), Mariette Thilmany (CHdN), Philippe Lentz (CHdN), Cl\u00e9ment Choppin (CHdN), J\u00e9r\u00f4me Kaps (Rehazenter), Emanuelle Guiges (CHEM Dudelange), S\u00e9verine Debras (HIS), Xavier Masson, Bettina Pratt, H\u00e9l\u00e8ne Pirenne, Sylvie Jackmuth<\/li>\n<li><strong>Experte pour l\u2019orthoptie :<\/strong> Sophie Antoine (Rehazenter)<\/li>\n<li><strong>Assistantes sociales<\/strong> : Emilie Bailloeuil-Hermoso (CHL), Laurent Ury (HRS), Marilyn Fran\u00e7ois (CHEM), Anne-Catherine Gennen (CHdN), Catherine Jungen (CHEM Dudelange), Florence Leardini (HIS), France Plumer (CHdN Wiltz)<\/li>\n<li><strong>Expertes pour la di\u00e9t\u00e9tique :<\/strong> Lynda Vandivinit (CHL), Cynthia Schweich (HRS), Monica Teixeira Morais (CHEM), Anne-Liss Borschette (CHdN), Laurence Antony (Rehazenter), Christiane Meyrath (HIS)<\/li>\n<li><strong>Experte pour l\u2019art-th\u00e9rapie :<\/strong> Christiane Baltes (Rehazenter)<\/li>\n<\/ul>\n<p>[\/vc_column_text][\/vc_column][\/vc_row]<\/p>\n","protected":false},"excerpt":{"rendered":"<p>[vc_row full_width=\u00a0\u00bbstretch_row_content\u00a0\u00bb gap=\u00a0\u00bb10&Prime; equal_height=\u00a0\u00bbyes\u00a0\u00bb content_placement=\u00a0\u00bbtop\u00a0\u00bb el_id=\u00a0\u00bbmission\u00a0\u00bb][vc_column width=\u00a0\u00bb1\/4&Prime; css=\u00a0\u00bb.vc_custom_1609337617605{background-position: center !important;background-repeat: no-repeat !important;background-size: cover !important;}\u00a0\u00bb][\/vc_column][vc_column width=\u00a0\u00bb3\/4&Prime;][vc_column_text] Quelle est la mission de \u201eBl\u00ebtz a.s.b.l.\u201c? Bl\u00ebtz a.s.b.l. est plac\u00e9e sous le Haut Patronage [&hellip;]<\/p>\n","protected":false},"author":656,"featured_media":0,"parent":0,"menu_order":0,"comment_status":"closed","ping_status":"closed","template":"","meta":{"jetpack_post_was_ever_published":false,"footnotes":""},"categories":[],"tags":[],"class_list":["post-65557","page","type-page","status-publish","hentry"],"jetpack_shortlink":"https:\/\/wp.me\/P3uDnz-h3n","jetpack_sharing_enabled":true,"_links":{"self":[{"href":"https:\/\/bletz.lu\/fr\/wp-json\/wp\/v2\/pages\/65557","targetHints":{"allow":["GET"]}}],"collection":[{"href":"https:\/\/bletz.lu\/fr\/wp-json\/wp\/v2\/pages"}],"about":[{"href":"https:\/\/bletz.lu\/fr\/wp-json\/wp\/v2\/types\/page"}],"author":[{"embeddable":true,"href":"https:\/\/bletz.lu\/fr\/wp-json\/wp\/v2\/users\/656"}],"replies":[{"embeddable":true,"href":"https:\/\/bletz.lu\/fr\/wp-json\/wp\/v2\/comments?post=65557"}],"version-history":[{"count":88,"href":"https:\/\/bletz.lu\/fr\/wp-json\/wp\/v2\/pages\/65557\/revisions"}],"predecessor-version":[{"id":91688,"href":"https:\/\/bletz.lu\/fr\/wp-json\/wp\/v2\/pages\/65557\/revisions\/91688"}],"wp:attachment":[{"href":"https:\/\/bletz.lu\/fr\/wp-json\/wp\/v2\/media?parent=65557"}],"wp:term":[{"taxonomy":"category","embeddable":true,"href":"https:\/\/bletz.lu\/fr\/wp-json\/wp\/v2\/categories?post=65557"},{"taxonomy":"post_tag","embeddable":true,"href":"https:\/\/bletz.lu\/fr\/wp-json\/wp\/v2\/tags?post=65557"}],"curies":[{"name":"wp","href":"https:\/\/api.w.org\/{rel}","templated":true}]}}