{"id":65654,"date":"2020-12-30T21:48:44","date_gmt":"2020-12-30T20:48:44","guid":{"rendered":"https:\/\/bletz.lu\/?page_id=65654"},"modified":"2022-08-19T10:27:10","modified_gmt":"2022-08-19T08:27:10","slug":"wir-setzen-uns-ein","status":"publish","type":"page","link":"https:\/\/bletz.lu\/fr\/wir-setzen-uns-ein\/","title":{"rendered":"Nous nous engageons"},"content":{"rendered":"<p>[vc_row full_width=\u00a0\u00bbstretch_row_content\u00a0\u00bb][vc_column width=\u00a0\u00bb1\/4&Prime;] <h1 style=\"color:#fab53a;padding:px;text-align:;font-size:px;line-height:px;letter-spacing: px;font-weight:bold\" class=\"    \">Mission<\/h1> [\/vc_column][vc_column width=\u00a0\u00bb3\/4&Prime;][vc_column_text]<br \/>\n<b>Quelle est la mission de \u201eBl\u00ebtz a.s.b.l.\u201c? <\/b><\/p>\n<ul>\n<li>L\u2018association a pour objet de venir en aide aux personnes concern\u00e9es par un accident vasculaire c\u00e9r\u00e9bral.<\/li>\n<\/ul>\n<ul>\n<li>Elle apporte une aide et un soutien aux concern\u00e9s , \u00e0 leur famille et \u00e0 leurs amis.<\/li>\n<\/ul>\n<ul>\n<li>Elle se propose de veiller \u00e0 l\u2018int\u00e9gration des personnes concern\u00e9es dans la soci\u00e9t\u00e9 et d\u2018am\u00e9liorer et de faciliter leur vie et celle de leur entourage.<\/li>\n<\/ul>\n<ul>\n<li>Elle fait conna\u00eetre au public les probl\u00e8mes li\u00e9s aux l\u00e9sions c\u00e9r\u00e9brales ainsi que les besoins que ces l\u00e9sions font na\u00eetre.<\/li>\n<\/ul>\n<ul>\n<li>Elle favorise la recherche m\u00e9dicale et scientifique aff\u00e9rente.<\/li>\n<\/ul>\n<ul>\n<li>Pour la r\u00e9alisation de son objectif social l\u2018association peut notamment rechercher la coop\u00e9ration avec d\u2018autres organismes publics ou priv\u00e9s dispos\u00e9s \u00e0 lui accorder son soutien.<\/li>\n<\/ul>\n<ul>\n<li>Elle peut en outre prendre toutes les initiatives favorisant les objectifs qu\u2018elle s\u2018est fix\u00e9s.<\/li>\n<\/ul>\n<ul>\n<li>L\u2018Association est neutre du point de vue id\u00e9ologique, politique et confessionnel.<\/li>\n<\/ul>\n<p>[\/vc_column_text][\/vc_column][\/vc_row][vc_row full_width=\u00a0\u00bbstretch_row_content\u00a0\u00bb el_id=\u00a0\u00bbeinsetzenschulen\u00a0\u00bb][vc_column width=\u00a0\u00bb1\/4&Prime;] <h1 style=\"color:#fab53a;padding:px;text-align:;font-size:px;line-height:px;letter-spacing: px;font-weight:bold\" class=\"    \">Dans les lyc\u00e9es<\/h1> [\/vc_column][vc_column width=\u00a0\u00bb3\/4&Prime;][vc_basic_grid post_type=\u00a0\u00bbpost\u00a0\u00bb max_items=\u00a0\u00bb-1&Prime; style=\u00a0\u00bbpagination\u00a0\u00bb items_per_page=\u00a0\u00bb6&Prime; element_width=\u00a0\u00bb2&Prime; gap=\u00a0\u00bb5&Prime; arrows_design=\u00a0\u00bbvc_arrow-icon-arrow_01_left\u00a0\u00bb arrows_color=\u00a0\u00bbviolet\u00a0\u00bb paging_design=\u00a0\u00bbpagination_default\u00a0\u00bb paging_color=\u00a0\u00bbblack\u00a0\u00bb initial_loading_animation=\u00a0\u00bbnone\u00a0\u00bb grid_id=\u00a0\u00bbvc_gid:1660897488697-49f7365b-c7e5-0&Prime; taxonomies=\u00a0\u00bb81&Prime;][\/vc_column][\/vc_row][vc_row full_width=\u00a0\u00bbstretch_row_content\u00a0\u00bb el_id=\u00a0\u00bbeinsetzencovid19&Prime;][vc_column width=\u00a0\u00bb1\/4&Prime;] <h1 style=\"color:#fab53a;padding:px;text-align:;font-size:px;line-height:px;letter-spacing: px;font-weight:bold\" class=\"    \">Informer sur l'AVC &amp; COVID19<\/h1> [\/vc_column][vc_column width=\u00a0\u00bb3\/4&Prime;][vc_basic_grid post_type=\u00a0\u00bbpost\u00a0\u00bb max_items=\u00a0\u00bb-1&Prime; style=\u00a0\u00bbpagination\u00a0\u00bb items_per_page=\u00a0\u00bb6&Prime; element_width=\u00a0\u00bb2&Prime; gap=\u00a0\u00bb10&Prime; arrows_design=\u00a0\u00bbvc_arrow-icon-arrow_01_left\u00a0\u00bb arrows_color=\u00a0\u00bborange\u00a0\u00bb paging_design=\u00a0\u00bbpagination_default\u00a0\u00bb paging_color=\u00a0\u00bbblack\u00a0\u00bb initial_loading_animation=\u00a0\u00bbnone\u00a0\u00bb grid_id=\u00a0\u00bbvc_gid:1660897488704-f669fb99-c50b-0&Prime; taxonomies=\u00a0\u00bb80&Prime;][\/vc_column][\/vc_row]<\/p>\n","protected":false},"excerpt":{"rendered":"<p>[vc_row full_width=\u00a0\u00bbstretch_row_content\u00a0\u00bb][vc_column width=\u00a0\u00bb1\/4&Prime;][\/vc_column][vc_column width=\u00a0\u00bb3\/4&Prime;][vc_column_text] Quelle est la mission de \u201eBl\u00ebtz a.s.b.l.\u201c? L\u2018association a pour objet de venir en aide aux personnes concern\u00e9es par un accident vasculaire c\u00e9r\u00e9bral. Elle apporte une [&hellip;]<\/p>\n","protected":false},"author":656,"featured_media":0,"parent":0,"menu_order":0,"comment_status":"closed","ping_status":"closed","template":"","meta":{"jetpack_post_was_ever_published":false,"footnotes":""},"categories":[],"tags":[],"class_list":["post-65654","page","type-page","status-publish","hentry"],"jetpack_shortlink":"https:\/\/wp.me\/P3uDnz-h4W","jetpack_sharing_enabled":true,"_links":{"self":[{"href":"https:\/\/bletz.lu\/fr\/wp-json\/wp\/v2\/pages\/65654","targetHints":{"allow":["GET"]}}],"collection":[{"href":"https:\/\/bletz.lu\/fr\/wp-json\/wp\/v2\/pages"}],"about":[{"href":"https:\/\/bletz.lu\/fr\/wp-json\/wp\/v2\/types\/page"}],"author":[{"embeddable":true,"href":"https:\/\/bletz.lu\/fr\/wp-json\/wp\/v2\/users\/656"}],"replies":[{"embeddable":true,"href":"https:\/\/bletz.lu\/fr\/wp-json\/wp\/v2\/comments?post=65654"}],"version-history":[{"count":10,"href":"https:\/\/bletz.lu\/fr\/wp-json\/wp\/v2\/pages\/65654\/revisions"}],"predecessor-version":[{"id":70103,"href":"https:\/\/bletz.lu\/fr\/wp-json\/wp\/v2\/pages\/65654\/revisions\/70103"}],"wp:attachment":[{"href":"https:\/\/bletz.lu\/fr\/wp-json\/wp\/v2\/media?parent=65654"}],"wp:term":[{"taxonomy":"category","embeddable":true,"href":"https:\/\/bletz.lu\/fr\/wp-json\/wp\/v2\/categories?post=65654"},{"taxonomy":"post_tag","embeddable":true,"href":"https:\/\/bletz.lu\/fr\/wp-json\/wp\/v2\/tags?post=65654"}],"curies":[{"name":"wp","href":"https:\/\/api.w.org\/{rel}","templated":true}]}}