{"id":65673,"date":"2020-12-30T23:00:41","date_gmt":"2020-12-30T22:00:41","guid":{"rendered":"https:\/\/bletz.lu\/?page_id=65673"},"modified":"2021-02-06T12:09:31","modified_gmt":"2021-02-06T11:09:31","slug":"konferenzen","status":"publish","type":"page","link":"https:\/\/bletz.lu\/fr\/konferenzen\/","title":{"rendered":"Conf\u00e9rences"},"content":{"rendered":"<p>[vc_row][vc_column][\/vc_column][\/vc_row][vc_row full_width=\u00a0\u00bbstretch_row_content\u00a0\u00bb full_height=\u00a0\u00bbyes\u00a0\u00bb][vc_column][vc_tta_tour active_section=\u00a0\u00bb1&Prime;][vc_tta_section title=\u00a0\u00bb`{`:de`}`Orthophonie`{`:fr`}`Orthophonie`{`:lu`}`Orthophonie`{`:`}`\u00a0\u00bb tab_id=\u00a0\u00bb1609365802229-7a6927b5-0d8f\u00a0\u00bb][vc_basic_grid post_type=\u00a0\u00bbpost\u00a0\u00bb max_items=\u00a0\u00bb-1&Prime; style=\u00a0\u00bbpagination\u00a0\u00bb items_per_page=\u00a0\u00bb6&Prime; element_width=\u00a0\u00bb2&Prime; arrows_design=\u00a0\u00bbvc_arrow-icon-arrow_08_left\u00a0\u00bb arrows_color=\u00a0\u00bbjuicy_pink\u00a0\u00bb paging_design=\u00a0\u00bbpagination_square\u00a0\u00bb paging_color=\u00a0\u00bbjuicy_pink\u00a0\u00bb initial_loading_animation=\u00a0\u00bbnone\u00a0\u00bb grid_id=\u00a0\u00bbvc_gid:1612609624315-3d06ecea-51bb-9&Prime; taxonomies=\u00a0\u00bb23&Prime;][\/vc_tta_section][vc_tta_section title=\u00a0\u00bb`{`:de`}`Heilgymnastik`{`:fr`}`Kin\u00e9sith\u00e9rapie`{`:lu`}`Kin\u00e9sitherapie`{`:`}`\u00a0\u00bb tab_id=\u00a0\u00bb1609365802229-578936e3-4bff\u00a0\u00bb][vc_basic_grid post_type=\u00a0\u00bbpost\u00a0\u00bb max_items=\u00a0\u00bb-1&Prime; style=\u00a0\u00bbpagination\u00a0\u00bb items_per_page=\u00a0\u00bb6&Prime; element_width=\u00a0\u00bb2&Prime; gap=\u00a0\u00bb5&Prime; arrows_design=\u00a0\u00bbvc_arrow-icon-arrow_08_left\u00a0\u00bb arrows_color=\u00a0\u00bbjuicy_pink\u00a0\u00bb paging_design=\u00a0\u00bbpagination_square\u00a0\u00bb paging_color=\u00a0\u00bbjuicy_pink\u00a0\u00bb initial_loading_animation=\u00a0\u00bbnone\u00a0\u00bb grid_id=\u00a0\u00bbvc_gid:1612609624317-fb7ad254-9e4d-10&Prime; taxonomies=\u00a0\u00bb24&Prime;][\/vc_tta_section][vc_tta_section title=\u00a0\u00bb`{`:de`}`Ergotherapie`{`:fr`}`Ergoth\u00e9rapie`{`:lu`}`Ergotherapie`{`:`}`\u00a0\u00bb tab_id=\u00a0\u00bb1609366112275-071e8d40-d30c\u00a0\u00bb][vc_basic_grid post_type=\u00a0\u00bbpost\u00a0\u00bb max_items=\u00a0\u00bb-1&Prime; style=\u00a0\u00bbpagination\u00a0\u00bb items_per_page=\u00a0\u00bb6&Prime; element_width=\u00a0\u00bb2&Prime; gap=\u00a0\u00bb5&Prime; arrows_design=\u00a0\u00bbvc_arrow-icon-arrow_08_left\u00a0\u00bb arrows_color=\u00a0\u00bbjuicy_pink\u00a0\u00bb paging_design=\u00a0\u00bbpagination_square\u00a0\u00bb paging_color=\u00a0\u00bbjuicy_pink\u00a0\u00bb initial_loading_animation=\u00a0\u00bbnone\u00a0\u00bb grid_id=\u00a0\u00bbvc_gid:1612609624323-84f0a66f-0415-8&Prime; taxonomies=\u00a0\u00bb46&Prime;][\/vc_tta_section][vc_tta_section title=\u00a0\u00bbNeuropsychologie\u00a0\u00bb tab_id=\u00a0\u00bb1609366117984-3eb0cb93-6cbd\u00a0\u00bb][vc_basic_grid post_type=\u00a0\u00bbpost\u00a0\u00bb max_items=\u00a0\u00bb-1&Prime; style=\u00a0\u00bbpagination\u00a0\u00bb items_per_page=\u00a0\u00bb6&Prime; element_width=\u00a0\u00bb2&Prime; gap=\u00a0\u00bb5&Prime; arrows_design=\u00a0\u00bbvc_arrow-icon-arrow_08_left\u00a0\u00bb arrows_color=\u00a0\u00bbjuicy_pink\u00a0\u00bb paging_design=\u00a0\u00bbpagination_square\u00a0\u00bb paging_color=\u00a0\u00bbjuicy_pink\u00a0\u00bb initial_loading_animation=\u00a0\u00bbnone\u00a0\u00bb grid_id=\u00a0\u00bbvc_gid:1612609624323-d6d71094-e567-5&Prime; taxonomies=\u00a0\u00bb25&Prime;][\/vc_tta_section][vc_tta_section title=\u00a0\u00bbNeurologie\u00a0\u00bb tab_id=\u00a0\u00bb1609366123486-1690f761-18b7&Prime;][vc_basic_grid post_type=\u00a0\u00bbpost\u00a0\u00bb max_items=\u00a0\u00bb-1&Prime; style=\u00a0\u00bbpagination\u00a0\u00bb items_per_page=\u00a0\u00bb6&Prime; element_width=\u00a0\u00bb2&Prime; gap=\u00a0\u00bb5&Prime; arrows_design=\u00a0\u00bbvc_arrow-icon-arrow_08_left\u00a0\u00bb arrows_color=\u00a0\u00bbjuicy_pink\u00a0\u00bb paging_design=\u00a0\u00bbpagination_square\u00a0\u00bb paging_color=\u00a0\u00bbjuicy_pink\u00a0\u00bb initial_loading_animation=\u00a0\u00bbnone\u00a0\u00bb grid_id=\u00a0\u00bbvc_gid:1612609624325-49e1ab11-dd62-0&Prime; taxonomies=\u00a0\u00bb22&Prime;][\/vc_tta_section][vc_tta_section title=\u00a0\u00bbNeurochirurgie\u00a0\u00bb tab_id=\u00a0\u00bb1609366558463-5d576a4d-6d13&Prime;][vc_basic_grid post_type=\u00a0\u00bbpost\u00a0\u00bb max_items=\u00a0\u00bb-1&Prime; style=\u00a0\u00bbpagination\u00a0\u00bb items_per_page=\u00a0\u00bb6&Prime; element_width=\u00a0\u00bb2&Prime; gap=\u00a0\u00bb5&Prime; arrows_design=\u00a0\u00bbvc_arrow-icon-arrow_08_left\u00a0\u00bb arrows_color=\u00a0\u00bbjuicy_pink\u00a0\u00bb paging_design=\u00a0\u00bbpagination_square\u00a0\u00bb paging_color=\u00a0\u00bbjuicy_pink\u00a0\u00bb grid_id=\u00a0\u00bbvc_gid:1612609624326-95862f82-945a-3&Prime; taxonomies=\u00a0\u00bb29&Prime;][\/vc_tta_section][vc_tta_section title=\u00a0\u00bb`{`:de`}`Kardiologie`{`:fr`}`Cardiologie`{`:lu`}`Cardiologie`{`:`}`\u00a0\u00bb tab_id=\u00a0\u00bb1609366204994-c5246395-461c\u00a0\u00bb][vc_basic_grid post_type=\u00a0\u00bbpost\u00a0\u00bb max_items=\u00a0\u00bb-1&Prime; style=\u00a0\u00bbpagination\u00a0\u00bb items_per_page=\u00a0\u00bb6&Prime; element_width=\u00a0\u00bb2&Prime; gap=\u00a0\u00bb5&Prime; arrows_design=\u00a0\u00bbvc_arrow-icon-arrow_08_left\u00a0\u00bb arrows_color=\u00a0\u00bbjuicy_pink\u00a0\u00bb paging_design=\u00a0\u00bbpagination_square\u00a0\u00bb paging_color=\u00a0\u00bbjuicy_pink\u00a0\u00bb grid_id=\u00a0\u00bbvc_gid:1612609624326-c1475dfe-ec1a-7&Prime; taxonomies=\u00a0\u00bb30&Prime;][\/vc_tta_section][vc_tta_section title=\u00a0\u00bb`{`:de`}`Endokrinologie`{`:fr`}`Endocrinologie`{`:lu`}`Endocrinologie`{`:`}`\u00a0\u00bb tab_id=\u00a0\u00bb1609366222542-7b3178af-368a\u00a0\u00bb][vc_basic_grid post_type=\u00a0\u00bbpost\u00a0\u00bb max_items=\u00a0\u00bb-1&Prime; style=\u00a0\u00bbpagination\u00a0\u00bb items_per_page=\u00a0\u00bb6&Prime; element_width=\u00a0\u00bb2&Prime; gap=\u00a0\u00bb5&Prime; arrows_design=\u00a0\u00bbvc_arrow-icon-arrow_08_left\u00a0\u00bb arrows_color=\u00a0\u00bbjuicy_pink\u00a0\u00bb paging_design=\u00a0\u00bbpagination_square\u00a0\u00bb paging_color=\u00a0\u00bbjuicy_pink\u00a0\u00bb grid_id=\u00a0\u00bbvc_gid:1612609624327-e6b5e750-13b4-0&Prime; taxonomies=\u00a0\u00bb31&Prime;][\/vc_tta_section][vc_tta_section title=\u00a0\u00bb`{`:de`}`H\u00e4usliche Pflege`{`:fr`}`Soins \u00e0 domicile`{`:lu`}`Pfleeg doheem`{`:`}`\u00a0\u00bb tab_id=\u00a0\u00bb1609366210320-7b29772c-a5f9&Prime;][vc_basic_grid post_type=\u00a0\u00bbpost\u00a0\u00bb max_items=\u00a0\u00bb-1&Prime; style=\u00a0\u00bbpagination\u00a0\u00bb items_per_page=\u00a0\u00bb6&Prime; element_width=\u00a0\u00bb2&Prime; gap=\u00a0\u00bb5&Prime; arrows_design=\u00a0\u00bbvc_arrow-icon-arrow_08_left\u00a0\u00bb arrows_color=\u00a0\u00bbjuicy_pink\u00a0\u00bb paging_design=\u00a0\u00bbpagination_square\u00a0\u00bb paging_color=\u00a0\u00bbjuicy_pink\u00a0\u00bb grid_id=\u00a0\u00bbvc_gid:1612609624328-6fc20b4f-2015-5&Prime; taxonomies=\u00a0\u00bb28&Prime;][\/vc_tta_section][vc_tta_section title=\u00a0\u00bb`{`:de`}`Sozialf\u00fcrsorge`{`:fr`}`Assitance sociale`{`:lu`}`Assistance Sociale`{`:`}`\u00a0\u00bb tab_id=\u00a0\u00bb1609366213631-29819d15-d1c2&Prime;][vc_basic_grid post_type=\u00a0\u00bbpost\u00a0\u00bb max_items=\u00a0\u00bb-1&Prime; style=\u00a0\u00bbpagination\u00a0\u00bb items_per_page=\u00a0\u00bb6&Prime; element_width=\u00a0\u00bb2&Prime; gap=\u00a0\u00bb5&Prime; arrows_design=\u00a0\u00bbvc_arrow-icon-arrow_08_left\u00a0\u00bb arrows_color=\u00a0\u00bbjuicy_pink\u00a0\u00bb paging_design=\u00a0\u00bbpagination_square\u00a0\u00bb paging_color=\u00a0\u00bbjuicy_pink\u00a0\u00bb grid_id=\u00a0\u00bbvc_gid:1612609624330-8c135afd-06b0-10&Prime; taxonomies=\u00a0\u00bb27&Prime;][\/vc_tta_section][vc_tta_section title=\u00a0\u00bb`{`:de`}`Rehabilitation`{`:fr`}`M\u00e9dicine r\u00e9adaptation`{`:lu`}`Rehabilitation`{`:`}`\u00a0\u00bb tab_id=\u00a0\u00bb1609366216951-454975fe-a19a\u00a0\u00bb][vc_basic_grid post_type=\u00a0\u00bbpost\u00a0\u00bb max_items=\u00a0\u00bb-1&Prime; style=\u00a0\u00bbpagination\u00a0\u00bb items_per_page=\u00a0\u00bb6&Prime; element_width=\u00a0\u00bb2&Prime; gap=\u00a0\u00bb5&Prime; arrows_design=\u00a0\u00bbvc_arrow-icon-arrow_08_left\u00a0\u00bb arrows_color=\u00a0\u00bbjuicy_pink\u00a0\u00bb paging_design=\u00a0\u00bbpagination_square\u00a0\u00bb paging_color=\u00a0\u00bbjuicy_pink\u00a0\u00bb initial_loading_animation=\u00a0\u00bbnone\u00a0\u00bb grid_id=\u00a0\u00bbvc_gid:1612609624331-d962b35a-37c2-2&Prime; taxonomies=\u00a0\u00bb47&Prime;][\/vc_tta_section][vc_tta_section title=\u00a0\u00bb`{`:de`}`Psychomotorik`{`:fr`}`Psychomotricit\u00e9`{`:lu`}`Psychomotricit\u00e9`{`:`}`\u00a0\u00bb tab_id=\u00a0\u00bb1609366220394-646f0f6d-248d\u00a0\u00bb][vc_basic_grid post_type=\u00a0\u00bbpost\u00a0\u00bb max_items=\u00a0\u00bb-1&Prime; style=\u00a0\u00bbpagination\u00a0\u00bb items_per_page=\u00a0\u00bb6&Prime; element_width=\u00a0\u00bb2&Prime; gap=\u00a0\u00bb5&Prime; arrows_design=\u00a0\u00bbvc_arrow-icon-arrow_08_left\u00a0\u00bb arrows_color=\u00a0\u00bbjuicy_pink\u00a0\u00bb paging_design=\u00a0\u00bbpagination_square\u00a0\u00bb paging_color=\u00a0\u00bbjuicy_pink\u00a0\u00bb initial_loading_animation=\u00a0\u00bbnone\u00a0\u00bb grid_id=\u00a0\u00bbvc_gid:1612609624332-f8359a01-c3d5-9&Prime; taxonomies=\u00a0\u00bb26&Prime;][\/vc_tta_section][vc_tta_section title=\u00a0\u00bb`{`:de`}`Ern\u00e4hrung`{`:fr`}`Di\u00e9t\u00e9tique`{`:lu`}`Di\u00e9t\u00e9tique`{`:`}`\u00a0\u00bb tab_id=\u00a0\u00bb1609366612869-9cdcbdf8-0b3d\u00a0\u00bb][vc_basic_grid post_type=\u00a0\u00bbpost\u00a0\u00bb max_items=\u00a0\u00bb-1&Prime; style=\u00a0\u00bbpagination\u00a0\u00bb items_per_page=\u00a0\u00bb6&Prime; element_width=\u00a0\u00bb2&Prime; gap=\u00a0\u00bb5&Prime; arrows_design=\u00a0\u00bbvc_arrow-icon-arrow_08_left\u00a0\u00bb arrows_color=\u00a0\u00bbjuicy_pink\u00a0\u00bb paging_design=\u00a0\u00bbpagination_square\u00a0\u00bb paging_color=\u00a0\u00bbjuicy_pink\u00a0\u00bb initial_loading_animation=\u00a0\u00bbnone\u00a0\u00bb grid_id=\u00a0\u00bbvc_gid:1612609638718-9c509902-520d-3&Prime; taxonomies=\u00a0\u00bb82&Prime;][\/vc_tta_section][\/vc_tta_tour][\/vc_column][\/vc_row][vc_row][vc_column][\/vc_column][\/vc_row]<\/p>\n","protected":false},"excerpt":{"rendered":"<p>[vc_row][vc_column][\/vc_column][\/vc_row][vc_row full_width=\u00a0\u00bbstretch_row_content\u00a0\u00bb full_height=\u00a0\u00bbyes\u00a0\u00bb][vc_column][vc_tta_tour active_section=\u00a0\u00bb1&Prime;][vc_tta_section title=\u00a0\u00bb`{`:de`}`Orthophonie`{`:fr`}`Orthophonie`{`:lu`}`Orthophonie`{`:`}`\u00a0\u00bb tab_id=\u00a0\u00bb1609365802229-7a6927b5-0d8f\u00a0\u00bb][vc_basic_grid post_type=\u00a0\u00bbpost\u00a0\u00bb max_items=\u00a0\u00bb-1&Prime; style=\u00a0\u00bbpagination\u00a0\u00bb items_per_page=\u00a0\u00bb6&Prime; element_width=\u00a0\u00bb2&Prime; arrows_design=\u00a0\u00bbvc_arrow-icon-arrow_08_left\u00a0\u00bb arrows_color=\u00a0\u00bbjuicy_pink\u00a0\u00bb paging_design=\u00a0\u00bbpagination_square\u00a0\u00bb paging_color=\u00a0\u00bbjuicy_pink\u00a0\u00bb initial_loading_animation=\u00a0\u00bbnone\u00a0\u00bb grid_id=\u00a0\u00bbvc_gid:1612609624315-3d06ecea-51bb-9&Prime; taxonomies=\u00a0\u00bb23&Prime;][\/vc_tta_section][vc_tta_section title=\u00a0\u00bb`{`:de`}`Heilgymnastik`{`:fr`}`Kin\u00e9sith\u00e9rapie`{`:lu`}`Kin\u00e9sitherapie`{`:`}`\u00a0\u00bb tab_id=\u00a0\u00bb1609365802229-578936e3-4bff\u00a0\u00bb][vc_basic_grid post_type=\u00a0\u00bbpost\u00a0\u00bb max_items=\u00a0\u00bb-1&Prime; style=\u00a0\u00bbpagination\u00a0\u00bb items_per_page=\u00a0\u00bb6&Prime; element_width=\u00a0\u00bb2&Prime; gap=\u00a0\u00bb5&Prime; arrows_design=\u00a0\u00bbvc_arrow-icon-arrow_08_left\u00a0\u00bb arrows_color=\u00a0\u00bbjuicy_pink\u00a0\u00bb paging_design=\u00a0\u00bbpagination_square\u00a0\u00bb paging_color=\u00a0\u00bbjuicy_pink\u00a0\u00bb [&hellip;]<\/p>\n","protected":false},"author":656,"featured_media":0,"parent":0,"menu_order":0,"comment_status":"closed","ping_status":"closed","template":"","meta":{"jetpack_post_was_ever_published":false,"footnotes":""},"categories":[],"tags":[],"class_list":["post-65673","page","type-page","status-publish","hentry"],"jetpack_shortlink":"https:\/\/wp.me\/P3uDnz-h5f","jetpack_sharing_enabled":true,"_links":{"self":[{"href":"https:\/\/bletz.lu\/fr\/wp-json\/wp\/v2\/pages\/65673","targetHints":{"allow":["GET"]}}],"collection":[{"href":"https:\/\/bletz.lu\/fr\/wp-json\/wp\/v2\/pages"}],"about":[{"href":"https:\/\/bletz.lu\/fr\/wp-json\/wp\/v2\/types\/page"}],"author":[{"embeddable":true,"href":"https:\/\/bletz.lu\/fr\/wp-json\/wp\/v2\/users\/656"}],"replies":[{"embeddable":true,"href":"https:\/\/bletz.lu\/fr\/wp-json\/wp\/v2\/comments?post=65673"}],"version-history":[{"count":17,"href":"https:\/\/bletz.lu\/fr\/wp-json\/wp\/v2\/pages\/65673\/revisions"}],"predecessor-version":[{"id":65955,"href":"https:\/\/bletz.lu\/fr\/wp-json\/wp\/v2\/pages\/65673\/revisions\/65955"}],"wp:attachment":[{"href":"https:\/\/bletz.lu\/fr\/wp-json\/wp\/v2\/media?parent=65673"}],"wp:term":[{"taxonomy":"category","embeddable":true,"href":"https:\/\/bletz.lu\/fr\/wp-json\/wp\/v2\/categories?post=65673"},{"taxonomy":"post_tag","embeddable":true,"href":"https:\/\/bletz.lu\/fr\/wp-json\/wp\/v2\/tags?post=65673"}],"curies":[{"name":"wp","href":"https:\/\/api.w.org\/{rel}","templated":true}]}}