{"id":65731,"date":"2020-12-31T15:25:18","date_gmt":"2020-12-31T14:25:18","guid":{"rendered":"https:\/\/bletz.lu\/?page_id=65731"},"modified":"2022-12-15T12:56:01","modified_gmt":"2022-12-15T11:56:01","slug":"tipps","status":"publish","type":"page","link":"https:\/\/bletz.lu\/fr\/tipps\/","title":{"rendered":"Conseils"},"content":{"rendered":"<p>[vc_row full_width=\u00a0\u00bbstretch_row_content\u00a0\u00bb][vc_column] <h1 style=\"color:;padding:px;text-align:center;font-size:px;line-height:px;letter-spacing: px;font-weight:bold\" class=\"    \">Conseils pour le contact avec les patients victimes d'un AVC<\/h1> <div style=\"background-color:;height: 50px\" class=\"nicdark_section  \"><\/div>[\/vc_column][\/vc_row][vc_row full_width=\u00a0\u00bbstretch_row\u00a0\u00bb css=\u00a0\u00bb.vc_custom_1609425965967{background-color: #fab53a !important;}\u00a0\u00bb][vc_column][vc_column_text]<\/p>\n<h5 style=\"text-align: left;\">Nous remercions Madame Barbara Pl\u00fcckhahn de la maison d\u2019\u00e9dition Knaur Mens Sana pour la permission d\u2019utiliser les extraits du livre:<\/h5>\n<h1 style=\"text-align: left;\">Dr. Jill B. Taylor : \u00ab D\u2019un seul coup \u00bb<\/h1>\n<p>[\/vc_column_text][\/vc_column][\/vc_row][vc_row full_width=\u00a0\u00bbstretch_row_content\u00a0\u00bb equal_height=\u00a0\u00bbyes\u00a0\u00bb][vc_column width=\u00a0\u00bb1\/3&Prime;][vc_column_text]<\/p>\n<h4>APPELS URGENTS \u2013 A L\u2019H\u00d4PITAL :<\/h4>\n<ol>\n<li>Rapprochez-vous de moi, parlez lentement et distinctement.<\/li>\n<li>N\u2019h\u00e9sitez pas \u00e0 r\u00e9p\u00e9ter vos paroles, consid\u00e9rez-moi comme un d\u00e9butant d\u00e9sireux d\u2019apprendre.<\/li>\n<li>Faites attention aux messages que me renvoient votre corps et votre visage.<\/li>\n<li>Regardez-moi dans les yeux ; j\u2019habite mon corps, il suffit de m\u2019y chercher. Encouragez-moi.<\/li>\n<li>Touchez-moi avec prudence et acceptez ce lien physique.<\/li>\n<li>\u00c9conomisez mon \u00e9nergie en me prot\u00e9geant de tout ce qui pourrait m\u2019\u00e9puiser inutilement, comme la radio, la t\u00e9l\u00e9 ou des visiteurs \u00e9nerv\u00e9s. Limitez vos visites \u00e0 5 minutes.<\/li>\n<li>Servez-vous du toucher pour me faire appr\u00e9hender le monde comme le fait le nourrisson que je suis redevenu.<\/li>\n<li>Faites confiance aux capacit\u00e9s de progression intellectuelle de mon cerveau.<\/li>\n<li>Soignez le lien avec ma famille, avec mes amis et mes connaissances<\/li>\n<\/ol>\n<p>[\/vc_column_text][\/vc_column][vc_column width=\u00a0\u00bb1\/3&Prime;][vc_column_text]<\/p>\n<h4>APPELS URGENTS \u2013 LA VIE DE TOUS LES JOURS :<\/h4>\n<ol>\n<li>Je ne suis ni b\u00eate ni sourd, je suis bless\u00e9. Respectez-moi et n\u2019\u00e9levez pas votre voix, s\u2019il vous pla\u00eet.<\/li>\n<li>Restez patient lors de mon apprentissage, \u00e0 la 20\u00e8me s\u00e9ance comme \u00e0 la premi\u00e8re.<\/li>\n<li>A chaque fois que je me sens plein d\u2019\u00e9nergie, stimulez mon cerveau pour me permettre de nouveaux apprentissages; mais attention, m\u00eame les moindres efforts me fatiguent et m\u2019\u00e9puisent.<\/li>\n<li>Faites confiance \u00e0 ma d\u00e9termination \u00e0 m\u2019entra\u00eener, m\u00eame si ce n\u2019est ni \u00e0 votre rythme, ni avec vos comp\u00e9-tences.<\/li>\n<li>Posez-moi des questions ouvertes \u00e0 r\u00e9ponses multiples; \u00e9vitez les ques-tions auxquelles on peut r\u00e9pondre par oui ou par non.<\/li>\n<li>Adressez-vous directement \u00e0 moi, ne parlez pas de moi \u00e0 autrui comme si je n\u2019\u00e9tais pas l\u00e0.<\/li>\n<li>Encouragez-moi. Comptez sur ma compl\u00e8te gu\u00e9rison, m\u00eame si elle prendra vingt ans.<\/li>\n<li>S\u2019il vous pla\u00eet, ne terminez pas mes phrases et ne compl\u00e9tez pas les mots que je peine \u00e0 trouver. Je dois entra\u00eener mon cerveau.<\/li>\n<li>Acceptez que j\u2019exag\u00e8re parfois ma capacit\u00e9 \u00e0 comprendre.<\/li>\n<\/ol>\n<p>[\/vc_column_text][\/vc_column][vc_column width=\u00a0\u00bb1\/3&Prime;][vc_video link=\u00a0\u00bbhttps:\/\/www.youtube.com\/watch?v=mYD7Y9CXeUw\u00a0\u00bb][\/vc_column][\/vc_row][vc_row full_width=\u00a0\u00bbstretch_row\u00a0\u00bb css=\u00a0\u00bb.vc_custom_1609425965967{background-color: #fab53a !important;}\u00a0\u00bb][vc_column][vc_column_text]<\/p>\n<h1>Weitere Tipps &#8211; Autres Conseils &#8211; Weider Tipps<\/h1>\n<p>[\/vc_column_text][\/vc_column][\/vc_row][vc_row full_width=\u00a0\u00bbstretch_row_content\u00a0\u00bb][vc_column width=\u00a0\u00bb1\/2&Prime;][vc_column_text]<\/p>\n<h2>Les conseils du magazine \u00ab Apotheken Umschau \u00bb pour mieux g\u00e9rer son quotidien apr\u00e8s l\u2019AVC:<\/h2>\n<p><i>Nous remercions Simone Herzner de nous avoir accord\u00e9 la permission de reproduire ces extraits de l\u2019 \u00ab Apotheken Umschau \u00bb. Vous trouverez d\u2019autres informations en suivant le lien <a href=\"http:\/\/www.apotheken-umschau.de\/Schlaganfall\" target=\"_blank\" rel=\"noopener noreferrer\">http:\/\/www.apotheken-umschau.de\/Schlaganfall<\/a><\/i><\/p>\n<p>Voici quelques tuyaux pratiques :<\/p>\n<ol>\n<li>Exercez les muscles de votre visage devant le miroir : Gonflez vos joues, faites glisser l\u2019air d\u2019une joue vers l\u2019autre, tirez la langue, montrez les dents, souriez, \u00e9clatez de rire, faites la moue, froncez les sourcils.<\/li>\n<li>Tenez-vous droit pendant les repas. Les conseils suivants peuvent vous aider pour mieux g\u00e9rer les repas: Ne recouvrez pas la table d\u2019une nappe, mais fixez plut\u00f4t un support antid\u00e9rapant en-dessous des objets qui risquent de vous \u00e9chapper. Pour boire, vous pouvez vous servir d\u2019un gobelet avec un couvercle \u00e0 bec. Vous pouvez \u00e9galement utiliser des couverts avec des poign\u00e9es antiglisse et plus \u00e9paisses.<\/li>\n<li>Pour faciliter les soins corporels, posez un tabouret dans la cabine de douche pour vous permettre de vous asseoir pendant que vous prenez votre douche. Un peignoir en tissu-\u00e9ponge peut vous aider pour vous essuyer.<\/li>\n<li>Habillez d\u2019abord le c\u00f4t\u00e9 invalide. Pour vous d\u00e9v\u00eatir, commencez avec le c\u00f4t\u00e9 valide. Choisissez des chaussures ayant une ouverture assez large et si possible avec des fermetures velcro. Attention : Vous risquez les accidents si vous mettez des chaussures avec des semelles en caoutchouc, qui accrochent plus facilement.<\/li>\n<li>Vous risquez \u00e9galement de tr\u00e9bucher sur les tapis. Arrangez votre appartement pour que vous ne soyez pas g\u00ean\u00e9 par les meubles ou les objets de d\u00e9coration.<\/li>\n<li>Est-ce que vous souhaitez rester mobile malgr\u00e9 l\u2019AVC ? Consultez votre m\u00e9decin pour vous renseigner sur la possibilit\u00e9 de reprendre le volant. Il est \u00e9galement possible d\u2019adapter et de r\u00e9am\u00e9nager son v\u00e9hicule.<\/li>\n<\/ol>\n<p>[\/vc_column_text][vc_video link=\u00a0\u00bbhttps:\/\/www.youtube.com\/watch?v=OGyOKItHS9Y&amp;feature=emb_logo\u00a0\u00bb][\/vc_column][vc_column width=\u00a0\u00bb1\/2&Prime;][vc_video link=\u00a0\u00bbhttps:\/\/www.youtube.com\/watch?v=7UoGAUuZ2v4&Prime; title=\u00a0\u00bbEmilia Clarke on health scare: \u201eThere was a bit of my brain that actually died\u201c\u00a0\u00bb][vc_column_text]<\/p>\n<h4>Diana Wong Ramos \u201ePortugal AVC\u201c<br \/>\n<iframe loading=\"lazy\" style=\"border: none; overflow: hidden;\" src=\"https:\/\/www.facebook.com\/plugins\/video.php?href=https%3A%2F%2Fwww.facebook.com%2Fdiana.wongramos%2Fvideos%2F1323274587867480%2F&amp;show_text=0&amp;width=267\" width=\"267\" height=\"476\" frameborder=\"0\" scrolling=\"no\" allowfullscreen=\"allowfullscreen\"><\/iframe><\/h4>\n<p>[\/vc_column_text][\/vc_column][\/vc_row]<\/p>\n","protected":false},"excerpt":{"rendered":"<p>[vc_row full_width=\u00a0\u00bbstretch_row_content\u00a0\u00bb][vc_column][\/vc_column][\/vc_row][vc_row full_width=\u00a0\u00bbstretch_row\u00a0\u00bb css=\u00a0\u00bb.vc_custom_1609425965967{background-color: #fab53a !important;}\u00a0\u00bb][vc_column][vc_column_text] Nous remercions Madame Barbara Pl\u00fcckhahn de la maison d\u2019\u00e9dition Knaur Mens Sana pour la permission d\u2019utiliser les extraits du livre: Dr. Jill B. Taylor [&hellip;]<\/p>\n","protected":false},"author":656,"featured_media":0,"parent":0,"menu_order":0,"comment_status":"closed","ping_status":"closed","template":"","meta":{"jetpack_post_was_ever_published":false,"footnotes":""},"categories":[],"tags":[],"class_list":["post-65731","page","type-page","status-publish","hentry"],"jetpack_shortlink":"https:\/\/wp.me\/P3uDnz-h6b","jetpack_sharing_enabled":true,"_links":{"self":[{"href":"https:\/\/bletz.lu\/fr\/wp-json\/wp\/v2\/pages\/65731","targetHints":{"allow":["GET"]}}],"collection":[{"href":"https:\/\/bletz.lu\/fr\/wp-json\/wp\/v2\/pages"}],"about":[{"href":"https:\/\/bletz.lu\/fr\/wp-json\/wp\/v2\/types\/page"}],"author":[{"embeddable":true,"href":"https:\/\/bletz.lu\/fr\/wp-json\/wp\/v2\/users\/656"}],"replies":[{"embeddable":true,"href":"https:\/\/bletz.lu\/fr\/wp-json\/wp\/v2\/comments?post=65731"}],"version-history":[{"count":15,"href":"https:\/\/bletz.lu\/fr\/wp-json\/wp\/v2\/pages\/65731\/revisions"}],"predecessor-version":[{"id":73429,"href":"https:\/\/bletz.lu\/fr\/wp-json\/wp\/v2\/pages\/65731\/revisions\/73429"}],"wp:attachment":[{"href":"https:\/\/bletz.lu\/fr\/wp-json\/wp\/v2\/media?parent=65731"}],"wp:term":[{"taxonomy":"category","embeddable":true,"href":"https:\/\/bletz.lu\/fr\/wp-json\/wp\/v2\/categories?post=65731"},{"taxonomy":"post_tag","embeddable":true,"href":"https:\/\/bletz.lu\/fr\/wp-json\/wp\/v2\/tags?post=65731"}],"curies":[{"name":"wp","href":"https:\/\/api.w.org\/{rel}","templated":true}]}}