{"id":65741,"date":"2020-12-31T16:16:06","date_gmt":"2020-12-31T15:16:06","guid":{"rendered":"https:\/\/bletz.lu\/?page_id=65741"},"modified":"2020-12-31T16:16:06","modified_gmt":"2020-12-31T15:16:06","slug":"unterwegs-medien","status":"publish","type":"page","link":"https:\/\/bletz.lu\/fr\/unterwegs-medien\/","title":{"rendered":"En route et m\u00e9dias"},"content":{"rendered":"<p>[vc_row full_width=\u00a0\u00bbstretch_row_content\u00a0\u00bb css=\u00a0\u00bb.vc_custom_1609427671889{padding-bottom: 10px !important;}\u00a0\u00bb][vc_column] <h1 style=\"color:;padding:px;text-align:center;font-size:px;line-height:px;letter-spacing: px;font-weight:bold\" class=\"    \">Bl\u00ebtz en route &amp; dans les m\u00e9dias<\/h1> [\/vc_column][\/vc_row][vc_row full_width=\u00a0\u00bbstretch_row_content_no_spaces\u00a0\u00bb full_height=\u00a0\u00bbyes\u00a0\u00bb columns_placement=\u00a0\u00bbtop\u00a0\u00bb equal_height=\u00a0\u00bbyes\u00a0\u00bb][vc_column][vc_tta_tour][vc_tta_section title=\u00a0\u00bb`{`:de`}`Bl\u00ebtz unterwegs`{`:fr`}`Bl\u00ebtz en route`{`:lu`}`Bl\u00ebtz \u00ebnnerwee`{`:`}`\u00a0\u00bb tab_id=\u00a0\u00bb1609426738477-fd94a25f-7a78&Prime;][vc_basic_grid post_type=\u00a0\u00bbpost\u00a0\u00bb max_items=\u00a0\u00bb-1&Prime; style=\u00a0\u00bbpagination\u00a0\u00bb items_per_page=\u00a0\u00bb6&Prime; element_width=\u00a0\u00bb2&Prime; gap=\u00a0\u00bb5&Prime; arrows_design=\u00a0\u00bbvc_arrow-icon-arrow_08_left\u00a0\u00bb arrows_color=\u00a0\u00bbjuicy_pink\u00a0\u00bb paging_design=\u00a0\u00bbpagination_square\u00a0\u00bb paging_color=\u00a0\u00bbjuicy_pink\u00a0\u00bb initial_loading_animation=\u00a0\u00bbfadeInUp\u00a0\u00bb grid_id=\u00a0\u00bbvc_gid:1609427230074-67d504ad-c960-3&Prime; taxonomies=\u00a0\u00bb18&Prime;][\/vc_tta_section][vc_tta_section title=\u00a0\u00bb`{`:de`}`Bl\u00ebtz in den Medien`{`:fr`}`Bl\u00ebtz dans les m\u00e9dias`{`:lu`}`Bl\u00ebtz an de Medien`{`:`}`\u00a0\u00bb tab_id=\u00a0\u00bb1609426738481-56e1e1d3-cecb\u00a0\u00bb][vc_basic_grid post_type=\u00a0\u00bbpost\u00a0\u00bb max_items=\u00a0\u00bb-1&Prime; style=\u00a0\u00bbpagination\u00a0\u00bb items_per_page=\u00a0\u00bb6&Prime; element_width=\u00a0\u00bb2&Prime; gap=\u00a0\u00bb5&Prime; arrows_design=\u00a0\u00bbvc_arrow-icon-arrow_08_left\u00a0\u00bb arrows_color=\u00a0\u00bbjuicy_pink\u00a0\u00bb paging_design=\u00a0\u00bbpagination_square\u00a0\u00bb paging_color=\u00a0\u00bbjuicy_pink\u00a0\u00bb initial_loading_animation=\u00a0\u00bbslideInUp\u00a0\u00bb grid_id=\u00a0\u00bbvc_gid:1609427368891-9dbb30e1-db81-6&Prime; taxonomies=\u00a0\u00bb15&Prime;][\/vc_tta_section][\/vc_tta_tour][\/vc_column][\/vc_row]<\/p>\n","protected":false},"excerpt":{"rendered":"<p>[vc_row full_width=\u00a0\u00bbstretch_row_content\u00a0\u00bb css=\u00a0\u00bb.vc_custom_1609427671889{padding-bottom: 10px !important;}\u00a0\u00bb][vc_column][\/vc_column][\/vc_row][vc_row full_width=\u00a0\u00bbstretch_row_content_no_spaces\u00a0\u00bb full_height=\u00a0\u00bbyes\u00a0\u00bb columns_placement=\u00a0\u00bbtop\u00a0\u00bb equal_height=\u00a0\u00bbyes\u00a0\u00bb][vc_column][vc_tta_tour][vc_tta_section title=\u00a0\u00bb`{`:de`}`Bl\u00ebtz unterwegs`{`:fr`}`Bl\u00ebtz en route`{`:lu`}`Bl\u00ebtz \u00ebnnerwee`{`:`}`\u00a0\u00bb tab_id=\u00a0\u00bb1609426738477-fd94a25f-7a78&Prime;][vc_basic_grid post_type=\u00a0\u00bbpost\u00a0\u00bb max_items=\u00a0\u00bb-1&Prime; style=\u00a0\u00bbpagination\u00a0\u00bb items_per_page=\u00a0\u00bb6&Prime; element_width=\u00a0\u00bb2&Prime; gap=\u00a0\u00bb5&Prime; arrows_design=\u00a0\u00bbvc_arrow-icon-arrow_08_left\u00a0\u00bb arrows_color=\u00a0\u00bbjuicy_pink\u00a0\u00bb paging_design=\u00a0\u00bbpagination_square\u00a0\u00bb paging_color=\u00a0\u00bbjuicy_pink\u00a0\u00bb initial_loading_animation=\u00a0\u00bbfadeInUp\u00a0\u00bb grid_id=\u00a0\u00bbvc_gid:1609427230074-67d504ad-c960-3&Prime; taxonomies=\u00a0\u00bb18&Prime;][\/vc_tta_section][vc_tta_section title=\u00a0\u00bb`{`:de`}`Bl\u00ebtz in [&hellip;]<\/p>\n","protected":false},"author":656,"featured_media":0,"parent":0,"menu_order":0,"comment_status":"closed","ping_status":"closed","template":"","meta":{"jetpack_post_was_ever_published":false,"footnotes":""},"categories":[],"tags":[],"class_list":["post-65741","page","type-page","status-publish","hentry"],"jetpack_shortlink":"https:\/\/wp.me\/P3uDnz-h6l","jetpack_sharing_enabled":true,"_links":{"self":[{"href":"https:\/\/bletz.lu\/fr\/wp-json\/wp\/v2\/pages\/65741","targetHints":{"allow":["GET"]}}],"collection":[{"href":"https:\/\/bletz.lu\/fr\/wp-json\/wp\/v2\/pages"}],"about":[{"href":"https:\/\/bletz.lu\/fr\/wp-json\/wp\/v2\/types\/page"}],"author":[{"embeddable":true,"href":"https:\/\/bletz.lu\/fr\/wp-json\/wp\/v2\/users\/656"}],"replies":[{"embeddable":true,"href":"https:\/\/bletz.lu\/fr\/wp-json\/wp\/v2\/comments?post=65741"}],"version-history":[{"count":14,"href":"https:\/\/bletz.lu\/fr\/wp-json\/wp\/v2\/pages\/65741\/revisions"}],"predecessor-version":[{"id":65755,"href":"https:\/\/bletz.lu\/fr\/wp-json\/wp\/v2\/pages\/65741\/revisions\/65755"}],"wp:attachment":[{"href":"https:\/\/bletz.lu\/fr\/wp-json\/wp\/v2\/media?parent=65741"}],"wp:term":[{"taxonomy":"category","embeddable":true,"href":"https:\/\/bletz.lu\/fr\/wp-json\/wp\/v2\/categories?post=65741"},{"taxonomy":"post_tag","embeddable":true,"href":"https:\/\/bletz.lu\/fr\/wp-json\/wp\/v2\/tags?post=65741"}],"curies":[{"name":"wp","href":"https:\/\/api.w.org\/{rel}","templated":true}]}}