{"id":65758,"date":"2020-12-31T16:17:47","date_gmt":"2020-12-31T15:17:47","guid":{"rendered":"https:\/\/bletz.lu\/?page_id=65758"},"modified":"2023-07-11T20:44:01","modified_gmt":"2023-07-11T18:44:01","slug":"freizeitaktivitaeten","status":"publish","type":"page","link":"https:\/\/bletz.lu\/fr\/freizeitaktivitaeten\/","title":{"rendered":"Agenda"},"content":{"rendered":"<p>[vc_row full_width=\u00a0\u00bbstretch_row_content\u00a0\u00bb css=\u00a0\u00bb.vc_custom_1609427959814{padding-bottom: 10px !important;}\u00a0\u00bb][vc_column][nd_options_text nd_options_text_tag=\u00a0\u00bbh1&Prime; nd_options_text_weight=\u00a0\u00bbbold\u00a0\u00bb nd_options_text_align=\u00a0\u00bbcenter\u00a0\u00bb nd_options_text=\u00a0\u00bb<!--:de-\u279eFreizeitaktivit\u00e4ten und Portes ouvertesLoisirs et portes ouvertes\"][\/vc_column][\/vc_row][vc_row full_width=\"stretch_row_content\" equal_height=\"yes\" content_placement=\"top\"][vc_column width=\"1\/3\"][nd_options_text nd_options_text_tag=\"h2\" nd_options_text_weight=\"bold\" nd_options_text_align=\"center\" nd_options_text=\"P\u00e9tanque\" nd_options_text_color=\"#fab53a\"][vc_single_image image=\"1541\" img_size=\"full\"][\/vc_column][vc_column width=\"1\/3\"][vc_column_text]\n\n\n<div class=\"page\" title=\"Page 24\">\n\n\n<div class=\"layoutArea\">\n\n\n<div class=\"column\">\n\n<strong>Portes ouvertes<\/strong>\n\nCentre Culturel de Huncherange\n8, rue de l\u2019Ecole\nL-3341 Huncherange\n\n10.00-12.00\n\n\n<ul>\n \t\n\n<li>15.07.23 - Fatique apr\u00e8s un AVC - Que faire?<\/li>\n\n\n \t\n\n<li>23.09.23 - Quand la parole ne vient plus\u2026<\/li>\n\n\n \t\n\n<li>25.11.23 - Ergoth\u00e9rapie - Les activit\u00e9s journali\u00e8res<\/li>\n\n\n<\/ul>\n\n\n10.00-11.00\n\n\n<ul>\n \t\n\n<li>09.12.23 - Dans quelle mesure la relaxation peut-elle contribuer \u00e0 la gestion du stress apr\u00e8s un AVC ou d\u2019autres l\u00e9sions c\u00e9r\u00e9brales?<\/li>\n\n\n<\/ul>\n\n\n<strong>Premier dimanche du mois au Stade John Gru\u0308n<\/strong>\n\n\n<ul class=\"\">\n \t\n\n<li class=\"\">05.03.23<\/li>\n\n\n \t\n\n<li class=\"\">02.04.23<\/li>\n\n\n \t\n\n<li class=\"\">04.06.23<\/li>\n\n\n \t\n\n<li class=\"\">02.07.23<\/li>\n\n\n \t\n\n<li class=\"\">06.08.23<\/li>\n\n\n \t\n\n<li class=\"\">03.09.23<\/li>\n\n\n \t\n\n<li class=\"\">01.10.23<\/li>\n\n\n<\/ul>\n\n\n\n\n<blockquote>\n\n\n<div><b>Stade John Gr\u00fcn<\/b><\/div>\n\n\n\n\n<div><b>5, rue Alphonse Diederich<\/b><\/div>\n\n\n\n\n<div><b>L-5620 Mondorf-les-Bains<\/b><\/div>\n\n\n\n\n<div><b>10.00-12.00<\/b><\/div>\n\n<\/blockquote>\n\n\n<\/div>\n\n\n\n\n<div class=\"page\" title=\"Page 24\">\n\n\n<div class=\"layoutArea\">\n\n\n<div class=\"column\">\n\nC\u2019est gra\u0302ce a\u0300 la bienveillante collaboration de la part de la Commune de Mondorf et avec l\u2019appui engage\u0301 de son Club Pe\u0301tanques que Ble\u0308tz a.s.b.l. peut offrir cette activite\u0301 sportive.\n\n<\/div>\n\n\n\n\n<blockquote>\n\n\n<div>\n\n\n<div>\n\n\n<div><b>Sport de Relaxation:<\/b><\/div>\n\n\n\n\n<div><b>Centre Culturel Huncherange<\/b><\/div>\n\n\n\n\n<div><b>8, rue de l\u2019Ecole<\/b><\/div>\n\n\n\n\n<div><b>L-3341 Huncherange<\/b><\/div>\n\n\n\n\n<div><b>10.00-11.00<\/b><\/div>\n\n\n\n\n<div><b>\u00a0<\/b><\/div>\n\n\n\n\n<div>\n\n\n<ul class=\"MailOutline\">\n \t\n\n<li>21.01.23<\/li>\n\n\n \t\n\n<li>04.02.23<\/li>\n\n\n \t\n\n<li>04.03.23<\/li>\n\n\n \t\n\n<li>22.04.23<\/li>\n\n\n \t\n\n<li>06.05.23<\/li>\n\n\n \t\n\n<li>10.06.23<\/li>\n\n\n \t\n\n<li>01.07.23<\/li>\n\n\n \t\n\n<li>30.09.23<\/li>\n\n\n \t\n\n<li>07.10.23<\/li>\n\n\n \t\n\n<li>18.11.23<\/li>\n\n\n<\/ul>\n\n\n\n\n<div><\/div>\n\n\n<\/div>\n\n\n\n\n<div><\/div>\n\n\n\n\n<div>\n\n\n<div><b>Aktivit\u00e9 physique th\u00e9rapeutique en collaboration avec BackToSport:<\/b><\/div>\n\n\n\n\n<div><b>Rehazenter<\/b><\/div>\n\n\n\n\n<div><b>1, rue Andr\u00e9 V\u00e9sale<\/b><\/div>\n\n\n\n\n<div><b>L-2674 Luxembourg<\/b><\/div>\n\n\n\n\n<div><b>10.00-12.00<\/b><\/div>\n\n\n\n\n<div><b>\u00a0<\/b><\/div>\n\n\n\n\n<div>\n\n\n<ul class=\"MailOutline\">\n \t\n\n<li>14.01.23<\/li>\n\n\n \t\n\n<li>11.02.23<\/li>\n\n\n \t\n\n<li>11.03.23<\/li>\n\n\n \t\n\n<li>08.04.23<\/li>\n\n\n \t\n\n<li>13.05.23<\/li>\n\n\n \t\n\n<li>10.06.23<\/li>\n\n\n \t\n\n<li>08.07.23<\/li>\n\n\n \t\n\n<li>16.09.23<\/li>\n\n\n \t\n\n<li>14.10.23<\/li>\n\n\n \t\n\n<li>11.11.23<\/li>\n\n\n \t\n\n<li>02.12.23<\/li>\n\n\n<\/ul>\n\n\n<\/div>\n\n\n<\/div>\n\n\n<\/div>\n\n\n<\/div>\n\n<\/blockquote>\n\n\n<\/div>\n\n\n<\/div>\n\n\n<\/div>\n\n\n<\/div>\n\n\n[\/vc_column_text][vc_video link=\"https:\/\/www.youtube.com\/watch?v=9opn7Imyz-k\"][\/vc_column][vc_column width=\"1\/3\"][vc_gmaps link=\"#E-8_JTNDaWZyYW1lJTIwc3JjJTNEJTIyaHR0cHMlM0ElMkYlMkZ3d3cuZ29vZ2xlLmNvbSUyRm1hcHMlMkZlbWJlZCUzRnBiJTNEJTIxMW0xOCUyMTFtMTIlMjExbTMlMjExZDI1OTAuNjcxNDQ1MjMwODYzNCUyMTJkNi4yODY5NDU2MTYwMjU2MDglMjEzZDQ5LjUwOTU5ODI2MjU4NjM3JTIxMm0zJTIxMWYwJTIxMmYwJTIxM2YwJTIxM20yJTIxMWkxMDI0JTIxMmk3NjglMjE0ZjEzLjElMjEzbTMlMjExbTIlMjExczB4NDc5NTNmNzA3MWZjNmI5NyUyNTNBMHg0M2ZlYmZhNjFlN2U2YmI0JTIxMnNTdGFkZSUyNTIwSm9obiUyNTIwR3IlMjVDMyUyNUJDbiUyMTVlMCUyMTNtMiUyMTFzZW4lMjEyc2x1JTIxNHYxNjA5NDI4NDQ5Mjk5JTIxNW0yJTIxMXNlbiUyMTJzbHUlMjIlMjB3aWR0aCUzRCUyMjQwMCUyMiUyMGhlaWdodCUzRCUyMjMwMCUyMiUyMGZyYW1lYm9yZGVyJTNEJTIyMCUyMiUyMHN0eWxlJTNEJTIyYm9yZGVyJTNBMCUzQiUyMiUyMGFsbG93ZnVsbHNjcmVlbiUzRCUyMiUyMiUyMGFyaWEtaGlkZGVuJTNEJTIyZmFsc2UlMjIlMjB0YWJpbmRleCUzRCUyMjAlMjIlM0UlM0MlMkZpZnJhbWUlM0U=\"][vc_single_image image=\"4401\" img_size=\"full\"][\/vc_column][\/vc_row][vc_row full_width=\"stretch_row_content\" equal_height=\"yes\" content_placement=\"top\"][vc_column width=\"1\/4\"][nd_options_text nd_options_text_tag=\"h2\" nd_options_text_weight=\"bold\" nd_options_text_align=\"center\" nd_options_text=\"FLASS\" nd_options_text_color=\"#fab53a\"][vc_single_image image=\"65764\" img_size=\"full\"][\/vc_column][vc_column width=\"3\/4\"][vc_column_text]\nLa Fe\u0301de\u0301ration Luxembourgeoise des Associations de Sport de Sante\u0301 (FLASS), dont Ble\u0308tz est l\u2019un des membres fondateurs, a pour objectif d\u2019accroi\u0302tre la participation des personnes atteintes de maladies chroniques aux cours d\u2019activite\u0301 physique the\u0301rapeutique propose\u0301s au Luxembourg par ses membres afin de diminuer le risque de re\u0301cidives de leurs maladies et\/ou de leur donner un plus grand confort de vie.\n\nA l\u2019instar de Ble\u0308tz qui organise un groupe de pe\u0301tanque, les autres membres de la FLASS proposent des activite\u0301s physiques the\u0301rapeutiques (aquagym, marche nordique, musculation, cyclisme, boxe, fitness, zumba, etc.) pour des personnes atteintes de maladies neurologiques, cardiaques, me\u0301taboliques, musculaires, osseuses, articulaires, oncologiques ou psychiques.\n\nLes missions de la FLASS sont :\n\n\n<ul>\n \t\n\n<li>de\u0301velopperetdiffuserleconceptde \u00ab Sport de Sante\u0301 \u00bb au Luxembourg,<\/li>\n\n\n \t\n\n<li>promouvoir les activite\u0301s physiques dans le domaine \u00ab Sport de Sante\u0301 \u00bb,<\/li>\n\n\n \t\n\n<li>soutenir l\u2019effort de formation des moniteurs et d\u2019autres personnels d\u2019encadrement,<\/li>\n\n\n \t\n\n<li>garantir la se\u0301curite\u0301 et la convivialite\u0301 des pratiques offertes.<\/li>\n\n\n<\/ul>\n\n\nLe ro\u0302le de la FLASS est aussi celui d\u2019accompagner et de valoriser ses membres et de les repre\u0301senter devant les instances publiques.\n\nNous remercions Alexis Lion, Charge\u0301 de Direction Flass.\n\n\n[\/vc_column_text][\/vc_column][\/vc_row]\n<\/p>\n","protected":false},"excerpt":{"rendered":"<p>[vc_row full_width=\u00a0\u00bbstretch_row_content\u00a0\u00bb css=\u00a0\u00bb.vc_custom_1609427959814{padding-bottom: 10px !important;}\u00a0\u00bb][vc_column][nd_options_text nd_options_text_tag=\u00a0\u00bbh1&Prime; nd_options_text_weight=\u00a0\u00bbbold\u00a0\u00bb nd_options_text_align=\u00a0\u00bbcenter\u00a0\u00bb nd_options_text=\u00a0\u00bb<\/p>\n","protected":false},"author":656,"featured_media":0,"parent":0,"menu_order":0,"comment_status":"closed","ping_status":"closed","template":"","meta":{"jetpack_post_was_ever_published":false,"footnotes":""},"categories":[],"tags":[],"class_list":["post-65758","page","type-page","status-publish","hentry"],"jetpack_shortlink":"https:\/\/wp.me\/P3uDnz-h6C","jetpack_sharing_enabled":true,"_links":{"self":[{"href":"https:\/\/bletz.lu\/fr\/wp-json\/wp\/v2\/pages\/65758","targetHints":{"allow":["GET"]}}],"collection":[{"href":"https:\/\/bletz.lu\/fr\/wp-json\/wp\/v2\/pages"}],"about":[{"href":"https:\/\/bletz.lu\/fr\/wp-json\/wp\/v2\/types\/page"}],"author":[{"embeddable":true,"href":"https:\/\/bletz.lu\/fr\/wp-json\/wp\/v2\/users\/656"}],"replies":[{"embeddable":true,"href":"https:\/\/bletz.lu\/fr\/wp-json\/wp\/v2\/comments?post=65758"}],"version-history":[{"count":9,"href":"https:\/\/bletz.lu\/fr\/wp-json\/wp\/v2\/pages\/65758\/revisions"}],"predecessor-version":[{"id":75873,"href":"https:\/\/bletz.lu\/fr\/wp-json\/wp\/v2\/pages\/65758\/revisions\/75873"}],"wp:attachment":[{"href":"https:\/\/bletz.lu\/fr\/wp-json\/wp\/v2\/media?parent=65758"}],"wp:term":[{"taxonomy":"category","embeddable":true,"href":"https:\/\/bletz.lu\/fr\/wp-json\/wp\/v2\/categories?post=65758"},{"taxonomy":"post_tag","embeddable":true,"href":"https:\/\/bletz.lu\/fr\/wp-json\/wp\/v2\/tags?post=65758"}],"curies":[{"name":"wp","href":"https:\/\/api.w.org\/{rel}","templated":true}]}}