{"id":86391,"date":"2024-10-21T12:14:17","date_gmt":"2024-10-21T10:14:17","guid":{"rendered":"https:\/\/bletz.lu\/?page_id=86391"},"modified":"2024-10-21T15:58:22","modified_gmt":"2024-10-21T13:58:22","slug":"claudine-muno-play-and-repeat","status":"publish","type":"page","link":"https:\/\/bletz.lu\/fr\/claudine-muno-play-and-repeat\/","title":{"rendered":"Claudine Muno &#8211; Play and Repeat"},"content":{"rendered":"<p>[vc_row][vc_column] <h1 style=\"color:;padding:px;text-align:;font-size:50px;line-height:60px;letter-spacing: px;font-weight:lighter\" class=\"   nd_options_first_font \">Claudine Muno - Play and Repeat<\/h1> [\/vc_column][\/vc_row][vc_row full_width=\u00a0\u00bbstretch_row\u00a0\u00bb gap=\u00a0\u00bb15&Prime; equal_height=\u00a0\u00bbyes\u00a0\u00bb content_placement=\u00a0\u00bbtop\u00a0\u00bb][vc_column width=\u00a0\u00bb1\/2&Prime;][vc_column_text]Zum Welttag des Schlaganfalls stellt <strong>Claudine Muno<\/strong> ihr f\u00fcr Bl\u00ebtz a.s.b.l. komponiertes Lied \u201e<strong>Play and Repeat<\/strong>\u00a0\u00bb vor. S\u00e4mtliche Spenden unterst\u00fctzen die Bl\u00ebtz a.s.b.l.<\/p>\n<p>Premi\u00e8re de la chanson \u00ab <strong>Play and Repeat<\/strong> \u00bb de <strong>Claudine Muno<\/strong> compos\u00e9e pour Bl\u00ebtz a.s.b.l. \u00e0 l&rsquo;occasion de la \u00ab Journ\u00e9e mondiale de l&rsquo;AVC 2024\u00bb. Tous les dons soutiendront Bl\u00ebtz a.s.b.l.[\/vc_column_text][vc_single_image image=\u00a0\u00bb86400&Prime; img_size=\u00a0\u00bblarge\u00a0\u00bb title=\u00a0\u00bbClaudine Muno &#8211; Play and Repeat (2024)\u00a0\u00bb][\/vc_column][vc_column width=\u00a0\u00bb1\/2&Prime;][vc_column_text]<\/p>\n<h2 style=\"text-align: center;\">\u00c9coutez et faites un don \/ H\u00f6ren und spenden \/ Listen and donate<\/h2>\n<p>[\/vc_column_text][vc_column_text]<\/p>\n<audio class=\"wp-audio-shortcode\" id=\"audio-86391-1\" preload=\"none\" style=\"width: 100%;\" controls=\"controls\"><source type=\"audio\/mpeg\" src=\"https:\/\/bletz.lu\/wp-content\/uploads\/2024\/10\/Claudine_Muno-Play_and_Repeat.mp3?_=1\" \/><a href=\"https:\/\/bletz.lu\/wp-content\/uploads\/2024\/10\/Claudine_Muno-Play_and_Repeat.mp3\">https:\/\/bletz.lu\/wp-content\/uploads\/2024\/10\/Claudine_Muno-Play_and_Repeat.mp3<\/a><\/audio>\n<p>[\/vc_column_text][vc_raw_html]JTNDY2VudGVyJTNFJTNDZm9ybSUyMGFjdGlvbiUzRCUyMmh0dHBzJTNBJTJGJTJGd3d3LnBheXBhbC5jb20lMkZkb25hdGUlMjIlMjBtZXRob2QlM0QlMjJwb3N0JTIyJTIwdGFyZ2V0JTNEJTIyX3RvcCUyMiUzRSUwQSUzQ2lucHV0JTIwdHlwZSUzRCUyMmhpZGRlbiUyMiUyMG5hbWUlM0QlMjJob3N0ZWRfYnV0dG9uX2lkJTIyJTIwdmFsdWUlM0QlMjJSQ01aNUZXTkRBTFJHJTIyJTIwJTJGJTNFJTBBJTNDaW5wdXQlMjB0eXBlJTNEJTIyaW1hZ2UlMjIlMjBzcmMlM0QlMjJodHRwcyUzQSUyRiUyRnd3dy5wYXlwYWxvYmplY3RzLmNvbSUyRmVuX1VTJTJGaSUyRmJ0biUyRmJ0bl9kb25hdGVfTEcuZ2lmJTIyJTIwYm9yZGVyJTNEJTIyMCUyMiUyMG5hbWUlM0QlMjJzdWJtaXQlMjIlMjB0aXRsZSUzRCUyMlBheVBhbCUyMC0lMjBUaGUlMjBzYWZlciUyQyUyMGVhc2llciUyMHdheSUyMHRvJTIwcGF5JTIwb25saW5lJTIxJTIyJTIwYWx0JTNEJTIyRG9uYXRlJTIwd2l0aCUyMFBheVBhbCUyMGJ1dHRvbiUyMiUyMCUyRiUzRSUwQSUzQ2ltZyUyMGFsdCUzRCUyMiUyMiUyMGJvcmRlciUzRCUyMjAlMjIlMjBzcmMlM0QlMjJodHRwcyUzQSUyRiUyRnd3dy5wYXlwYWwuY29tJTJGZW5fTFUlMkZpJTJGc2NyJTJGcGl4ZWwuZ2lmJTIyJTIwd2lkdGglM0QlMjIxJTIyJTIwaGVpZ2h0JTNEJTIyMSUyMiUyMCUyRiUzRSUwQSUzQyUyRmZvcm0lM0UlMEElM0MlMkZjZW50ZXIlM0U=[\/vc_raw_html][\/vc_column][\/vc_row]<\/p>\n","protected":false},"excerpt":{"rendered":"<p>[vc_row][vc_column][\/vc_column][\/vc_row][vc_row full_width=\u00a0\u00bbstretch_row\u00a0\u00bb gap=\u00a0\u00bb15&Prime; equal_height=\u00a0\u00bbyes\u00a0\u00bb content_placement=\u00a0\u00bbtop\u00a0\u00bb][vc_column width=\u00a0\u00bb1\/2&Prime;][vc_column_text]Zum Welttag des Schlaganfalls stellt Claudine Muno ihr f\u00fcr Bl\u00ebtz a.s.b.l. komponiertes Lied \u201ePlay and Repeat\u00a0\u00bb vor. S\u00e4mtliche Spenden unterst\u00fctzen die Bl\u00ebtz a.s.b.l. Premi\u00e8re de [&hellip;]<\/p>\n","protected":false},"author":656,"featured_media":0,"parent":0,"menu_order":0,"comment_status":"closed","ping_status":"closed","template":"","meta":{"jetpack_post_was_ever_published":false,"footnotes":""},"categories":[87],"tags":[],"class_list":["post-86391","page","type-page","status-publish","hentry","category-jmavc2024"],"jetpack_shortlink":"https:\/\/wp.me\/P3uDnz-mtp","jetpack_sharing_enabled":true,"_links":{"self":[{"href":"https:\/\/bletz.lu\/fr\/wp-json\/wp\/v2\/pages\/86391","targetHints":{"allow":["GET"]}}],"collection":[{"href":"https:\/\/bletz.lu\/fr\/wp-json\/wp\/v2\/pages"}],"about":[{"href":"https:\/\/bletz.lu\/fr\/wp-json\/wp\/v2\/types\/page"}],"author":[{"embeddable":true,"href":"https:\/\/bletz.lu\/fr\/wp-json\/wp\/v2\/users\/656"}],"replies":[{"embeddable":true,"href":"https:\/\/bletz.lu\/fr\/wp-json\/wp\/v2\/comments?post=86391"}],"version-history":[{"count":16,"href":"https:\/\/bletz.lu\/fr\/wp-json\/wp\/v2\/pages\/86391\/revisions"}],"predecessor-version":[{"id":86427,"href":"https:\/\/bletz.lu\/fr\/wp-json\/wp\/v2\/pages\/86391\/revisions\/86427"}],"wp:attachment":[{"href":"https:\/\/bletz.lu\/fr\/wp-json\/wp\/v2\/media?parent=86391"}],"wp:term":[{"taxonomy":"category","embeddable":true,"href":"https:\/\/bletz.lu\/fr\/wp-json\/wp\/v2\/categories?post=86391"},{"taxonomy":"post_tag","embeddable":true,"href":"https:\/\/bletz.lu\/fr\/wp-json\/wp\/v2\/tags?post=86391"}],"curies":[{"name":"wp","href":"https:\/\/api.w.org\/{rel}","templated":true}]}}