{"id":1415,"date":"2015-06-14T21:08:58","date_gmt":"2015-06-14T19:08:58","guid":{"rendered":"http:\/\/www.bletz.lu\/?page_id=1415"},"modified":"2019-08-19T18:56:07","modified_gmt":"2019-08-19T16:56:07","slug":"petanque","status":"publish","type":"page","link":"https:\/\/bletz.lu\/lu\/petanque\/","title":{"rendered":"P\u00e9tanque"},"content":{"rendered":"<h3 style=\"text-align: center;\"><a href=\"http:\/\/bletz.lu\/wp-content\/uploads\/2015\/06\/logo_commune_mondorf.png\"><img loading=\"lazy\" decoding=\"async\" data-attachment-id=\"1404\" data-permalink=\"https:\/\/bletz.lu\/lu\/de-bletz-offreiert-de-memberen-petanque-zu-mondorf\/logo_commune_mondorf\/\" data-orig-file=\"https:\/\/bletz.lu\/wp-content\/uploads\/2015\/06\/logo_commune_mondorf.png\" data-orig-size=\"366,648\" data-comments-opened=\"1\" data-image-meta=\"{&quot;aperture&quot;:&quot;0&quot;,&quot;credit&quot;:&quot;&quot;,&quot;camera&quot;:&quot;&quot;,&quot;caption&quot;:&quot;&quot;,&quot;created_timestamp&quot;:&quot;0&quot;,&quot;copyright&quot;:&quot;&quot;,&quot;focal_length&quot;:&quot;0&quot;,&quot;iso&quot;:&quot;0&quot;,&quot;shutter_speed&quot;:&quot;0&quot;,&quot;title&quot;:&quot;&quot;,&quot;orientation&quot;:&quot;0&quot;}\" data-image-title=\"logo_commune_mondorf\" data-image-description=\"\" data-image-caption=\"\" data-medium-file=\"https:\/\/bletz.lu\/wp-content\/uploads\/2015\/06\/logo_commune_mondorf-169x300.png\" data-large-file=\"https:\/\/bletz.lu\/wp-content\/uploads\/2015\/06\/logo_commune_mondorf.png\" class=\"wp-image-1404 alignright\" src=\"http:\/\/bletz.lu\/wp-content\/uploads\/2015\/06\/logo_commune_mondorf-169x300.png\" alt=\"logo_commune_mondorf\" width=\"111\" height=\"197\" srcset=\"https:\/\/bletz.lu\/wp-content\/uploads\/2015\/06\/logo_commune_mondorf-169x300.png 169w, https:\/\/bletz.lu\/wp-content\/uploads\/2015\/06\/logo_commune_mondorf.png 366w\" sizes=\"auto, (max-width: 111px) 100vw, 111px\" \/><\/a><strong>\u00cbmmer den \u00e9ischte Sonndeg am Mount vun 10.00 \u00e0 12.00 Auer.<\/strong><\/h3>\n<h3 style=\"text-align: center;\">N\u00e4chste Trainings \/ Prochains trainings :<\/h3>\n<ul>\n<li>01. September 2019<\/li>\n<li>06. Oktober 2019<\/li>\n<li>03. November 2019<\/li>\n<\/ul>\n<h3>Winterpause \/ Pause d&#8217;hiver : d\u00e9cembre 2019 &#8211; d\u00e9but mars 2020<\/h3>\n<p><strong>Wou? Stade John Gr\u00fcn, rte de Remich \/ rue Alphonse Diederich L-5650 Mondorf-Bains <\/strong><\/p>\n<p><iframe loading=\"lazy\" style=\"border: 0;\" src=\"https:\/\/www.google.com\/maps\/embed?pb=!1m18!1m12!1m3!1d1295.3425311477756!2d6.288113358250488!3d49.50934113646273!2m3!1f0!2f0!3f0!3m2!1i1024!2i768!4f13.1!3m3!1m2!1s0x47953f706ee76c35%3A0x6c980021d5960b91!2sStade+John+Gr%C3%BCn%2C+5620+Bad+Mondorf!5e0!3m2!1sen!2slu!4v1470982714851\" width=\"400\" height=\"300\" frameborder=\"0\" allowfullscreen=\"allowfullscreen\"><\/iframe><\/p>\n<ul>\n<li>Et ass eng Aktivit\u00e9it d\u00e9i och fir L\u00e9it mat enger Beh\u00ebnnerung einfach zoug\u00e4nglech ass, mat minimalem Verletzungsrisiko.<\/li>\n<li>Et ass e ganz gudden Training fir d\u2019Motorik w\u00e4hrend der R\u00e9educatioun, fuerdert d\u2019Pr\u00e4zisioun vun der Beweegung an d&#8217;Koordinatioun.<\/li>\n<li>Et ass eng sozial Sportart d\u00e9i de Kontakt mat aneren L\u00e9it br\u00e9ngt, wouduerch och d\u2019Sprooch an den Teamgeescht gefuerdert sinn.<\/li>\n<li>Et motiv\u00e9iert ee fir Fortschr\u00ebtter ze maachen well ee g\u00e9int aner L\u00e9it spillt, a g\u00ebtt en Erfollegserliefniss. ( Kompetitiounsgeescht )<\/li>\n<li>Et kann een dobaussen w\u00e9i och an enger Hal spillen.<\/li>\n<li>Et w\u00e4rten \u00ebmmer e puer Memberen vum Club do si wann mir kommen, fir eis ze weisen w\u00e9i ee spillt, an och fir mat eis ze spillen.<\/li>\n<li>Mir brauche kee Material ze kafen, de Club stellt eis alles zur Verf\u00fcgung.<\/li>\n<li>De Club huet och eng eegen Buvette.<\/li>\n<li>Et steet e riesege Parking zur Verf\u00fcgung an dee ganze Site ass rollstullgerecht.<\/li>\n<li>Wat d\u2019Assurancen ugeet, geet et duer, wa jiddereen eng Haftpflichtversecherung huet.<\/li>\n<\/ul>\n<ul>\n<li style=\"list-style-type: none;\">\n<ul>\n<li>Datumer\/Dates:\n<ul>\n<li style=\"list-style-type: none;\">\n<ul>\n<li><strong>\u00ebmmer den \u00e9ischte Sonndeg am Mount vun 10.00 \u00e0 12.00 Auer.<\/strong><\/li>\n<\/ul>\n<\/li>\n<\/ul>\n<\/li>\n<\/ul>\n<\/li>\n<\/ul>\n<ul>\n<li style=\"list-style-type: none;\">\n<ul>\n<li style=\"list-style-type: none;\"><\/li>\n<\/ul>\n<\/li>\n<\/ul>\n<p><strong>Ort \/ lieu:<\/strong> Stade John Gr\u00fcn, rte de Remich \/ rue Alphonse Diederich L-5650 Mondorf-Bains<\/p>\n<p><center><\/center><\/p>\n<div id=\"attachment_1541\" style=\"width: 310px\" class=\"wp-caption aligncenter\"><a href=\"http:\/\/bletz.lu\/wp-content\/uploads\/2015\/09\/petanque_takamaka.png\"><img loading=\"lazy\" decoding=\"async\" aria-describedby=\"caption-attachment-1541\" data-attachment-id=\"1541\" data-permalink=\"https:\/\/bletz.lu\/lu\/petanque-4-und-8-oktober\/petanque_takamaka\/\" data-orig-file=\"https:\/\/bletz.lu\/wp-content\/uploads\/2015\/09\/petanque_takamaka.png\" data-orig-size=\"674,196\" data-comments-opened=\"1\" data-image-meta=\"{&quot;aperture&quot;:&quot;0&quot;,&quot;credit&quot;:&quot;&quot;,&quot;camera&quot;:&quot;&quot;,&quot;caption&quot;:&quot;&quot;,&quot;created_timestamp&quot;:&quot;0&quot;,&quot;copyright&quot;:&quot;&quot;,&quot;focal_length&quot;:&quot;0&quot;,&quot;iso&quot;:&quot;0&quot;,&quot;shutter_speed&quot;:&quot;0&quot;,&quot;title&quot;:&quot;&quot;,&quot;orientation&quot;:&quot;0&quot;}\" data-image-title=\"petanque_takamaka\" data-image-description=\"\" data-image-caption=\"\" data-medium-file=\"https:\/\/bletz.lu\/wp-content\/uploads\/2015\/09\/petanque_takamaka-300x87.png\" data-large-file=\"https:\/\/bletz.lu\/wp-content\/uploads\/2015\/09\/petanque_takamaka.png\" class=\"wp-image-1541 size-medium\" src=\"http:\/\/bletz.lu\/wp-content\/uploads\/2015\/09\/petanque_takamaka-300x87.png\" alt=\"P\u00e9tanque\" width=\"300\" height=\"87\" srcset=\"https:\/\/bletz.lu\/wp-content\/uploads\/2015\/09\/petanque_takamaka-300x87.png 300w, https:\/\/bletz.lu\/wp-content\/uploads\/2015\/09\/petanque_takamaka-600x174.png 600w, https:\/\/bletz.lu\/wp-content\/uploads\/2015\/09\/petanque_takamaka.png 674w\" sizes=\"auto, (max-width: 300px) 100vw, 300px\" \/><\/a><p id=\"caption-attachment-1541\" class=\"wp-caption-text\">P\u00e9tanque<\/p><\/div>\n<div id=\"attachment_1396\" style=\"width: 310px\" class=\"wp-caption aligncenter\"><a href=\"http:\/\/bletz.lu\/wp-content\/uploads\/2015\/05\/Boule.kugel_.jpg\"><img loading=\"lazy\" decoding=\"async\" aria-describedby=\"caption-attachment-1396\" data-attachment-id=\"1396\" data-permalink=\"https:\/\/bletz.lu\/lu\/de-bletz-offreiert-de-memberen-petanque-zu-mondorf\/boule-kugel\/\" data-orig-file=\"https:\/\/bletz.lu\/wp-content\/uploads\/2015\/05\/Boule.kugel_.jpg\" data-orig-size=\"512,384\" data-comments-opened=\"1\" data-image-meta=\"{&quot;aperture&quot;:&quot;5.5&quot;,&quot;credit&quot;:&quot;&quot;,&quot;camera&quot;:&quot;CaplioG3 modelS&quot;,&quot;caption&quot;:&quot;Unicode&quot;,&quot;created_timestamp&quot;:&quot;1087744258&quot;,&quot;copyright&quot;:&quot;(C) Caplio G3 modelS User&quot;,&quot;focal_length&quot;:&quot;5.7&quot;,&quot;iso&quot;:&quot;125&quot;,&quot;shutter_speed&quot;:&quot;0.0056818181818182&quot;,&quot;title&quot;:&quot;&quot;,&quot;orientation&quot;:&quot;1&quot;}\" data-image-title=\"Boule.kugel\" data-image-description=\"\" data-image-caption=\"&lt;p&gt;Unicode&lt;\/p&gt;\n\" data-medium-file=\"https:\/\/bletz.lu\/wp-content\/uploads\/2015\/05\/Boule.kugel_-300x225.jpg\" data-large-file=\"https:\/\/bletz.lu\/wp-content\/uploads\/2015\/05\/Boule.kugel_.jpg\" class=\"size-medium wp-image-1396\" src=\"http:\/\/bletz.lu\/wp-content\/uploads\/2015\/05\/Boule.kugel_-300x225.jpg\" alt=\"Unicode\" width=\"300\" height=\"225\" srcset=\"https:\/\/bletz.lu\/wp-content\/uploads\/2015\/05\/Boule.kugel_-300x225.jpg 300w, https:\/\/bletz.lu\/wp-content\/uploads\/2015\/05\/Boule.kugel_.jpg 512w\" sizes=\"auto, (max-width: 300px) 100vw, 300px\" \/><\/a><p id=\"caption-attachment-1396\" class=\"wp-caption-text\">P\u00e9tanque<\/p><\/div>\n","protected":false},"excerpt":{"rendered":"<p>\u00cbmmer den \u00e9ischte Sonndeg am Mount vun 10.00 \u00e0 12.00 Auer. N\u00e4chste Trainings \/ Prochains trainings : 01. September 2019 06. Oktober 2019 03. November 2019 Winterpause \/ Pause d&#8217;hiver [&hellip;]<\/p>\n","protected":false},"author":2,"featured_media":0,"parent":0,"menu_order":0,"comment_status":"closed","ping_status":"closed","template":"","meta":{"jetpack_post_was_ever_published":false,"footnotes":""},"categories":[],"tags":[],"class_list":["post-1415","page","type-page","status-publish","hentry"],"jetpack_shortlink":"https:\/\/wp.me\/P3uDnz-mP","jetpack_sharing_enabled":true,"_links":{"self":[{"href":"https:\/\/bletz.lu\/lu\/wp-json\/wp\/v2\/pages\/1415","targetHints":{"allow":["GET"]}}],"collection":[{"href":"https:\/\/bletz.lu\/lu\/wp-json\/wp\/v2\/pages"}],"about":[{"href":"https:\/\/bletz.lu\/lu\/wp-json\/wp\/v2\/types\/page"}],"author":[{"embeddable":true,"href":"https:\/\/bletz.lu\/lu\/wp-json\/wp\/v2\/users\/2"}],"replies":[{"embeddable":true,"href":"https:\/\/bletz.lu\/lu\/wp-json\/wp\/v2\/comments?post=1415"}],"version-history":[{"count":31,"href":"https:\/\/bletz.lu\/lu\/wp-json\/wp\/v2\/pages\/1415\/revisions"}],"predecessor-version":[{"id":63096,"href":"https:\/\/bletz.lu\/lu\/wp-json\/wp\/v2\/pages\/1415\/revisions\/63096"}],"wp:attachment":[{"href":"https:\/\/bletz.lu\/lu\/wp-json\/wp\/v2\/media?parent=1415"}],"wp:term":[{"taxonomy":"category","embeddable":true,"href":"https:\/\/bletz.lu\/lu\/wp-json\/wp\/v2\/categories?post=1415"},{"taxonomy":"post_tag","embeddable":true,"href":"https:\/\/bletz.lu\/lu\/wp-json\/wp\/v2\/tags?post=1415"}],"curies":[{"name":"wp","href":"https:\/\/api.w.org\/{rel}","templated":true}]}}