{"id":18,"date":"2013-10-29T23:17:05","date_gmt":"2013-10-29T22:17:05","guid":{"rendered":"http:\/\/www.bletz.lu\/?page_id=18"},"modified":"2019-08-19T16:40:40","modified_gmt":"2019-08-19T14:40:40","slug":"tipps-fir-den-emgang-mat","status":"publish","type":"page","link":"https:\/\/bletz.lu\/lu\/tipps-fir-den-emgang-mat\/","title":{"rendered":"Tipps fir den \u00cbmgang mat Schlagufallpatienten"},"content":{"rendered":"<p><\/p>\n<h6>Wir bedanken uns bei Frau Barbara Pl\u00fcckhahn vom Knaur Mens Sana Verlag f\u00fcr die Erlaubnis Ausz\u00fcge des folgenden Buches zu verwenden:<\/h6>\n<h1>Dr. Jill B. Taylor: Mit einem Schlag<\/h1>\n<h2>Dringende Appelle an die Umwelt im Krankenhaus :<\/h2>\n<ol>\n<li>Kommt nahe zu mir heran, sprecht langsam und deutlich.<\/li>\n<li>Wiederholt alles &#8211; tut einfach so, als w\u00fcsste ich gar nichts und finge ganz von vorne an.<\/li>\n<li>Achtet auf das, was eure K\u00f6rpersprache und Mienen mir vermitteln.<\/li>\n<li>Haltet Blickkontakt mit mir. Ich bin hier drin, sucht mich. Ermutigt mich..<\/li>\n<li>Ber\u00fchrt mich vorsichtig, und verbindet euch mit mir.<\/li>\n<li>Sch\u00fctzt meine Energie. Kein Radio, Fernsehen oder nerv\u00f6se Besucher ! Haltet die Besuche kurz. (5 Minuten).<\/li>\n<li>Bringt mir die Welt kin\u00e4sthetisch nahe. Lasst mich alles f\u00fchlen. (Ich bin wieder ein S\u00e4ugling).<\/li>\n<li>Geht sanft mit mir um, wie mit einem Neugeborenen.<\/li>\n<li>Vertraut darauf, dass mein Gehirn immer weiterlernen kann.<\/li>\n<li>Haltet mich vertraut mit meiner Familie, meinen Freunden und Bekannten. H\u00e4ngt die Karten und Fotos da\u00a0auf, wo ich sie sehen kann. Beschriftet sie, damit ich sie durchgehen kann.<\/li>\n<\/ol>\n<h2>Dringende Appelle an die Umwelt im Alltagsleben :<\/h2>\n<ol>\n<li>Ich bin nicht dumm und nicht taub, ich bin verletzt. Bitte, respektiert mich und erhebt nicht die Stimme.<\/li>\n<li>Seid beim zwanzigsten Mal, wenn ihr mir etwas beibringt, genauso geduldig wie beim ersten Mal.<\/li>\n<li>Stimuliert mein Gehirn, wenn ich die Energie habe, etwas Neues zu lernen, aber ihr m\u00fcsst wissen, dass\u00a0mich schon kleine Dinge sehr anstrengen k\u00f6nnen.<\/li>\n<li>Vertraut darauf, da\u00df ich es versuche &#8211; nur eben nicht in eurem Tempo oder mit euren F\u00e4higkeiten.<\/li>\n<li>Ber\u00fccksichtigt bitte, da\u00df meine Medikamente mich m\u00fcde machen und auch meine F\u00e4higkeit beeintr\u00e4chtigen, mich wie mich selbst zu f\u00fchlen.<\/li>\n<li>Stellt mir Fragen mit spezifischen Antworten. Lasst mir Zeit, um die Antwort zu finden. Vermeidet Ja\/Nein-Fragen.<\/li>\n<li>Sprecht direkt mit mir, nicht mit anderen \u00fcber mich.<\/li>\n<li>Ermutigt mich. Erwartet von mir, dass ich wieder ganz gesund werde, auch wenn es zwanzig Jahre dauert.<\/li>\n<li>Lobt all meine kleinen Erfolge. Sie machen mir Mut.<\/li>\n<li>Bitte, beendet nicht meine S\u00e4tze f\u00fcr mich, und erg\u00e4nzt auch nicht die W\u00f6rter, die ich nicht finden kann. Ich\u00a0muss mein Gehirn trainieren<\/li>\n<li>Es kann sein, dass ich euch in dem Glauben lasse, ich verst\u00fcnde mehr, als in Wahrheit der Fall ist.<\/li>\n<li>Liebt mich so, wie ich heute bin. Verlangt nicht von mir, so zu sein, wie ich fr\u00fcher war. Mein Gehirn ist jetzt\u00a0anders.<\/li>\n<li>Lobt all meine kleinen Erfolge. Sie machen mir Mut.<\/li>\n<\/ol>\n<p>Betrachten Sie hier die Pr\u00e4sentation zum Thema von Dr. Jill B. Taylor<br \/><iframe loading=\"lazy\" title=\"Jill Bolte Taylor: Jill Bolte Taylors kraftvoller Schlag der Erkenntnis\" src=\"https:\/\/embed.ted.com\/talks\/lang\/de\/jill_bolte_taylor_my_stroke_of_insight\" sandbox=\"allow-popups allow-scripts allow-same-origin\" width=\"1179\" height=\"663\" frameborder=\"0\" scrolling=\"no\" webkitAllowFullScreen mozallowfullscreen allowFullScreen><\/iframe><br \/><br \/><span class=\"embed-youtube\" style=\"text-align:center; display: block;\"><iframe loading=\"lazy\" class=\"youtube-player\" width=\"1180\" height=\"664\" src=\"https:\/\/www.youtube.com\/embed\/OGyOKItHS9Y?version=3&#038;rel=1&#038;showsearch=0&#038;showinfo=1&#038;iv_load_policy=1&#038;fs=1&#038;hl=lu-LU&#038;autohide=2&#038;wmode=transparent\" allowfullscreen=\"true\" style=\"border:0;\" sandbox=\"allow-scripts allow-same-origin allow-popups allow-presentation allow-popups-to-escape-sandbox\"><\/iframe><\/span><\/p>\n<h2>www.apotheken-umschau.de gibt im Ratgeber-Text \u00fcber Schlaganfall folgende Tipps:<\/h2>\n<p><i>Quelle: <a href=\"http:\/\/www.apotheken-umschau.de\/Schlaganfall\" target=\"_blank\" rel=\"noopener noreferrer\">http:\/\/www.apotheken-umschau.de\/Schlaganfall<\/a><\/i><\/p>\n<p>Hier einige Tipps f\u00fcr den Alltag:<\/p>\n<ul>\n<li>Trainieren Sie Ihre Gesichtsmuskeln vor dem Spiegel: Blasen Sie die Backen auf, schieben Sie die Luft von einer Wange in die andere, strecken Sie die Zunge heraus, zeigen Sie die Z\u00e4hne, l\u00e4cheln Sie, lachen Sie, ziehen Sie einen Schmollmund, runzeln Sie die Stirn.<\/li>\n<li>Halten Sie sich beim Essen m\u00f6glichst aufrecht.<\/li>\n<li>Helfen Sie sich beim Essen gegebenenfalls mit Tricks: Verzichten sie auf Tischt\u00fccher und bringen sie Gumminoppen an der Unterseite von widerspenstigen Gegenst\u00e4nden an. Beim Trinken helfen manchmal Schnabeltassen. Griffverdickungen vereinfachen das Essen.<br \/>Einfachere K\u00f6rperpflege: Mit einem Badehocker in der Duschkabine k\u00f6nnen Sie sich beim Duschen setzen. Zum Abtrocknen des K\u00f6rpers kann auch ein saugf\u00e4higer Frotteebademantel angezogen werden.<\/li>\n<li>Ziehen Sie immer zuerst die kranke Seite an. Beim Ausziehen ist es umgekehrt: hier kommt zuerst die gesunde Seite dran. Ihre Schuhe sollten weit zu \u00f6ffnen sein. Ein Klettverschluss ist am praktischsten. Vorsicht: In Schuhen mit Gummisohlen stolpert man leicht.<\/li>\n<li>Auch Teppiche sind eine Stolpergefahr. In der Wohnung sollte m\u00f6glichst nichts im Weg stehen.<\/li>\n<li>Mobil trotz Schlaganfall? Ob und wann Sie nach einem Schlaganfall wieder Auto fahren d\u00fcrfen, sollten Sie mit Ihrem Arzt abkl\u00e4ren. R\u00fcsten Sie Ihren Wagen gegebenenfalls entsprechend um.<\/li>\n<\/ul>\n<p><\/p>\n<p><br \/><\/p>\n\n<h3>Weiderf\u00e9irend Links<\/h3>\n\n\n<ul class=\"wp-block-list\"><li><a href=\"http:\/\/www.sante.lu\" target=\"_blank\" rel=\"noreferrer noopener\">www.sante.lu<\/a><\/li><li><a href=\"http:\/\/www.sport-sante.lu\/index.php\/fr\/\" target=\"_blank\" rel=\"noreferrer noopener\">www.sport-sante.lu<\/a><\/li><li><a href=\"http:\/\/www.schlaganfall.de\" target=\"_blank\" rel=\"noreferrer noopener\">www.schlaganfall.de<\/a><\/li><li><a href=\"http:\/\/www.franceavc.com\" target=\"_blank\" rel=\"noreferrer noopener\">www.franceavc.com<\/a><\/li><li><a href=\"http:\/\/www.apotheken-umschau.de\/Schlaganfall\">Schlaganfall auf Apotheken-Umschau<\/a><\/li><li><a href=\"http:\/\/www.fragile.ch\/suisse\/\" target=\"_blank\" rel=\"noreferrer noopener\">www.fragile.ch<\/a><\/li><li><a href=\"http:\/\/www.la-press.com\/stroke-awareness-in-luxemburg-deficit-concerning-symptoms-and-risk-fac-article-a4500-abstract\" target=\"_blank\" rel=\"noreferrer noopener\">http:\/\/www.la-press.com\/stroke-awareness-in-luxemburg-deficit-concerning-symptoms-and-risk-fac-article-a4500-abstract<\/a><\/li><li><a href=\"https:\/\/www.facebook.com\/Portugal-AVC-1791315541126608\/\">Portugal AVC<\/a><\/li><\/ul>\n","protected":false},"excerpt":{"rendered":"<p>Wir bedanken uns bei Frau Barbara Pl\u00fcckhahn vom Knaur Mens Sana Verlag f\u00fcr die Erlaubnis Ausz\u00fcge des folgenden Buches zu verwenden: Dr. Jill B. Taylor: Mit einem Schlag Dringende Appelle [&hellip;]<\/p>\n","protected":false},"author":2,"featured_media":0,"parent":0,"menu_order":0,"comment_status":"closed","ping_status":"closed","template":"","meta":{"jetpack_post_was_ever_published":false,"footnotes":""},"categories":[],"tags":[],"class_list":["post-18","page","type-page","status-publish","hentry"],"jetpack_shortlink":"https:\/\/wp.me\/P3uDnz-i","jetpack_sharing_enabled":true,"_links":{"self":[{"href":"https:\/\/bletz.lu\/lu\/wp-json\/wp\/v2\/pages\/18","targetHints":{"allow":["GET"]}}],"collection":[{"href":"https:\/\/bletz.lu\/lu\/wp-json\/wp\/v2\/pages"}],"about":[{"href":"https:\/\/bletz.lu\/lu\/wp-json\/wp\/v2\/types\/page"}],"author":[{"embeddable":true,"href":"https:\/\/bletz.lu\/lu\/wp-json\/wp\/v2\/users\/2"}],"replies":[{"embeddable":true,"href":"https:\/\/bletz.lu\/lu\/wp-json\/wp\/v2\/comments?post=18"}],"version-history":[{"count":23,"href":"https:\/\/bletz.lu\/lu\/wp-json\/wp\/v2\/pages\/18\/revisions"}],"predecessor-version":[{"id":62997,"href":"https:\/\/bletz.lu\/lu\/wp-json\/wp\/v2\/pages\/18\/revisions\/62997"}],"wp:attachment":[{"href":"https:\/\/bletz.lu\/lu\/wp-json\/wp\/v2\/media?parent=18"}],"wp:term":[{"taxonomy":"category","embeddable":true,"href":"https:\/\/bletz.lu\/lu\/wp-json\/wp\/v2\/categories?post=18"},{"taxonomy":"post_tag","embeddable":true,"href":"https:\/\/bletz.lu\/lu\/wp-json\/wp\/v2\/tags?post=18"}],"curies":[{"name":"wp","href":"https:\/\/api.w.org\/{rel}","templated":true}]}}