{"id":2817,"date":"2017-10-15T17:53:42","date_gmt":"2017-10-15T15:53:42","guid":{"rendered":"http:\/\/bletz.lu\/?page_id=2817"},"modified":"2023-02-02T11:09:24","modified_gmt":"2023-02-02T10:09:24","slug":"book","status":"publish","type":"page","link":"https:\/\/bletz.lu\/lu\/book\/","title":{"rendered":"Il faut \u00eatre un battant! Man muss ein K\u00e4mpfer sein! You Have to be a Fighter! \u00c9 preciso ser um lutador!"},"content":{"rendered":"<p>Commandez maintenant &#8211; Bestellen Sie jetzt &#8211; Order now &#8211; Pe\u00e7a agora<\/p>\n<p><strong>Tarif non-membre: \u20ac55,00 \u2013\u2013\u2013 Tarif Membre: \u20ac45,00 <\/strong><\/p>\n<p>Frais d&#8217;envoi inclus, Versand inklusive, Shipping included, Envio inclu\u00eddo<\/p>\n<h6 style=\"text-align: center;\"><strong>Paypal + Visa,Mastercard, etc.. <\/strong><\/h6>\n<div align=\"center\">\n<form target=\"paypal\" action=\"https:\/\/www.paypal.com\/cgi-bin\/webscr\" method=\"post\">\n<input type=\"hidden\" name=\"cmd\" value=\"_s-xclick\"><br \/>\n<input type=\"hidden\" name=\"hosted_button_id\" value=\"FRTR598U2N6AJ\"><\/p>\n<table>\n<tr>\n<td><input type=\"hidden\" name=\"on0\" value=\"Tarif\">Tarif<\/td>\n<\/tr>\n<tr>\n<td><select name=\"os0\"><option value=\"Normal\">Normal \u20ac55,00 EUR<\/option><option value=\"Membre \/ Mitglied\">Membre \/ Mitglied \u20ac45,00 EUR<\/option><\/select> <\/td>\n<\/tr>\n<\/table>\n<p><input type=\"hidden\" name=\"currency_code\" value=\"EUR\"><br \/>\n<input type=\"image\" src=\"https:\/\/www.paypalobjects.com\/en_US\/i\/btn\/btn_cart_LG.gif\" border=\"0\" name=\"submit\" alt=\"PayPal - The safer, easier way to pay online!\"><br \/>\n<img loading=\"lazy\" decoding=\"async\" alt=\"\" border=\"0\" src=\"https:\/\/www.paypalobjects.com\/de_DE\/i\/scr\/pixel.gif\" width=\"1\" height=\"1\"><br \/>\n<\/form>\n<\/div>\n<p><!--\n\n\n<div align=\"center\">\n\n\n<form action=\"https:\/\/www.paypal.com\/cgi-bin\/webscr\" method=\"post\" target=\"_top\"><input name=\"cmd\" type=\"hidden\" value=\"_s-xclick\" \/>\n<input name=\"encrypted\" type=\"hidden\" value=\"-----BEGIN PKCS7-----MIIIKQYJKoZIhvcNAQcEoIIIGjCCCBYCAQExggEwMIIBLAIBADCBlDCBjjELMAkGA1UEBhMCVVMxCzAJBgNVBAgTAkNBMRYwFAYDVQQHEw1Nb3VudGFpbiBWaWV3MRQwEgYDVQQKEwtQYXlQYWwgSW5jLjETMBEGA1UECxQKbGl2ZV9jZXJ0czERMA8GA1UEAxQIbGl2ZV9hcGkxHDAaBgkqhkiG9w0BCQEWDXJlQHBheXBhbC5jb20CAQAwDQYJKoZIhvcNAQEBBQAEgYA1BxRDLeSh3LL8Ok6V+Sq5ph453Lh1Jl1mqZVY1Xp8vhXZz0uo5l2li86+GNfaAfeGSxJq1LlJFxdR2GHfY+aNH\/HvIamXyLGbpCRx9hZtCEhyyqSBxsaHjsMKpkGlJW89w4a8i6\/5lJN3tEw0AU2bLM7P1YDTYpFBfK3lrLmG5DELMAkGBSsOAwIaBQAwggGlBgkqhkiG9w0BBwEwFAYIKoZIhvcNAwcECPZ1eAE2DGEkgIIBgJ0PcpAGWMnJhLjLdaIwIRmeHjrYRzAeW9FOrlAWljyuEY2yjjKGa+fMTmNwOkwQa+Qn1FGToxCqz3apfnSKrXoWiuIOvR7eBB70jCFloDoOskC\/FMHT6pgpM3C1ulplIXZ2QW45F9NePIgPjzEubTOquElTqeVQfGXqTcN6tMHyxqK1NNlgy7pyxvGSt959DDNbFGf8chXrfo\/8G4hahopb+0s8Sx7VOua0\/zNdrGXoyQuIbhALzkS1PNobfcRzQgypvRK2khnv8sGg4dNU7iPl9mDyp2hMiaGCnnrXSHoXutIz7BvdLvzjZAoZ\/eHRmLE4DBhSVcIvasGWx+7v8F3EozWRetu1rwZiGIoJUt27cs67bG7W2TqcyXd5vZQH2iqDTNStCrfBx9ss2P43JTwOjEp8I+Ngkzsijbvdh1RH\/c5WBqP\/tbbgS5KuXoXLr5ZFZLPsU+WkUQnEBGsUcPm2UVeN1\/3paGbqv0lM+nNSGeY8kaCLj\/77vE3AB+239KCCA4cwggODMIIC7KADAgECAgEAMA0GCSqGSIb3DQEBBQUAMIGOMQswCQYDVQQGEwJVUzELMAkGA1UECBMCQ0ExFjAUBgNVBAcTDU1vdW50YWluIFZpZXcxFDASBgNVBAoTC1BheVBhbCBJbmMuMRMwEQYDVQQLFApsaXZlX2NlcnRzMREwDwYDVQQDFAhsaXZlX2FwaTEcMBoGCSqGSIb3DQEJARYNcmVAcGF5cGFsLmNvbTAeFw0wNDAyMTMxMDEzMTVaFw0zNTAyMTMxMDEzMTVaMIGOMQswCQYDVQQGEwJVUzELMAkGA1UECBMCQ0ExFjAUBgNVBAcTDU1vdW50YWluIFZpZXcxFDASBgNVBAoTC1BheVBhbCBJbmMuMRMwEQYDVQQLFApsaXZlX2NlcnRzMREwDwYDVQQDFAhsaXZlX2FwaTEcMBoGCSqGSIb3DQEJARYNcmVAcGF5cGFsLmNvbTCBnzANBgkqhkiG9w0BAQEFAAOBjQAwgYkCgYEAwUdO3fxEzEtcnI7ZKZL412XvZPugoni7i7D7prCe0AtaHTc97CYgm7NsAtJyxNLixmhLV8pyIEaiHXWAh8fPKW+R017+EmXrr9EaquPmsVvTywAAE1PMNOKqo2kl4Gxiz9zZqIajOm1fZGWcGS0f5JQ2kBqNbvbg2\/Za+GJ\/qwUCAwEAAaOB7jCB6zAdBgNVHQ4EFgQUlp98u8ZvF71ZP1LXChvsENZklGswgbsGA1UdIwSBszCBsIAUlp98u8ZvF71ZP1LXChvsENZklGuhgZSkgZEwgY4xCzAJBgNVBAYTAlVTMQswCQYDVQQIEwJDQTEWMBQGA1UEBxMNTW91bnRhaW4gVmlldzEUMBIGA1UEChMLUGF5UGFsIEluYy4xEzARBgNVBAsUCmxpdmVfY2VydHMxETAPBgNVBAMUCGxpdmVfYXBpMRwwGgYJKoZIhvcNAQkBFg1yZUBwYXlwYWwuY29tggEAMAwGA1UdEwQFMAMBAf8wDQYJKoZIhvcNAQEFBQADgYEAgV86VpqAWuXvX6Oro4qJ1tYVIT5DgWpE692Ag422H7yRIr\/9j\/iKG4Thia\/Oflx4TdL+IFJBAyPK9v6zZNZtBgPBynXb048hsP16l2vi0k5Q2JKiPDsEfBhGI+HnxLXEaUWAcVfCsQFvd2A1sxRr67ip5y2wwBelUecP3AjJ+YcxggGaMIIBlgIBATCBlDCBjjELMAkGA1UEBhMCVVMxCzAJBgNVBAgTAkNBMRYwFAYDVQQHEw1Nb3VudGFpbiBWaWV3MRQwEgYDVQQKEwtQYXlQYWwgSW5jLjETMBEGA1UECxQKbGl2ZV9jZXJ0czERMA8GA1UEAxQIbGl2ZV9hcGkxHDAaBgkqhkiG9w0BCQEWDXJlQHBheXBhbC5jb20CAQAwCQYFKw4DAhoFAKBdMBgGCSqGSIb3DQEJAzELBgkqhkiG9w0BBwEwHAYJKoZIhvcNAQkFMQ8XDTE3MTAxNTE2MTA1OVowIwYJKoZIhvcNAQkEMRYEFD3tpLo2MxMFQhSTioASyyITbALqMA0GCSqGSIb3DQEBAQUABIGAlXbabiTX4wnuaGXTz+kD56Y5Doe2nwLipRfQRGPJH36bYy4YadB2kBPZ+Qn\/U18aVzUKiIZTnbFl54IymVQ+AfsWrrN9kJy3HeXMHbUxHlI+p5JcICC1bByGy0Cust0DN6c8w\/hkttA3DxmhQ3vci8H0tNBKgJWhcuF2A0Ec4wU=-----END PKCS7----- \" \/>\n<input alt=\"PayPal - The safer, easier way to pay online!\" name=\"submit\" src=\"https:\/\/www.paypalobjects.com\/en_US\/i\/btn\/btn_buynowCC_LG.gif\" type=\"image\" \/>\n<img loading=\"lazy\" decoding=\"async\" src=\"https:\/\/www.paypalobjects.com\/de_DE\/i\/scr\/pixel.gif\" alt=\"\" width=\"1\" height=\"1\" border=\"0\" \/><\/form>\n\n<\/div>\n\n\n--><\/p>\n<h6 style=\"text-align: center;\"><strong>or Virement \/ Bank\u00fcberweisung \/ Bank transfer \/ Transfer\u00eancia banc\u00e1ria:<\/strong><br \/>\nLU84 1111 7009 1792 0000 CCPLULL<\/h6>\n<p style=\"text-align: center;\"><a href=\"http:\/\/bletz.lu\/wp-content\/uploads\/2017\/10\/Bletz-Buch.jpg\"><img loading=\"lazy\" decoding=\"async\" data-attachment-id=\"2816\" data-permalink=\"https:\/\/bletz.lu\/lu\/book\/bletz-buch\/\" data-orig-file=\"https:\/\/bletz.lu\/wp-content\/uploads\/2017\/10\/Bletz-Buch.jpg\" data-orig-size=\"1190,842\" data-comments-opened=\"0\" data-image-meta=\"{&quot;aperture&quot;:&quot;0&quot;,&quot;credit&quot;:&quot;&quot;,&quot;camera&quot;:&quot;&quot;,&quot;caption&quot;:&quot;&quot;,&quot;created_timestamp&quot;:&quot;0&quot;,&quot;copyright&quot;:&quot;&quot;,&quot;focal_length&quot;:&quot;0&quot;,&quot;iso&quot;:&quot;0&quot;,&quot;shutter_speed&quot;:&quot;0&quot;,&quot;title&quot;:&quot;&quot;,&quot;orientation&quot;:&quot;1&quot;}\" data-image-title=\"Bletz-Buch\" data-image-description=\"\" data-image-caption=\"\" data-medium-file=\"https:\/\/bletz.lu\/wp-content\/uploads\/2017\/10\/Bletz-Buch-300x212.jpg\" data-large-file=\"https:\/\/bletz.lu\/wp-content\/uploads\/2017\/10\/Bletz-Buch-1024x725.jpg\" class=\" wp-image-2816 aligncenter\" src=\"http:\/\/bletz.lu\/wp-content\/uploads\/2017\/10\/Bletz-Buch-1024x725.jpg\" alt=\"\" width=\"585\" height=\"414\" srcset=\"https:\/\/bletz.lu\/wp-content\/uploads\/2017\/10\/Bletz-Buch-1024x725.jpg 1024w, https:\/\/bletz.lu\/wp-content\/uploads\/2017\/10\/Bletz-Buch-600x425.jpg 600w, https:\/\/bletz.lu\/wp-content\/uploads\/2017\/10\/Bletz-Buch-300x212.jpg 300w, https:\/\/bletz.lu\/wp-content\/uploads\/2017\/10\/Bletz-Buch-768x543.jpg 768w, https:\/\/bletz.lu\/wp-content\/uploads\/2017\/10\/Bletz-Buch.jpg 1190w\" sizes=\"auto, (max-width: 585px) 100vw, 585px\" \/><\/a><\/p>\n<p>Chantal Keller, Pr\u00e4sidentin von Bl\u00ebtz a.s.b.l Luxemburg, die selbst einen Schlaganfall erlitten hat, beschreibt in ihrem Buch das Schicksal von 24 Betroffenen und deren Familien. Diese pers\u00f6nlichen Geschichten sind in 4 Sprachen geschrieben: in Deutsch, Franz\u00f6sisch, Englisch und Portugiesisch. Des Weiteren wird das Buch durch 26 informative Artikel erg\u00e4nzt. Einige davon sind von Professoren aus dem Bereich der Medizin, andere von Vorsitzenden unterschiedlicher Organisationen mit Bezug auf den Schlaganfall, verfasst. Diese Artikel dienen dazu, dem Leser so viele Informationen wie nur m\u00f6glich u\u0308ber das Thema Schlaganfall zukommen zulassen, das hei\u00dft zu erkla\u0308ren, was ein Schlaganfall u\u0308berhaupt ist und wie die Angeh\u00f6rigen Hilfe und Unterstu\u0308tzung bekommen ko\u0308nnen, bei der Betreuung eines Menschen, der vom \u201eBlitz\u201c getroffen wurde. Die allerwichtigste Information ist jedoch, dass man in jedem Fall ein K\u00e4mpfer sein und weiterk\u00e4mpfen muss, um sein Leben weiterleben zu k\u00f6nnen.<\/p>\n<p>Chantal Keller, pr\u00e9sidente de Bl\u00ebtz a.s.b.l. Luxembourg, \u00e9tant elle-m\u00eame touch\u00e9e par un accident vasculaire c\u00e9r\u00e9bral (AVC), pr\u00e9sente dans son livre un t\u00e9moignage de 24 personnes atteintes d\u2019un AVC ainsi que de leurs familles. Ces textes sont r\u00e9dig\u00e9s en quatre langues diff\u00e9rentes : allemand, franc\u0327ais, anglais et portugais. De plus cet ouvrage est compl\u00e9t\u00e9 par 26 articles de nature informative : D&#8217;une part, des professeurs en m\u00e9decine expliquent en d\u00e9tail la signifcation d&#8217;un accident vasculaire c\u00e9r\u00e9bral, d&#8217;autre part des responsables de diffe\u0301rentes organisations en relation avec le traitement des AVC renseignent sur les possibilite\u0301s de r\u00e9habilitation des patients et de soutien aux membres de leurs familles. L&#8217;information la plus importante est pourtant celle qu\u2019il faut \u00eatre un battant, c\u2019est-\u00e0-dire trouver la force de travailler sur soi-m\u00eame et de ne jamais r\u00e9signer a n de pouvoir continuer \u00e0 vivre sa vie.<\/p>\n<p>Chantal Keller, president of Bl\u00ebtz a.s.b.l Luxembourg, herself affected by a stroke, describes the fate of 24 concerned people and their family members in her book. These personal stories are written in 4 different languages: German, French, English and Portuguese. Furthermore, the book is completed by 26 informative articles. Some are written by professors in medicine, others by the heads of different organizations, to give the reader a huge amount of detailed information, about what a stroke really means and about how people can get support while being involved personally, whether as a patient or a family member. The most important information is, that in every case, one has to be a fighter and one has to continue fighting, even after a stroke, to be able to continue living one\u2019s life.<\/p>\n<p>Chantal Keller, presidente de Bl\u00ebtz a.s.b.l. Luxemburgo, ela mesma v\u00edtima de um AVC, exp\u00f5e no seu livro o testemunho de 24 pessoas que sofreram um AVC assim que o de as respetivas fam\u00edlias. Estes textos s\u00e3o redig\u00eddos em quatro l\u00ednguas diferentes : alem\u00e3o, franc\u00eas, ingl\u00eas e portug\u00eas. Al\u00e9m disso, 26 art\u00edgos informativos v\u00eam completar o livro : professores de medecina que explicam o significado de um AVC e respons\u00e9veis de diferentes organiza\u00e7\u00f5es que informam sobre as diferentes possibilidades de reabilita\u00e7\u00e3o do patiente e de apoio aos famil\u00edares. A mensagem mais importante que o livro transmite \u00e9 o facto de ter de se ser um lutador ou seja, ter for\u00e7as para continuar o processo de recupera\u00e7\u00e3o e seguir em frente.<\/p>\n<p>This book is published by Bl\u00ebtz a.s.b.l.<\/p>\n","protected":false},"excerpt":{"rendered":"<p>Commandez maintenant &#8211; Bestellen Sie jetzt &#8211; Order now &#8211; Pe\u00e7a agora Tarif non-membre: \u20ac55,00 \u2013\u2013\u2013 Tarif Membre: \u20ac45,00 Frais d&#8217;envoi inclus, Versand inklusive, Shipping included, Envio inclu\u00eddo Paypal + [&hellip;]<\/p>\n","protected":false},"author":2,"featured_media":0,"parent":0,"menu_order":0,"comment_status":"closed","ping_status":"closed","template":"","meta":{"jetpack_post_was_ever_published":false,"footnotes":""},"categories":[],"tags":[],"class_list":["post-2817","page","type-page","status-publish","hentry"],"jetpack_shortlink":"https:\/\/wp.me\/P3uDnz-Jr","jetpack_sharing_enabled":true,"_links":{"self":[{"href":"https:\/\/bletz.lu\/lu\/wp-json\/wp\/v2\/pages\/2817","targetHints":{"allow":["GET"]}}],"collection":[{"href":"https:\/\/bletz.lu\/lu\/wp-json\/wp\/v2\/pages"}],"about":[{"href":"https:\/\/bletz.lu\/lu\/wp-json\/wp\/v2\/types\/page"}],"author":[{"embeddable":true,"href":"https:\/\/bletz.lu\/lu\/wp-json\/wp\/v2\/users\/2"}],"replies":[{"embeddable":true,"href":"https:\/\/bletz.lu\/lu\/wp-json\/wp\/v2\/comments?post=2817"}],"version-history":[{"count":48,"href":"https:\/\/bletz.lu\/lu\/wp-json\/wp\/v2\/pages\/2817\/revisions"}],"predecessor-version":[{"id":74317,"href":"https:\/\/bletz.lu\/lu\/wp-json\/wp\/v2\/pages\/2817\/revisions\/74317"}],"wp:attachment":[{"href":"https:\/\/bletz.lu\/lu\/wp-json\/wp\/v2\/media?parent=2817"}],"wp:term":[{"taxonomy":"category","embeddable":true,"href":"https:\/\/bletz.lu\/lu\/wp-json\/wp\/v2\/categories?post=2817"},{"taxonomy":"post_tag","embeddable":true,"href":"https:\/\/bletz.lu\/lu\/wp-json\/wp\/v2\/tags?post=2817"}],"curies":[{"name":"wp","href":"https:\/\/api.w.org\/{rel}","templated":true}]}}