{"id":353,"date":"2014-02-18T16:41:21","date_gmt":"2014-02-18T15:41:21","guid":{"rendered":"http:\/\/www.bletz.lu\/?page_id=353"},"modified":"2014-06-24T20:30:41","modified_gmt":"2014-06-24T18:30:41","slug":"psychomotricite","status":"publish","type":"page","link":"https:\/\/bletz.lu\/lu\/comite-scientifique\/psychomotricite\/","title":{"rendered":"Psychomotricit\u00e9"},"content":{"rendered":"<p class=\"qtranxs-available-languages-message qtranxs-available-languages-message-lu\">Mier bieden \u00ebm \u00cbntsch\u00ebllegung d\u00ebsen Artikel ass nemmen op <a href=\"https:\/\/bletz.lu\/fr\/wp-json\/wp\/v2\/pages\/353\" class=\"qtranxs-available-language-link qtranxs-available-language-link-fr\" title=\"Fran\u00e7ais\">Fran\u00e7ais<\/a> ze liesen. For the sake of viewer convenience, the content is shown below in the alternative language. You may click the link to switch the active language.<\/p>\n<div>\n<p>La psychomotricit\u00e9 est une profession param\u00e9dicale qui s\u2019int\u00e9resse \u00e0 l\u2019ensemble des manifestations corporelles et psychiques d\u2019une personne. Elle consid\u00e8re les aspects moteurs, cognitifs, affectifs et relationnels.<\/p>\n<p>Le psychomotricien travaille en lib\u00e9ral ou en institution. En lib\u00e9ral, il exerce sur prescription m\u00e9dicale et la CNS rembourse une partie des frais (80-88%). Le but d\u2019une prise en soin psychomotrice est d\u2019amener la personne \u00e0 se r\u00e9approprier son corps et \u00e0 mieux s\u2019adapter \u00e0 son monde environnant. Pour une personne concern\u00e9e d\u2019une l\u00e9sion c\u00e9r\u00e9brale les indications peuvent \u00eatre multiples et vari\u00e9es ; voici quelques exemples pour illustrer diff\u00e9rents types de prises en charges possibles (liste non-exhaustive) :<\/p>\n<ul>\n<li>affiner la perception corporelle<\/li>\n<li>prendre conscience de son propre tonus (crispations, d\u00e9tente\u2026) dans diff\u00e9rentes situations, permettre l\u2019adaptation tonique, favoriser le rel\u00e2chement volontaire<\/li>\n<li>pouvoir s\u2019exprimer sur son v\u00e9cu ; par son corps et par des mots<\/li>\n<li>soutenir la personne \u00e0 se r\u00e9approprier son corps, \u00e0 adapter son image du corps<\/li>\n<li>travailler sur l\u2019assurance et la confiance en soi<\/li>\n<li>am\u00e9liorer les capacit\u00e9s motrices : \u00e9quilibre, coordinations, habilit\u00e9 manuelle\u2026<\/li>\n<li>pr\u00e9server l\u2019autonomie<\/li>\n<li>soutenir le raisonnement logique, la capacit\u00e9 de concentration, la m\u00e9moire<\/li>\n<li>\u2026<\/li>\n<\/ul>\n<p>Diff\u00e9rentes formes de prises en charge peuvent \u00eatre propos\u00e9es pour arriver \u00e0 ces objectifs :<\/p>\n<ul>\n<li>relaxation m\u00e9dicale<\/li>\n<li>travail sensoriel et\/ou moteur<\/li>\n<li>\u00a0\u2026<\/li>\n<\/ul>\n<p>Pour plus d\u2019informations ou pour trouver un psychomotricien :<\/p>\n<ul>\n<li>Association luxembourgeoise des Psychomotriciens diplom\u00e9s: <a href=\"http:\/\/www.alpd.lu\">www.alpd.lu<\/a><\/li>\n<li>Voir les psychomotriciens\/psychomotriciennes du Luxembourg: <a href=\"http:\/\/www.editus.lu\/ed\/fr\/recherche-activite\/psychomotricien-1077r.h\" target=\"_blank\">http:\/\/www.editus.lu\/ed\/fr\/recherche-activite\/psychomotricien-1077r.h<\/a><\/li>\n<\/ul>\n<\/div>\n","protected":false},"excerpt":{"rendered":"<p>Mier bieden \u00ebm \u00cbntsch\u00ebllegung d\u00ebsen Artikel ass nemmen op Fran\u00e7ais ze liesen. For the sake of viewer convenience, the content is shown below in the alternative language. You may click [&hellip;]<\/p>\n","protected":false},"author":2,"featured_media":0,"parent":501,"menu_order":0,"comment_status":"open","ping_status":"closed","template":"","meta":{"jetpack_post_was_ever_published":false,"footnotes":""},"categories":[],"tags":[],"class_list":["post-353","page","type-page","status-publish","hentry"],"jetpack_shortlink":"https:\/\/wp.me\/P3uDnz-5H","jetpack_sharing_enabled":true,"_links":{"self":[{"href":"https:\/\/bletz.lu\/lu\/wp-json\/wp\/v2\/pages\/353","targetHints":{"allow":["GET"]}}],"collection":[{"href":"https:\/\/bletz.lu\/lu\/wp-json\/wp\/v2\/pages"}],"about":[{"href":"https:\/\/bletz.lu\/lu\/wp-json\/wp\/v2\/types\/page"}],"author":[{"embeddable":true,"href":"https:\/\/bletz.lu\/lu\/wp-json\/wp\/v2\/users\/2"}],"replies":[{"embeddable":true,"href":"https:\/\/bletz.lu\/lu\/wp-json\/wp\/v2\/comments?post=353"}],"version-history":[{"count":2,"href":"https:\/\/bletz.lu\/lu\/wp-json\/wp\/v2\/pages\/353\/revisions"}],"predecessor-version":[{"id":355,"href":"https:\/\/bletz.lu\/lu\/wp-json\/wp\/v2\/pages\/353\/revisions\/355"}],"up":[{"embeddable":true,"href":"https:\/\/bletz.lu\/lu\/wp-json\/wp\/v2\/pages\/501"}],"wp:attachment":[{"href":"https:\/\/bletz.lu\/lu\/wp-json\/wp\/v2\/media?parent=353"}],"wp:term":[{"taxonomy":"category","embeddable":true,"href":"https:\/\/bletz.lu\/lu\/wp-json\/wp\/v2\/categories?post=353"},{"taxonomy":"post_tag","embeddable":true,"href":"https:\/\/bletz.lu\/lu\/wp-json\/wp\/v2\/tags?post=353"}],"curies":[{"name":"wp","href":"https:\/\/api.w.org\/{rel}","templated":true}]}}