{"id":65557,"date":"2020-12-30T14:54:00","date_gmt":"2020-12-30T13:54:00","guid":{"rendered":"https:\/\/bletz.lu\/?page_id=65557"},"modified":"2025-09-22T12:27:50","modified_gmt":"2025-09-22T10:27:50","slug":"wer-sind-wir","status":"publish","type":"page","link":"https:\/\/bletz.lu\/lu\/wer-sind-wir\/","title":{"rendered":"Wie si mir?"},"content":{"rendered":"<p>[vc_row full_width=&#8221;stretch_row_content&#8221; gap=&#8221;10&#8243; equal_height=&#8221;yes&#8221; content_placement=&#8221;top&#8221; el_id=&#8221;mission&#8221;][vc_column width=&#8221;1\/4&#8243; css=&#8221;.vc_custom_1609337617605{background-position: center !important;background-repeat: no-repeat !important;background-size: cover !important;}&#8221;] <h1 style=\"color:#ffbb00;padding:px;text-align:center;font-size:px;line-height:px;letter-spacing: px;font-weight:bold\" class=\"   nd_options_first_font \">Mission<\/h1> [\/vc_column][vc_column width=&#8221;3\/4&#8243;][vc_column_text]<\/p>\n<p><b>Was ist die Mission der Bl\u00ebtz a.s.b.l.?<\/b><\/p>\n<ul>\n<li>Bl\u00ebtz a.s.b.l. steht unter der Schirmherrschaft Ihrer K\u00f6niglichen Hoheit der Erbgro\u00dfherzogin.<\/li>\n<li>Ziel der Vereinigung ist es, Schlaganfall-Betroffenen, Kindern, Jugendlichen, Erwachsenen und ihren Familien in ALLEN Stadien der Krankheit Hilfe und Unterst\u00fctzung anzubieten.<\/li>\n<li>Sie informiert die \u00d6ffentlichkeit \u00fcber die Fragen, die mit Gehirnverletzungen einhergehen und die Bed\u00fcrfnisse, die sich aus diesen Verletzungen ergeben.<\/li>\n<li>Jede Spende an Bl\u00ebtz a.s.b.l., welche als gemeinn\u00fctzige Organisation anerkannt ist, ist steuerlich absetzbar.<\/li>\n<li>Bl\u00ebtz a.s.b.l. ist Mitglied des \u201eConseil sup\u00e9rieur des personnes handicap\u00e9es&#8221;<\/li>\n<li>Mitglied von \u201eInfo-Handicap&#8221;<\/li>\n<li>Gr\u00fcndungsmitglied und Mitglied bei \u201eFLASS&#8221; (F\u00e9d\u00e9ration Luxembourgeoise des Associations de Sport de Sant\u00e9<\/li>\n<li>Gr\u00fcndungsmitglied und Mitglied von \u201eCAPAT&#8221; (Cercle des Associations de Patients)<\/li>\n<li>Mitglied von \u201eSAFE&#8221; (Stroke Alliance for Europe) seit 2016.<\/li>\n<\/ul>\n<p>SAFE wurde 2004 in Br\u00fcssel gegr\u00fcndet und repr\u00e4sentiert mittlerweile 36 Mitglieder aus 33 europ\u00e4ischen L\u00e4ndern. F\u00fcr Luxemburg nehmen regelm\u00e4\u00dfig die Pr\u00e4sidentin Chantal Keller und die Neurologin Dr. Monique Reiff (CHL) an den wissenschaftlichen Tagungen und Seminaren teil, um stets auf dem neuesten Stand der Forschung zu sein.<\/p>\n<p><strong>Bl\u00ebtz a.s.b.l. achtet auf strikte ideologische, politische und religi\u00f6se Neutralit\u00e4t.<\/strong><br \/>\n[\/vc_column_text][\/vc_column][\/vc_row][vc_row full_width=&#8221;stretch_row_content&#8221;][vc_column][vc_zigzag color=&#8221;orange&#8221;][\/vc_column][\/vc_row][vc_row full_width=&#8221;stretch_row_content&#8221; equal_height=&#8221;yes&#8221; content_placement=&#8221;top&#8221; el_id=&#8221;patronage&#8221;][vc_column width=&#8221;1\/3&#8243;] <h1 style=\"color:#ffbb00;padding:px;text-align:center;font-size:px;line-height:px;letter-spacing: px;font-weight:bold\" class=\"   nd_options_first_font \">Patronage \/ Schrimherrschaft<\/h1> [\/vc_column][vc_column width=&#8221;1\/3&#8243;][vc_column_text]<\/p>\n<p>Wir hatten die Freude, in diesem Jahr das zehnj\u00e4hrige Bestehen des Vereins \u201eBl\u00ebtz&#8221; zu feiern. Dies ist ein symbolisch wichtiger Meilenstein, der die T\u00e4tigkeit der Vereinigung auf eine langfristige Grundlage stellt. Und das ist auch bitter n\u00f6tig, denn Schlaganf\u00e4lle (AVC) sind nach wie vor eine der h\u00e4ufigsten Todesursachen in Luxemburg. Jeden Tag fallen im Gro\u00dfherzogtum vier Menschen einem<br \/>\nSchlaganfall zum Opfer!<br \/>\nZehn Jahre \u201eBl\u00ebtz&#8221;, das bedeutet zehn Jahre Aktion gegen den Schlaganfall.<br \/>\nZehn Jahre Aufkl\u00e4rung der \u00d6ffentlichkeit \u00fcber die grundlegende Bedeutung der Fr\u00fcherkennung.<br \/>\nZehn Jahre Hilfe und Unterst\u00fctzung f\u00fcr Menschen, die einen Schlaganfall erlitten haben.<br \/>\nZehn Jahre Begleitung ihrer Familien und Angeh\u00f6rigen.<br \/>\nZehn Jahre Aufkl\u00e4rungsarbeit, damit die Patienten in die Gesellschaft integriert werden und ihnen das Leben erleichtert wird.<br \/>\nZehn Jahre au\u00dfergew\u00f6hnliche Arbeit, die von der Pr\u00e4sidentin Chantal Keller, ihrem Team von Botschaftern, den Mitgliedern des wissenschaftlichen Ausschusses und allen Mitgliedern, die, wie ich betonen m\u00f6chte, alle ehrenamtlich t\u00e4tig sind, geleistet wird.<br \/>\nZehn Jahre sind vergangen, und dies ist vor allem ein guter Zeitpunkt, um Ihnen allen \u201eDanke\u201d zu sagen.<\/p>\n<p style=\"text-align: right;\">St\u00e9phanie<\/p>\n<p style=\"text-align: right;\">Erbgro\u00dfherzogin von Luxemburg<\/p>\n<p>[\/vc_column_text][vc_single_image image=&#8221;65576&#8243; img_size=&#8221;medium&#8221; add_caption=&#8221;yes&#8221; alignment=&#8221;center&#8221;][\/vc_column][vc_column width=&#8221;1\/3&#8243;][vc_video link=&#8221;https:\/\/www.youtube.com\/watch?v=IbwE4sQ7XMQ&#8221;][\/vc_column][\/vc_row][vc_row full_width=&#8221;stretch_row_content&#8221;][vc_column][vc_zigzag color=&#8221;orange&#8221;][\/vc_column][\/vc_row][vc_row full_width=&#8221;stretch_row_content&#8221; equal_height=&#8221;yes&#8221; content_placement=&#8221;top&#8221; el_id=&#8221;botschafter&#8221;][vc_column width=&#8221;1\/3&#8243;] <h1 style=\"color:#ffbb00;padding:px;text-align:center;font-size:px;line-height:px;letter-spacing: px;font-weight:bold\" class=\"   nd_options_first_font \">Ambassdeurs<\/h1> [\/vc_column][vc_column width=&#8221;1\/3&#8243;] <h2 style=\"color:;padding:px;text-align:center;font-size:px;line-height:px;letter-spacing: px;font-weight:bold\" class=\"    \">Ambassadrice Claudine Muno<\/h2> [vc_column_text]<\/p>\n<p>Es macht mir gro\u00dfe Freude, Botschafterin von Bl\u00ebtz sein zu d\u00fcrfen, da die a.s.b.l. auch ein Ansprechpartner f\u00fcr mich war, als ein nahes Familienmitglied einen Schlaganfall erlitt. Pl\u00f6tzlich wird man mit vielen Fragen konfrontiert, mit denen man sich vorher nie befasst hatte und es ist gut, dass es eine Anlaufstelle gibt, an die man sich als Betroffene, als Familienmitglieder oder Freunde wenden kann, um sich mit anderen auszutauschen. In meinem Umfeld kenne ich mittlerweile mehrere Menschen, die einen leichten oder einen schweren Schlaganfall erlitten haben und deshalb wurde mir auch bewusst, wie wichtig es ist, vorzubeugen und die Vorzeichen eines Schlaganfalls richtig zu erkennen und zu deuten.<br \/>\nClaudine Muno hat den Text zum Lied \u201cVerstees du mech\u201d \u00fcber Aphasie verfasst und zusammen mit Remo Cavallini f\u00fcr Bl\u00ebtz a.s.b.l. produziert.[\/vc_column_text][vc_column_text]<\/p>\n<p style=\"text-align: center;\">\u201eVerstees de mech&#8221; Claudine Muno \/ Remo Cavallini&#8221;<\/p>\n<audio class=\"wp-audio-shortcode\" id=\"audio-65557-1\" preload=\"none\" style=\"width: 100%;\" controls=\"controls\"><source type=\"audio\/mpeg\" src=\"https:\/\/bletz.lu\/wp-content\/uploads\/2020\/10\/Verstees_de_mech.mp3?_=1\" \/><a href=\"https:\/\/bletz.lu\/wp-content\/uploads\/2020\/10\/Verstees_de_mech.mp3\">https:\/\/bletz.lu\/wp-content\/uploads\/2020\/10\/Verstees_de_mech.mp3<\/a><\/audio>\n<p>[\/vc_column_text][vc_single_image image=&#8221;65581&#8243; img_size=&#8221;medium&#8221; add_caption=&#8221;yes&#8221; alignment=&#8221;center&#8221;][\/vc_column][vc_column width=&#8221;1\/3&#8243;] <h2 style=\"color:;padding:px;text-align:center;font-size:px;line-height:px;letter-spacing: px;font-weight:bold\" class=\"    \">Ambassadeur Pitt K\u00f6ller<\/h2> [vc_column_text]<\/p>\n<p>Im Alter von 17 Jahren erlitt ich unerwarteter Weise einen Schlaganfall, der mein Leben fortan wortw\u00f6rtlich schlagartig ver\u00e4nderte. Mit der n\u00f6tigen Unterst\u00fctzung von Familie, Freunden, \u00c4rzten und der Bl\u00ebtz a.s.b.l. lernte ich allm\u00e4hlich, gut mit meinem Schicksal umzugehen. Nach zahlreichen Rehabilitationssitzungen musste ich akzeptieren, dass ich meine linke Hand wohl nie mehr vollst\u00e4ndig und wie zuvor gewohnt nutzen kann. Jetzt, fast 10 Jahre danach, habe ich immer noch motorische Schwierigkeiten und ich f\u00fchle mich nicht in jeder Situation wohl.<br \/>\nAm meisten Sorgen machte ich mir anfangs darum, dass ich wom\u00f6glich nie mehr so gut Posaune spielen k\u00f6nnte wie vor dem Schlaganfall. Aber ich habe gelernt, mit den Defiziten meiner linken Hand umzugehen und ihre Aktivit\u00e4t bestm\u00f6glich zu kompensieren.<br \/>\nIch habe gelernt, das Leben trotz dieses Schicksalsschlags zu sch\u00e4tzen und bin sehr dankbar, dass ich st\u00e4rker als mein Schlaganfall war und bin. Zurzeit studiere ich in der Schweiz Lehramt und es liegt mir sehr am Herzen, w\u00e4hrend meiner Praktika offen mit meinem Schlaganfall umzugehen und die Sch\u00fcler fr\u00fchzeitig f\u00fcr diese Thematik zu sensibilisieren.<br \/>\nGerade als \u00fcberdurchschnittlich junger Schlaganfallpatient will ich als Botschafter die Annahme, dass Schlaganf\u00e4lle nur bestimmte Risikogruppen treffen k\u00f6nnten, widerlegen und den Betroffenen den Mut zusprechen, den ich mir \u00fcber die letzten Jahre angeeignet habe. Es kann jeden treffen, auch dich! Lass uns gemeinsam ein Zeichen setzen und zusammen stark sein!<br \/>\n[\/vc_column_text][vc_single_image image=&#8221;65582&#8243; img_size=&#8221;medium&#8221; add_caption=&#8221;yes&#8221; alignment=&#8221;center&#8221;][\/vc_column][\/vc_row][vc_row full_width=&#8221;stretch_row_content&#8221;][vc_column][vc_zigzag color=&#8221;orange&#8221;][\/vc_column][\/vc_row][vc_row full_width=&#8221;stretch_row_content&#8221; el_id=&#8221;teambletz&#8221;][vc_column width=&#8221;1\/4&#8243;] <h1 style=\"color:#ffbb00;padding:px;text-align:center;font-size:px;line-height:px;letter-spacing: px;font-weight:bold\" class=\"   nd_options_first_font \">Team Bl\u00ebtz<\/h1> [\/vc_column][vc_column width=&#8221;3\/4&#8243;][vc_single_image image=&#8221;90683&#8243; img_size=&#8221;full&#8221; add_caption=&#8221;yes&#8221; alignment=&#8221;center&#8221;][vc_column_text]<\/p>\n<\/div>\n<p style=\"font-weight: 400;\">Von links nach rechts: Audrey Speitel, Emmanuel Poupin, Anne Brimaire-Hoffmann, David Lucius, Yasmine Silbereisen, Raoul Klapp, Nicole Backes-Walesch, Chantal Keller, Claudine Muno, Yolande Kox, Fran\u00e7oise Stoll, Laura May et Karin Magar-Klein (fehlen: Maya Barbangelo, Pitt Koeller, Natascha Quintus und Manon Galli).<\/p>\n<p style=\"font-weight: 400;\">Das Team Bl\u00ebtz besteht aus <span style=\"color: #800080;\"><strong>Betroffenen<\/strong><\/span>, <span style=\"color: #ff9900;\"><strong>Familien<\/strong><\/span> und <span style=\"color: #33cccc;\"><strong>Freunden<\/strong><\/span><span lang=\"DE-LU\">, sowie aus zwei Botschafterinnen, <\/span><span style=\"color: #ff9900;\"><b><span lang=\"DE-LU\">Claudine Muno<\/span><\/b><\/span><span lang=\"DE-LU\">, <span style=\"color: #800080;\"><b><span lang=\"FR\">Maya Barbangelo <\/span><\/b><\/span><\/span><span lang=\"DE-LU\">und einem Botschafter, <\/span><span style=\"color: #800080;\"><b><span lang=\"DE-LU\">Pitt Koeller<\/span><\/b><\/span><span lang=\"DE-LU\">.<\/span><\/p>\n<p>Das Team Bl\u00ebtz besteht aus der Pr\u00e4sidentin, <span style=\"color: #800080;\"><strong>Chantal Keller<\/strong><\/span>, der Vizepr\u00e4sidentin, <span style=\"color: #ff9900;\"><strong>Laura May<\/strong><\/span>, der Komiteesekret\u00e4rin, <span style=\"color: #800080;\"><strong>Anne Brimaire-Hoffmann<\/strong><\/span>, der Schatzmeisterin, <span style=\"color: #ff9900;\"><strong>Nicole Backes-Walesch<\/strong><\/span>, den Komiteemitgliedern, <span style=\"color: #800080;\"><strong>Karin Magar-Klein<\/strong>, <strong>Yasmine Silbereisen<\/strong>. <\/span><\/p>\n<p><span class=\"oypena\"><span lang=\"FR-CH\">Hinzu kommen Freiwillige, die das Komitee tatkr\u00e4ftig unterst\u00fctzen:<\/span><\/span>\u00a0<span style=\"color: #800080;\"><strong>David Lucius<\/strong><\/span><span class=\"oypena\"><b><span lang=\"FR-CH\">,<\/span><\/b><\/span> <span style=\"color: #800080;\"><strong>Emmanuel Poupin<\/strong><\/span>, <span style=\"color: #ff9900;\"><strong>Yolande Kox<\/strong><\/span><span class=\"oypena\"><span lang=\"FR-CH\">, <\/span><b><span lang=\"FR-CH\"><span style=\"color: #ff9900;\"><strong>Natascha Quintus<\/strong><\/span><\/span><\/b><span lang=\"FR-CH\">,<\/span><b><span lang=\"FR-CH\"> <span style=\"color: #ff9900;\"><strong>Manon Galli<\/strong><\/span>,<\/span><\/b><\/span> <span class=\"oypena\"><span lang=\"FR-CH\">der Webmaster,<\/span><\/span> <span style=\"color: #ff9900;\"><strong>Raoul Klapp<\/strong><\/span><span class=\"oypena\"><b><span lang=\"FR-CH\">,<\/span><\/b><\/span><span class=\"oypena\"><span lang=\"FR-CH\">\u00a0und die administrativen Angestellten <\/span><\/span><span class=\"oypena\"><b><span lang=\"FR-CH\">Audrey Speitel<\/span><\/b><\/span><b> <\/b><span class=\"oypena\"><span lang=\"FR-CH\">und<\/span><\/span> <span class=\"oypena\"><b><span lang=\"FR-CH\">Fran\u00e7oise Stoll.<\/span><\/b><\/span><\/p>\n<p>[\/vc_column_text][\/vc_column][\/vc_row][vc_row full_width=&#8221;stretch_row_content&#8221;][vc_column][vc_zigzag color=&#8221;orange&#8221;][\/vc_column][\/vc_row][vc_row full_width=&#8221;stretch_row_content&#8221; el_id=&#8221;comite&#8221;][vc_column css_animation=&#8221;none&#8221; width=&#8221;1\/4&#8243;] <h1 style=\"color:#ffbb00;padding:px;text-align:center;font-size:px;line-height:px;letter-spacing: px;font-weight:bold\" class=\"   nd_options_first_font \">Wissenschaftliches Gremium \/ Comit\u00e9 scientifique<\/h1> [\/vc_column][vc_column width=&#8221;3\/4&#8243;][\/vc_column][\/vc_row][vc_row][vc_column][vc_column_text]<\/p>\n<p style=\"font-weight: 400;\">Der wissenschaftliche Rat umfasst Vertreter verschiedener Berufsverb\u00e4nde, die in unterschiedlichen Sparten der Betreuung von Schlaganfallpatienten t\u00e4tig sind. In ihrer Rolle als Experten validieren sie das von Bl\u00ebtz a.s.b.l. bereitgestellte Informationsmaterial und informieren die Patienten sowie die Familienmitglieder \u00fcber die Ziele, die Missionen und die Aktivit\u00e4ten von Bl\u00ebtz a.s.b.l..<\/p>\n<p style=\"font-weight: 400;\">Sie helfen mit ihrem Wissen, die edukativen oder wissenschaftlichen Projekte von Bl\u00ebtz a.s.b.l. praktisch bei der Porte Ouverte zu vermitteln. Als Vertreter von Berufsorganisationen sind sie nicht in den Vorstand von Bl\u00ebtz a.s.b.l. w\u00e4hlbar (Ausnahme: Experten im Ruhestand). Zur Gew\u00e4hrleistung der Unabh\u00e4ngigkeit derbeiden Parteien ist ihre Zusammenarbeit mit Bl\u00ebtz a.s.b.l. rein konsultativ und schlie\u00dft jede Verbindung zuihrer gewerblichen T\u00e4tigkeit aus.<\/p>\n<ul>\n<li><strong>Experten f\u00fcr Neurologie:<\/strong> Dr Dirk Droste (CHL), Dr Monique Reiff (CHL\/SAFE), Dr Adrien Verstraete (HRS), Dr Dirk Ulbricht (CHEM), Dr Fr\u00e4nk Schwartz (CHdN)<\/li>\n<li><strong>Experten f\u00fcr Neurochirurgie:<\/strong> Dr Frank Hertel (CHL), Dr Harald Standhardt (CHL)<\/li>\n<li><strong>Experten f\u00fcr Angiologie:<\/strong> Dr Anja Braun-Schaudinn (HRS)<\/li>\n<li><strong>Experten f\u00fcr Gef\u00e4\u00dfchirurgie:<\/strong> Dr Stefanie Hempfling (CHEM)<\/li>\n<li><strong>Experten f\u00fcr Neuroradiologie:<\/strong> Dr Fr\u00e9d\u00e9ric Mataigne (CHL), Dr Nidhal Ben Achour (CHL)<\/li>\n<li><strong>Experten f\u00fcr Kardiologie:<\/strong> Dr Jean Beissel (CHL),Dr Stefanie Hempfling (CHEM), Dr Cath\u00e9rine Seck (HRS)<\/li>\n<li><strong>Experten f\u00fcr Endocrinologie:<\/strong> Dr Fr\u00e9d\u00e9ric Dadoun (CHL), Dr Dani\u00e8le de la Hamette (HRS)<\/li>\n<li><strong>Experte f\u00fcr Nephrologie:<\/strong> Dr Claude Braun (HRS)<\/li>\n<li><strong>Experten f\u00fcr Rehabilitationsmedizin:<\/strong> Dr Fr\u00e9d\u00e9ric Chantraine (Rehazenter), Dr Yassine Bouhnik (CHEM Dudelange), Dr. Siham Daoudi (HIS), Dr Eleftheria Antoniadou (CHdN Wiltz)<\/li>\n<li><strong>Experten f\u00fcr die Stroke-Units:<\/strong> Patrice Lep\u00e8re (CHL), Patrick Feltgen (CHL &#8211; Neurochirurgie), Alina Enita (HRS), Nadine Scholtes (CHEM), Gilles Martin (CHdN), Frank Colette (CHdN)<\/li>\n<li><strong>Expertinnen f\u00fcr Orthophonie:<\/strong> Aline Bernard (HRS), Anne Schmit (CHEM), Sandy Haagen (CHdN), Tessy Schitter (Rehazenter), Catalina Trantes (CHdN Wiltz), Myriam Kieffer, Astrid Houwen<\/li>\n<li><strong>Experten f\u00fcr Neuropsychologie:<\/strong> Vannina Pieri (CHL), Elena Gudenburg (CHEM), Joanne Maas (CHdN), David Benhsain (Rehazenter), Kelly Ferreira (HIS), Dr Anne-Marie Schuller, Dr Mich\u00e8le Pisani, Aline Watry, Patricia Santos<\/li>\n<li><strong>Expertinnen f\u00fcr Psychomotorik:<\/strong> Mireille Sarrazin (Rehazenter)<\/li>\n<li><strong>Expertinnen f\u00fcr Ergotheraphie:<\/strong> Anja Sorkalla (CHL), Manuela Schneider (HRS), Jo\u00eblle Kieffer (CHEM), Simone Theis (ChdN), B\u00e9rang\u00e8re Nichil (CHEM Dudelange), Stefanie Marbehant (HIS), Martine Simon (CHdN Wiltz)<\/li>\n<li><strong>Experten f\u00fcr Physiotherapie:<\/strong> Ralph Delire (CHL), Lena Schmitt (HRS), Fran\u00e7oise Schmickrath (CHEM), Mariette Thilmany (CHdN), Philippe Lentz (CHdN), Cl\u00e9ment Choppin (CHdN), J\u00e9r\u00f4me Kaps (Rehazenter), Emanuelle Guiges (CHEM Dudelange), S\u00e9verine Debras (HIS), Xavier Masson, Bettina Pratt, H\u00e9l\u00e8ne Pirenne, Sylvie Jackmuth<\/li>\n<li><strong>Expertin f\u00fcr Orthoptik:<\/strong> Sophie Antoine (Rehazenter)<\/li>\n<li><strong>Sozialarbeiterinnen:<\/strong> Emilie Bailloeuil-Hermoso (CHL), Laurent Ury (HRS), Marilyn Fran\u00e7ois (CHEM), Anne-Catherine Gennen (CHdN), Catherine Jungen (CHEM Dudelange), Florence Leardini (HIS), France Plumer (CHdN Wiltz)<\/li>\n<li><strong>Di\u00e4tassistentinnen:<\/strong> Lynda Vandivinit (CHL), Cynthia Schweich (HRS), Monica Teixeira Morais (CHEM), Anne-Liss Borschette (CHdN), Laurence Antony (Rehazenter), Christiane Meyrath (HIS)<\/li>\n<li><strong>Expertin f\u00fcr Kunsttherapie:<\/strong> Christiane Baltes (Rehazenter)<\/li>\n<\/ul>\n<p>[\/vc_column_text][\/vc_column][\/vc_row]<\/p>\n","protected":false},"excerpt":{"rendered":"<p>[vc_row full_width=&#8221;stretch_row_content&#8221; gap=&#8221;10&#8243; equal_height=&#8221;yes&#8221; content_placement=&#8221;top&#8221; el_id=&#8221;mission&#8221;][vc_column width=&#8221;1\/4&#8243; css=&#8221;.vc_custom_1609337617605{background-position: center !important;background-repeat: no-repeat !important;background-size: cover !important;}&#8221;][\/vc_column][vc_column width=&#8221;3\/4&#8243;][vc_column_text] Was ist die Mission der Bl\u00ebtz a.s.b.l.? Bl\u00ebtz a.s.b.l. steht unter der Schirmherrschaft Ihrer K\u00f6niglichen [&hellip;]<\/p>\n","protected":false},"author":656,"featured_media":0,"parent":0,"menu_order":0,"comment_status":"closed","ping_status":"closed","template":"","meta":{"jetpack_post_was_ever_published":false,"footnotes":""},"categories":[],"tags":[],"class_list":["post-65557","page","type-page","status-publish","hentry"],"jetpack_shortlink":"https:\/\/wp.me\/P3uDnz-h3n","jetpack_sharing_enabled":true,"_links":{"self":[{"href":"https:\/\/bletz.lu\/lu\/wp-json\/wp\/v2\/pages\/65557","targetHints":{"allow":["GET"]}}],"collection":[{"href":"https:\/\/bletz.lu\/lu\/wp-json\/wp\/v2\/pages"}],"about":[{"href":"https:\/\/bletz.lu\/lu\/wp-json\/wp\/v2\/types\/page"}],"author":[{"embeddable":true,"href":"https:\/\/bletz.lu\/lu\/wp-json\/wp\/v2\/users\/656"}],"replies":[{"embeddable":true,"href":"https:\/\/bletz.lu\/lu\/wp-json\/wp\/v2\/comments?post=65557"}],"version-history":[{"count":88,"href":"https:\/\/bletz.lu\/lu\/wp-json\/wp\/v2\/pages\/65557\/revisions"}],"predecessor-version":[{"id":91688,"href":"https:\/\/bletz.lu\/lu\/wp-json\/wp\/v2\/pages\/65557\/revisions\/91688"}],"wp:attachment":[{"href":"https:\/\/bletz.lu\/lu\/wp-json\/wp\/v2\/media?parent=65557"}],"wp:term":[{"taxonomy":"category","embeddable":true,"href":"https:\/\/bletz.lu\/lu\/wp-json\/wp\/v2\/categories?post=65557"},{"taxonomy":"post_tag","embeddable":true,"href":"https:\/\/bletz.lu\/lu\/wp-json\/wp\/v2\/tags?post=65557"}],"curies":[{"name":"wp","href":"https:\/\/api.w.org\/{rel}","templated":true}]}}