{"id":65611,"date":"2020-12-30T19:13:08","date_gmt":"2020-12-30T18:13:08","guid":{"rendered":"https:\/\/bletz.lu\/?page_id=65611"},"modified":"2022-08-19T10:31:29","modified_gmt":"2022-08-19T08:31:29","slug":"was-haben-wir-bewirkt","status":"publish","type":"page","link":"https:\/\/bletz.lu\/lu\/was-haben-wir-bewirkt\/","title":{"rendered":"Wat hu mir bewierkt?"},"content":{"rendered":"<p>[vc_row full_width=&#8221;stretch_row_content&#8221; content_placement=&#8221;top&#8221;][vc_column width=&#8221;1\/3&#8243;] <h1 style=\"color:;padding:2px;text-align:center;font-size:px;line-height:px;letter-spacing: px;font-weight:bold\" class=\"    \">Publikatioun<\/h1> [vc_single_image image=&#8221;2816&#8243; img_size=&#8221;full&#8221; alignment=&#8221;center&#8221; style=&#8221;vc_box_rounded&#8221; onclick=&#8221;custom_link&#8221; link=&#8221;https:\/\/bletz.lu\/book&#8221;][vc_column_text]<\/p>\n<h5 style=\"text-align: center;\">Il faut \u00eatre un battant! \u2013 Man muss ein K\u00e4mpfer sein! \u2013 You Have to be a Fighter! \u2013 \u00c9 preciso ser um lutador!<\/h5>\n<p>Une publication de \u2013 Eine Publikation der \u2013 Published by \u2013 Uma publica\u00e7\u00e3o de<br \/>\nBl\u00ebtz a.s.b.l.<\/p>\n<p><a href=\"https:\/\/bletz.lu\/book\">Commandez maintenant \u2013 Bestellen Sie jetzt \u2013 Order now \u2013 Pe\u00e7a agora<\/a>[\/vc_column_text][\/vc_column][vc_column width=&#8221;1\/3&#8243;] <h1 style=\"color:;padding:2px;text-align:center;font-size:px;line-height:px;letter-spacing: px;font-weight:bold\" class=\"    \">Opkl\u00e4rungsvideos<\/h1> [vc_column_text]<\/p>\n<div style=\"width: 640px;\" class=\"wp-video\"><video class=\"wp-video-shortcode\" id=\"video-65611-1\" width=\"640\" height=\"360\" poster=\"\/wp-content\/uploads\/2016\/10\/download_header.jpg\" preload=\"metadata\" controls=\"controls\"><source type=\"video\/mp4\" src=\"https:\/\/bletz.lu\/wp-content\/uploads\/2016\/10\/Den_Held_vum_Dag_Full_HD.mp4?_=1\" \/><\/p><p style=\"text-align: center;\">Zum Welttag des Schlaganfalls am 29. Oktober 2016 und 2017, stellt Bl\u00ebtz a.s.b.l. ihr Aufkl\u00e4rungsvideo vor.<\/p><p style=\"text-align: center;\">Production r\u00e9alis\u00e9e avec le soutien de <a href=\"http:\/\/www.jangli.com\" target=\"_blank\" rel=\"noopener noreferrer\">Jangli Film<\/a> &amp; RTL<\/p><p>[\/vc_column_text][vc_column_text]<div style=\"width: 640px;\" class=\"wp-video\"><video class=\"wp-video-shortcode\" id=\"video-65611-2\" width=\"640\" height=\"360\" poster=\"https:\/\/bletz.lu\/wp-content\/uploads\/2019\/10\/img_0932.jpg\" preload=\"metadata\" controls=\"controls\"><source type=\"video\/mp4\" src=\"https:\/\/bletz.lu\/wp-content\/uploads\/2019\/10\/932xxx_MinSante_Bletz.mp4?_=2\" \/><a href=\"https:\/\/bletz.lu\/wp-content\/uploads\/2019\/10\/932xxx_MinSante_Bletz.mp4\">https:\/\/bletz.lu\/wp-content\/uploads\/2019\/10\/932xxx_MinSante_Bletz.mp4<\/a><\/video><\/div><a href=\"https:\/\/bletz.lu\/wp-content\/uploads\/2016\/10\/Den_Held_vum_Dag_Full_HD.mp4\">https:\/\/bletz.lu\/wp-content\/uploads\/2016\/10\/Den_Held_vum_Dag_Full_HD.mp4<\/a><\/video><\/div>\n<p style=\"text-align: center;\">Stroke Alliance For Europe (SAFE) mat RTL &#8211; \u2028(Rechter: Mme Jane MABER, Head of Brand, Stroke Association UK. L\u00ebtzebuergesch Ennertitelen vun IP Luxembourg)[\/vc_column_text][\/vc_column][vc_column width=&#8221;1\/3&#8243;] <h1 style=\"color:;padding:2px;text-align:center;font-size:px;line-height:px;letter-spacing: px;font-weight:bold\" class=\"   nd_options_first_font \">Opkl\u00e4rung a Sensibilis\u00e9ierung<\/h1> [vc_cta h2=&#8221;&#8221; add_button=&#8221;left&#8221; btn_title=&#8221;`{`:de`}`Durch Medien`{`:fr`}`Dans les m\u00e9dias`{`:lu`}`An de Medien`{`:`}`&#8221; btn_color=&#8221;warning&#8221; btn_align=&#8221;left&#8221; btn_i_icon_fontawesome=&#8221;far fa-eye&#8221; btn_add_icon=&#8221;true&#8221; css=&#8221;.vc_custom_1609608253309{margin-top: 10px !important;}&#8221; btn_link=&#8221;url:https%3A%2F%2Fbletz.lu%2Fwas-haben-wir-bewirkt%2Fsensibilisierung%2F%23sensibilisierungmedien|title:Sensibilisierung&#8221;]Regelm\u00e9isseg Pr\u00e4senz a Kampagnen[\/vc_cta][vc_cta h2=&#8221;&#8221; add_button=&#8221;left&#8221; btn_title=&#8221;`{`:de`}`In den Schulen`{`:fr`}`Dans les lyc\u00e9es`{`:lu`}`An de Lyc\u00e9e\u00eb`{`:`}`&#8221; btn_color=&#8221;warning&#8221; btn_align=&#8221;right&#8221; btn_i_icon_fontawesome=&#8221;far fa-eye&#8221; btn_add_icon=&#8221;true&#8221; css=&#8221;.vc_custom_1609608421470{margin-top: 10px !important;}&#8221; btn_link=&#8221;url:https%3A%2F%2Fbletz.lu%2Fwas-haben-wir-bewirkt%2Fsensibilisierung%2F%23sensibilisierungschulen|title:Sensibilisierung&#8221;]<\/p>\n<p>Sensibilis\u00e9irung vun de Sch\u00fclerinnen a Sch\u00fcler zu L\u00ebtzebuerg[\/vc_cta][\/vc_column][\/vc_row][vc_row css=&#8221;.vc_custom_1609358966225{padding-bottom: 20px !important;}&#8221;][vc_column] <h1 style=\"color:;padding:px;text-align:center;font-size:px;line-height:px;letter-spacing: px;font-weight:bold\" class=\"    \">Politesch \u00cbnnerst\u00ebtzung kr\u00e9ien<\/h1> [\/vc_column][\/vc_row][vc_row full_width=&#8221;stretch_row_content&#8221;][vc_column width=&#8221;1\/3&#8243;][vc_video link=&#8221;https:\/\/youtu.be\/xIHALOCmN_U&#8221;][\/vc_column][vc_column width=&#8221;1\/3&#8243;][vc_video link=&#8221;https:\/\/youtu.be\/Es6FkXxPB0g&#8221;][\/vc_column][vc_column width=&#8221;1\/3&#8243;][vc_video link=&#8221;https:\/\/youtu.be\/LWlD0ICVP3g&#8221;][\/vc_column][\/vc_row][vc_row css=&#8221;.vc_custom_1609358966225{padding-bottom: 20px !important;}&#8221;][vc_column] <h1 style=\"color:;padding:px;text-align:center;font-size:px;line-height:px;letter-spacing: px;font-weight:bold\" class=\"    \">D'St\u00ebmm vun de Betraffenen<\/h1> [\/vc_column][\/vc_row][vc_row][vc_column width=&#8221;1\/2&#8243;][vc_column_text]<\/p>\n<h2 style=\"text-align: center;\">10 M\u00e4nner &#8211; 1 AVC &#8211; 10 Geschichten<\/h2>\n<h4 style=\"text-align: center;\">Ein Schlaganfall, ein Mann und seine Geschichte<\/h4>\n<p>\n<table id=\"tablepress-6\" class=\"tablepress tablepress-id-6\">\n<tbody class=\"row-striping row-hover\">\n<tr class=\"row-1\">\n\t<td class=\"column-1\"><a href=\"http:\/\/bletz.lu\/wp-content\/uploads\/2016\/11\/01-Nico_Backes.pdf\"><img loading=\"lazy\" decoding=\"async\" src=\"http:\/\/bletz.lu\/wp-content\/uploads\/2016\/11\/01-Nico_Backes.png\" alt=\"Nico Backes\" width=\"100\" height=\"100\" class=\"aligncenter size-full wp-image-1690\" \/><\/a><\/td><td class=\"column-2\"><a href=\"http:\/\/bletz.lu\/wp-content\/uploads\/2016\/11\/02-Laurent_Van_Goidsenoven.pdf\"><img loading=\"lazy\" decoding=\"async\" src=\"http:\/\/bletz.lu\/wp-content\/uploads\/2016\/11\/02-Laurent_Van_Goidsenoven.png\" alt=\"Laurent Van Goidsenoven\" width=\"100\" height=\"100\" class=\"aligncenter size-full wp-image-1690\" \/><\/a><\/td><td class=\"column-3\"><a href=\"http:\/\/bletz.lu\/wp-content\/uploads\/2016\/11\/03-Michel_Modo.pdf\"><img loading=\"lazy\" decoding=\"async\" src=\"http:\/\/bletz.lu\/wp-content\/uploads\/2016\/11\/03-Michel_Modo.png\" alt=\"Michel Moro\" width=\"100\" height=\"100\" class=\"aligncenter size-full wp-image-1690\" \/><\/a><\/td><td class=\"column-4\"><a href=\"http:\/\/bletz.lu\/wp-content\/uploads\/2016\/11\/04-Pierre_Berger.pdf\"><img loading=\"lazy\" decoding=\"async\" src=\"http:\/\/bletz.lu\/wp-content\/uploads\/2016\/11\/04-Pierre_Berger.png\" alt=\"Pierre Berger\" width=\"100\" height=\"100\" class=\"aligncenter size-full wp-image-1690\" \/><\/a><\/td>\n<\/tr>\n<tr class=\"row-2\">\n\t<td class=\"column-1\"><a href=\"http:\/\/bletz.lu\/wp-content\/uploads\/2016\/11\/05-Marc_Schommer.pdf\"><img loading=\"lazy\" decoding=\"async\" src=\"http:\/\/bletz.lu\/wp-content\/uploads\/2016\/11\/05-Marc_Schommer.png\" alt=\"Marc Schommer\" width=\"100\" height=\"100\" class=\"aligncenter size-full wp-image-1690\" \/><\/a><\/td><td class=\"column-2\"><a href=\"http:\/\/bletz.lu\/wp-content\/uploads\/2016\/11\/06-Emile_Pletschette.pdf\"><img loading=\"lazy\" decoding=\"async\" src=\"http:\/\/bletz.lu\/wp-content\/uploads\/2016\/11\/06-Emile_Pletschette.png\" alt=\"Emile Plettschette\" width=\"100\" height=\"100\" class=\"aligncenter size-full wp-image-1690\" \/><\/a><\/td><td class=\"column-3\"><a href=\"http:\/\/bletz.lu\/wp-content\/uploads\/2016\/11\/07-Patrick_Antony.pdf\"><img loading=\"lazy\" decoding=\"async\" src=\"http:\/\/bletz.lu\/wp-content\/uploads\/2016\/11\/07-Patrick_Antony.png\" alt=\"Patrick Antony\" width=\"100\" height=\"100\" class=\"aligncenter size-full wp-image-1690\" \/><\/a><\/td><td class=\"column-4\"><a href=\"http:\/\/bletz.lu\/wp-content\/uploads\/2016\/11\/08-Jacques_Wirion.pdf\"><img loading=\"lazy\" decoding=\"async\" src=\"http:\/\/bletz.lu\/wp-content\/uploads\/2016\/11\/08-Jacques_Wirion.png\" alt=\"Jacques Wirion\" width=\"100\" height=\"100\" class=\"aligncenter size-full wp-image-1690\" \/><\/a><\/td>\n<\/tr>\n<tr class=\"row-3\">\n\t<td class=\"column-1\"><a href=\"http:\/\/bletz.lu\/wp-content\/uploads\/2016\/11\/09-Roby_Heiderscheid.pdf\"><img loading=\"lazy\" decoding=\"async\" src=\"http:\/\/bletz.lu\/wp-content\/uploads\/2016\/11\/09-Roby_Heiderscheid.png\" alt=\"Roby Heiderscheid\" width=\"100\" height=\"100\" class=\"aligncenter size-full wp-image-1690\" \/><\/a><\/td><td class=\"column-2\"><a href=\"http:\/\/bletz.lu\/wp-content\/uploads\/2016\/11\/10-Pitt_Koeller.pdf\"><img loading=\"lazy\" decoding=\"async\" src=\"http:\/\/bletz.lu\/wp-content\/uploads\/2016\/11\/10-Pitt_Koeller.png\" alt=\"Pitt Koeller\" width=\"100\" height=\"100\" class=\"aligncenter size-full wp-image-1690\" \/><\/a><\/td><td class=\"column-3\"><a href=\"http:\/\/bletz.lu\/wp-content\/uploads\/2018\/10\/11-Clemens-Marcus.pdf\"><img loading=\"lazy\" decoding=\"async\" src=\"http:\/\/bletz.lu\/wp-content\/uploads\/2018\/10\/11-Clemens-Marcus.jpg\" alt=\"Marcus Clemens\" width=\"100\" height=\"100\" class=\"aligncenter size-full wp-image-1690\" \/><\/a><\/td><td class=\"column-4\"><a href=\"http:\/\/bletz.lu\/wp-content\/uploads\/2018\/10\/12-Lucius_David.pdf\"><img loading=\"lazy\" decoding=\"async\" src=\"http:\/\/bletz.lu\/wp-content\/uploads\/2018\/10\/12-Lucius_David.jpg\" alt=\"David Lucius\" width=\"100\" height=\"100\" class=\"aligncenter size-full wp-image-1690\" \/><\/a><\/td>\n<\/tr>\n<\/tbody>\n<\/table>\n<!-- #tablepress-6 from cache -->[\/vc_column_text][\/vc_column][vc_column width=&#8221;1\/2&#8243;][vc_column_text]<\/p>\n<h2 style=\"text-align: center;\">10 Fra\u00ebn &#8211; 1 AVC &#8211; 10 Geschichten<\/h2>\n<h4 style=\"text-align: center;\">Ein Schlaganfall, eine Frau und ihre Geschichte<\/h4>\n<p>\n<table id=\"tablepress-5\" class=\"tablepress tablepress-id-5\">\n<tbody class=\"row-striping row-hover\">\n<tr class=\"row-1\">\n\t<td class=\"column-1\"><a href=\"http:\/\/bletz.lu\/wp-content\/uploads\/2015\/11\/01-Rogeiro_Amelia.pdf\"><img loading=\"lazy\" decoding=\"async\" src=\"http:\/\/bletz.lu\/wp-content\/uploads\/2015\/11\/01-Rogeiro_Amelia.png\" alt=\"01-Rogeiro_Amelia\" width=\"100\" height=\"100\" class=\"aligncenter size-full wp-image-1690\" srcset=\"https:\/\/bletz.lu\/wp-content\/uploads\/2015\/11\/01-Rogeiro_Amelia.png 100w, https:\/\/bletz.lu\/wp-content\/uploads\/2015\/11\/01-Rogeiro_Amelia-50x50.png 50w, https:\/\/bletz.lu\/wp-content\/uploads\/2015\/11\/01-Rogeiro_Amelia-80x80.png 80w\" sizes=\"auto, (max-width: 100px) 100vw, 100px\" \/><\/a><\/td><td class=\"column-2\"><a href=\"http:\/\/bletz.lu\/wp-content\/uploads\/2015\/11\/02-Recher_Patricia.pdf\"><img loading=\"lazy\" decoding=\"async\" src=\"http:\/\/bletz.lu\/wp-content\/uploads\/2015\/11\/02-Recher_Patricia.png\" alt=\"Patricia Recher\" width=\"100\" height=\"100\" class=\"aligncenter size-full wp-image-1690\" \/><\/a><\/td><td class=\"column-3\"><a href=\"http:\/\/bletz.lu\/wp-content\/uploads\/2015\/11\/03-Magar_Karin.pdf\"><img loading=\"lazy\" decoding=\"async\" src=\"http:\/\/bletz.lu\/wp-content\/uploads\/2015\/11\/03-Magar_Karin.png\" alt=\"Karin Magar\" width=\"100\" height=\"100\" class=\"aligncenter size-full wp-image-1689\" \/><\/a><\/td><td class=\"column-4\"><a href=\"http:\/\/bletz.lu\/wp-content\/uploads\/2015\/11\/04-Conrardy-Nickels_Marianne.pdf\"><img loading=\"lazy\" decoding=\"async\" src=\"http:\/\/bletz.lu\/wp-content\/uploads\/2015\/11\/04-Conrardy-Nickels_Marianne.png\" alt=\"Marianne Conrardy-Nickels\" width=\"100\" height=\"100\" class=\"aligncenter size-full wp-image-1690\" \/><\/a><\/td>\n<\/tr>\n<tr class=\"row-2\">\n\t<td class=\"column-1\"><a href=\"http:\/\/bletz.lu\/wp-content\/uploads\/2015\/11\/05-Drui_Yolande.pdf\"><img loading=\"lazy\" decoding=\"async\" src=\"http:\/\/bletz.lu\/wp-content\/uploads\/2015\/11\/05-Drui_Yolande.png\" alt=\"Drui Yolande\" width=\"100\" height=\"100\" class=\"aligncenter size-full wp-image-1690\" \/><\/a><\/td><td class=\"column-2\"><a href=\"http:\/\/bletz.lu\/wp-content\/uploads\/2015\/11\/06-Freis_Martine.pdf\"><img loading=\"lazy\" decoding=\"async\" src=\"http:\/\/bletz.lu\/wp-content\/uploads\/2015\/11\/06-Freis_Martine.png\" alt=\"Freis Martine\" width=\"100\" height=\"100\" class=\"aligncenter size-full wp-image-1690\" \/><\/a><\/td><td class=\"column-3\"><a href=\"http:\/\/bletz.lu\/wp-content\/uploads\/2015\/11\/07-Scheuren_Nicole.pdf\"><img loading=\"lazy\" decoding=\"async\" src=\"http:\/\/bletz.lu\/wp-content\/uploads\/2015\/11\/07-Scheuren_Nicole.png\" alt=\"Scheuren Nicole\" width=\"100\" height=\"100\" class=\"aligncenter size-full wp-image-1690\" \/><\/a><\/td><td class=\"column-4\"><a href=\"http:\/\/bletz.lu\/wp-content\/uploads\/2015\/11\/08-Liliane_Watgen.pdf\"><img loading=\"lazy\" decoding=\"async\" src=\"http:\/\/bletz.lu\/wp-content\/uploads\/2015\/11\/08-Liliane_Watgen.png\" alt=\"Watgen Liliane\" width=\"100\" height=\"100\" class=\"aligncenter size-full wp-image-1690\" \/><\/a><\/td>\n<\/tr>\n<tr class=\"row-3\">\n\t<td class=\"column-1\"><a href=\"http:\/\/bletz.lu\/wp-content\/uploads\/2015\/11\/09-Pott-Thomas_Dominique.pdf\"><img loading=\"lazy\" decoding=\"async\" src=\"http:\/\/bletz.lu\/wp-content\/uploads\/2015\/11\/09-Pott-Thomas_Dominique.png\" alt=\"Watgen Liliane\" width=\"100\" height=\"100\" class=\"aligncenter size-full wp-image-1690\" \/><\/a><\/td><td class=\"column-2\"><a href=\"http:\/\/bletz.lu\/wp-content\/uploads\/2015\/11\/10-Keller-Chantal.pdf\"><img loading=\"lazy\" decoding=\"async\" src=\"http:\/\/bletz.lu\/wp-content\/uploads\/2015\/11\/10-Keller-Chantal.png\" alt=\"Chantal Keller\" width=\"100\" height=\"100\" class=\"aligncenter size-full wp-image-1690\" \/><\/a><\/td><td class=\"column-3\"><a href=\"http:\/\/bletz.lu\/wp-content\/uploads\/2018\/10\/11-Werner_Danielle.pdf\"><img loading=\"lazy\" decoding=\"async\" src=\"http:\/\/bletz.lu\/wp-content\/uploads\/2018\/10\/11-Werner_Danielle.jpg\" alt=\"Danielle Werner\" width=\"100\" height=\"100\" class=\"aligncenter size-full wp-image-1690\" \/><\/a><\/td><td class=\"column-4\"><a href=\"http:\/\/bletz.lu\/wp-content\/uploads\/2018\/10\/12-Hennes_Sandy.pdf\"><img loading=\"lazy\" decoding=\"async\" src=\"http:\/\/bletz.lu\/wp-content\/uploads\/2018\/10\/12-Hennes_Sandy.jpg\" alt=\"Sandy Hennes\" width=\"100\" height=\"100\" class=\"aligncenter size-full wp-image-1690\" \/><\/a><\/td>\n<\/tr>\n<\/tbody>\n<\/table>\n<!-- #tablepress-5 from cache -->[\/vc_column_text][\/vc_column][\/vc_row]<\/p>\n","protected":false},"excerpt":{"rendered":"<p>[vc_row full_width=&#8221;stretch_row_content&#8221; content_placement=&#8221;top&#8221;][vc_column width=&#8221;1\/3&#8243;][vc_single_image image=&#8221;2816&#8243; img_size=&#8221;full&#8221; alignment=&#8221;center&#8221; style=&#8221;vc_box_rounded&#8221; onclick=&#8221;custom_link&#8221; link=&#8221;https:\/\/bletz.lu\/book&#8221;][vc_column_text] Il faut \u00eatre un battant! \u2013 Man muss ein K\u00e4mpfer sein! \u2013 You Have to be a Fighter! \u2013 \u00c9 [&hellip;]<\/p>\n","protected":false},"author":656,"featured_media":0,"parent":0,"menu_order":0,"comment_status":"closed","ping_status":"closed","template":"","meta":{"jetpack_post_was_ever_published":false,"footnotes":""},"categories":[],"tags":[],"class_list":["post-65611","page","type-page","status-publish","hentry"],"jetpack_shortlink":"https:\/\/wp.me\/P3uDnz-h4f","jetpack_sharing_enabled":true,"_links":{"self":[{"href":"https:\/\/bletz.lu\/lu\/wp-json\/wp\/v2\/pages\/65611","targetHints":{"allow":["GET"]}}],"collection":[{"href":"https:\/\/bletz.lu\/lu\/wp-json\/wp\/v2\/pages"}],"about":[{"href":"https:\/\/bletz.lu\/lu\/wp-json\/wp\/v2\/types\/page"}],"author":[{"embeddable":true,"href":"https:\/\/bletz.lu\/lu\/wp-json\/wp\/v2\/users\/656"}],"replies":[{"embeddable":true,"href":"https:\/\/bletz.lu\/lu\/wp-json\/wp\/v2\/comments?post=65611"}],"version-history":[{"count":40,"href":"https:\/\/bletz.lu\/lu\/wp-json\/wp\/v2\/pages\/65611\/revisions"}],"predecessor-version":[{"id":70105,"href":"https:\/\/bletz.lu\/lu\/wp-json\/wp\/v2\/pages\/65611\/revisions\/70105"}],"wp:attachment":[{"href":"https:\/\/bletz.lu\/lu\/wp-json\/wp\/v2\/media?parent=65611"}],"wp:term":[{"taxonomy":"category","embeddable":true,"href":"https:\/\/bletz.lu\/lu\/wp-json\/wp\/v2\/categories?post=65611"},{"taxonomy":"post_tag","embeddable":true,"href":"https:\/\/bletz.lu\/lu\/wp-json\/wp\/v2\/tags?post=65611"}],"curies":[{"name":"wp","href":"https:\/\/api.w.org\/{rel}","templated":true}]}}