{"id":65654,"date":"2020-12-30T21:48:44","date_gmt":"2020-12-30T20:48:44","guid":{"rendered":"https:\/\/bletz.lu\/?page_id=65654"},"modified":"2022-08-19T10:27:10","modified_gmt":"2022-08-19T08:27:10","slug":"wir-setzen-uns-ein","status":"publish","type":"page","link":"https:\/\/bletz.lu\/lu\/wir-setzen-uns-ein\/","title":{"rendered":"Mir setzen eis an"},"content":{"rendered":"<p>[vc_row full_width=&#8221;stretch_row_content&#8221;][vc_column width=&#8221;1\/4&#8243;] <h1 style=\"color:#fab53a;padding:px;text-align:;font-size:px;line-height:px;letter-spacing: px;font-weight:bold\" class=\"    \">Mission<\/h1> [\/vc_column][vc_column width=&#8221;3\/4&#8243;][vc_column_text]<br \/>\n<b>Wat ass \u201eBl\u00ebtz a.s.b.l\u201c?<\/b><\/p>\n<ul>\n<li>Bl\u00ebtz a.s.b.l. ass eng Associatioun fir Betraffener vu Betraffener vun enger Gehierverletzung.<\/li>\n<\/ul>\n<p><b>Vu wat betraff?<\/b><\/p>\n<ul>\n<li>Betraffe si vun engem Hiereschlag.<\/li>\n<\/ul>\n<p><b>Fir wien?<\/b><\/p>\n<ul>\n<li>D\u00ebs Krankheet, d\u00e9i w\u00e9i ee Bl\u00ebtz aschl\u00e9it, tr\u00ebfft net n\u00ebmmen eng Persoun, m\u00e4 och hiert ganzt soziaalt \u00cbmfeld w\u00e9i d\u2019Famill an d\u2019Fr\u00ebnn.<\/li>\n<\/ul>\n<p><b>Firwat?<\/b><\/p>\n<ul>\n<li>Fir e bessert Verstoen vun de Konsequenzen vun der Gehirverletzung.<\/li>\n<li>Fir mat de Konsequenzen vun der Gehirverletzung am Alldag ze liewen.<\/li>\n<\/ul>\n<p><b>W\u00e9i?<\/b><\/p>\n<ul>\n<li>Fir dob\u00e4i m\u00e9i staark ze sinn, w\u00eblle mir eis selwer h\u00ebllefen, austauschen, inform\u00e9ieren, orient\u00e9ieren, l\u00e9ieren, opmierksam maachen, form\u00e9ieren&#8230;<\/li>\n<li>Gemeinsam a mat Respekt.<\/li>\n<\/ul>\n<p>[\/vc_column_text][\/vc_column][\/vc_row][vc_row full_width=&#8221;stretch_row_content&#8221; el_id=&#8221;einsetzenschulen&#8221;][vc_column width=&#8221;1\/4&#8243;] <h1 style=\"color:#fab53a;padding:px;text-align:;font-size:px;line-height:px;letter-spacing: px;font-weight:bold\" class=\"    \">An de Lyc\u00e9e\u00eb<\/h1> [\/vc_column][vc_column width=&#8221;3\/4&#8243;][vc_basic_grid post_type=&#8221;post&#8221; max_items=&#8221;-1&#8243; style=&#8221;pagination&#8221; items_per_page=&#8221;6&#8243; element_width=&#8221;2&#8243; gap=&#8221;5&#8243; arrows_design=&#8221;vc_arrow-icon-arrow_01_left&#8221; arrows_color=&#8221;violet&#8221; paging_design=&#8221;pagination_default&#8221; paging_color=&#8221;black&#8221; initial_loading_animation=&#8221;none&#8221; grid_id=&#8221;vc_gid:1660897488697-49f7365b-c7e5-0&#8243; taxonomies=&#8221;81&#8243;][\/vc_column][\/vc_row][vc_row full_width=&#8221;stretch_row_content&#8221; el_id=&#8221;einsetzencovid19&#8243;][vc_column width=&#8221;1\/4&#8243;] <h1 style=\"color:#fab53a;padding:px;text-align:;font-size:px;line-height:px;letter-spacing: px;font-weight:bold\" class=\"    \">Iwwer den AVC &amp; COVID19 inform\u00e9ieren<\/h1> [\/vc_column][vc_column width=&#8221;3\/4&#8243;][vc_basic_grid post_type=&#8221;post&#8221; max_items=&#8221;-1&#8243; style=&#8221;pagination&#8221; items_per_page=&#8221;6&#8243; element_width=&#8221;2&#8243; gap=&#8221;10&#8243; arrows_design=&#8221;vc_arrow-icon-arrow_01_left&#8221; arrows_color=&#8221;orange&#8221; paging_design=&#8221;pagination_default&#8221; paging_color=&#8221;black&#8221; initial_loading_animation=&#8221;none&#8221; grid_id=&#8221;vc_gid:1660897488704-f669fb99-c50b-0&#8243; taxonomies=&#8221;80&#8243;][\/vc_column][\/vc_row]<\/p>\n","protected":false},"excerpt":{"rendered":"<p>[vc_row full_width=&#8221;stretch_row_content&#8221;][vc_column width=&#8221;1\/4&#8243;][\/vc_column][vc_column width=&#8221;3\/4&#8243;][vc_column_text] Wat ass \u201eBl\u00ebtz a.s.b.l\u201c? Bl\u00ebtz a.s.b.l. ass eng Associatioun fir Betraffener vu Betraffener vun enger Gehierverletzung. Vu wat betraff? Betraffe si vun engem Hiereschlag. Fir wien? [&hellip;]<\/p>\n","protected":false},"author":656,"featured_media":0,"parent":0,"menu_order":0,"comment_status":"closed","ping_status":"closed","template":"","meta":{"jetpack_post_was_ever_published":false,"footnotes":""},"categories":[],"tags":[],"class_list":["post-65654","page","type-page","status-publish","hentry"],"jetpack_shortlink":"https:\/\/wp.me\/P3uDnz-h4W","jetpack_sharing_enabled":true,"_links":{"self":[{"href":"https:\/\/bletz.lu\/lu\/wp-json\/wp\/v2\/pages\/65654","targetHints":{"allow":["GET"]}}],"collection":[{"href":"https:\/\/bletz.lu\/lu\/wp-json\/wp\/v2\/pages"}],"about":[{"href":"https:\/\/bletz.lu\/lu\/wp-json\/wp\/v2\/types\/page"}],"author":[{"embeddable":true,"href":"https:\/\/bletz.lu\/lu\/wp-json\/wp\/v2\/users\/656"}],"replies":[{"embeddable":true,"href":"https:\/\/bletz.lu\/lu\/wp-json\/wp\/v2\/comments?post=65654"}],"version-history":[{"count":10,"href":"https:\/\/bletz.lu\/lu\/wp-json\/wp\/v2\/pages\/65654\/revisions"}],"predecessor-version":[{"id":70103,"href":"https:\/\/bletz.lu\/lu\/wp-json\/wp\/v2\/pages\/65654\/revisions\/70103"}],"wp:attachment":[{"href":"https:\/\/bletz.lu\/lu\/wp-json\/wp\/v2\/media?parent=65654"}],"wp:term":[{"taxonomy":"category","embeddable":true,"href":"https:\/\/bletz.lu\/lu\/wp-json\/wp\/v2\/categories?post=65654"},{"taxonomy":"post_tag","embeddable":true,"href":"https:\/\/bletz.lu\/lu\/wp-json\/wp\/v2\/tags?post=65654"}],"curies":[{"name":"wp","href":"https:\/\/api.w.org\/{rel}","templated":true}]}}