{"id":65673,"date":"2020-12-30T23:00:41","date_gmt":"2020-12-30T22:00:41","guid":{"rendered":"https:\/\/bletz.lu\/?page_id=65673"},"modified":"2021-02-06T12:09:31","modified_gmt":"2021-02-06T11:09:31","slug":"konferenzen","status":"publish","type":"page","link":"https:\/\/bletz.lu\/lu\/konferenzen\/","title":{"rendered":"Konferenzen"},"content":{"rendered":"<p>[vc_row][vc_column][\/vc_column][\/vc_row][vc_row full_width=&#8221;stretch_row_content&#8221; full_height=&#8221;yes&#8221;][vc_column][vc_tta_tour active_section=&#8221;1&#8243;][vc_tta_section title=&#8221;`{`:de`}`Orthophonie`{`:fr`}`Orthophonie`{`:lu`}`Orthophonie`{`:`}`&#8221; tab_id=&#8221;1609365802229-7a6927b5-0d8f&#8221;][vc_basic_grid post_type=&#8221;post&#8221; max_items=&#8221;-1&#8243; style=&#8221;pagination&#8221; items_per_page=&#8221;6&#8243; element_width=&#8221;2&#8243; arrows_design=&#8221;vc_arrow-icon-arrow_08_left&#8221; arrows_color=&#8221;juicy_pink&#8221; paging_design=&#8221;pagination_square&#8221; paging_color=&#8221;juicy_pink&#8221; initial_loading_animation=&#8221;none&#8221; grid_id=&#8221;vc_gid:1612609624315-3d06ecea-51bb-9&#8243; taxonomies=&#8221;23&#8243;][\/vc_tta_section][vc_tta_section title=&#8221;`{`:de`}`Heilgymnastik`{`:fr`}`Kin\u00e9sith\u00e9rapie`{`:lu`}`Kin\u00e9sitherapie`{`:`}`&#8221; tab_id=&#8221;1609365802229-578936e3-4bff&#8221;][vc_basic_grid post_type=&#8221;post&#8221; max_items=&#8221;-1&#8243; style=&#8221;pagination&#8221; items_per_page=&#8221;6&#8243; element_width=&#8221;2&#8243; gap=&#8221;5&#8243; arrows_design=&#8221;vc_arrow-icon-arrow_08_left&#8221; arrows_color=&#8221;juicy_pink&#8221; paging_design=&#8221;pagination_square&#8221; paging_color=&#8221;juicy_pink&#8221; initial_loading_animation=&#8221;none&#8221; grid_id=&#8221;vc_gid:1612609624317-fb7ad254-9e4d-10&#8243; taxonomies=&#8221;24&#8243;][\/vc_tta_section][vc_tta_section title=&#8221;`{`:de`}`Ergotherapie`{`:fr`}`Ergoth\u00e9rapie`{`:lu`}`Ergotherapie`{`:`}`&#8221; tab_id=&#8221;1609366112275-071e8d40-d30c&#8221;][vc_basic_grid post_type=&#8221;post&#8221; max_items=&#8221;-1&#8243; style=&#8221;pagination&#8221; items_per_page=&#8221;6&#8243; element_width=&#8221;2&#8243; gap=&#8221;5&#8243; arrows_design=&#8221;vc_arrow-icon-arrow_08_left&#8221; arrows_color=&#8221;juicy_pink&#8221; paging_design=&#8221;pagination_square&#8221; paging_color=&#8221;juicy_pink&#8221; initial_loading_animation=&#8221;none&#8221; grid_id=&#8221;vc_gid:1612609624323-84f0a66f-0415-8&#8243; taxonomies=&#8221;46&#8243;][\/vc_tta_section][vc_tta_section title=&#8221;Neuropsychologie&#8221; tab_id=&#8221;1609366117984-3eb0cb93-6cbd&#8221;][vc_basic_grid post_type=&#8221;post&#8221; max_items=&#8221;-1&#8243; style=&#8221;pagination&#8221; items_per_page=&#8221;6&#8243; element_width=&#8221;2&#8243; gap=&#8221;5&#8243; arrows_design=&#8221;vc_arrow-icon-arrow_08_left&#8221; arrows_color=&#8221;juicy_pink&#8221; paging_design=&#8221;pagination_square&#8221; paging_color=&#8221;juicy_pink&#8221; initial_loading_animation=&#8221;none&#8221; grid_id=&#8221;vc_gid:1612609624323-d6d71094-e567-5&#8243; taxonomies=&#8221;25&#8243;][\/vc_tta_section][vc_tta_section title=&#8221;Neurologie&#8221; tab_id=&#8221;1609366123486-1690f761-18b7&#8243;][vc_basic_grid post_type=&#8221;post&#8221; max_items=&#8221;-1&#8243; style=&#8221;pagination&#8221; items_per_page=&#8221;6&#8243; element_width=&#8221;2&#8243; gap=&#8221;5&#8243; arrows_design=&#8221;vc_arrow-icon-arrow_08_left&#8221; arrows_color=&#8221;juicy_pink&#8221; paging_design=&#8221;pagination_square&#8221; paging_color=&#8221;juicy_pink&#8221; initial_loading_animation=&#8221;none&#8221; grid_id=&#8221;vc_gid:1612609624325-49e1ab11-dd62-0&#8243; taxonomies=&#8221;22&#8243;][\/vc_tta_section][vc_tta_section title=&#8221;Neurochirurgie&#8221; tab_id=&#8221;1609366558463-5d576a4d-6d13&#8243;][vc_basic_grid post_type=&#8221;post&#8221; max_items=&#8221;-1&#8243; style=&#8221;pagination&#8221; items_per_page=&#8221;6&#8243; element_width=&#8221;2&#8243; gap=&#8221;5&#8243; arrows_design=&#8221;vc_arrow-icon-arrow_08_left&#8221; arrows_color=&#8221;juicy_pink&#8221; paging_design=&#8221;pagination_square&#8221; paging_color=&#8221;juicy_pink&#8221; grid_id=&#8221;vc_gid:1612609624326-95862f82-945a-3&#8243; taxonomies=&#8221;29&#8243;][\/vc_tta_section][vc_tta_section title=&#8221;`{`:de`}`Kardiologie`{`:fr`}`Cardiologie`{`:lu`}`Cardiologie`{`:`}`&#8221; tab_id=&#8221;1609366204994-c5246395-461c&#8221;][vc_basic_grid post_type=&#8221;post&#8221; max_items=&#8221;-1&#8243; style=&#8221;pagination&#8221; items_per_page=&#8221;6&#8243; element_width=&#8221;2&#8243; gap=&#8221;5&#8243; arrows_design=&#8221;vc_arrow-icon-arrow_08_left&#8221; arrows_color=&#8221;juicy_pink&#8221; paging_design=&#8221;pagination_square&#8221; paging_color=&#8221;juicy_pink&#8221; grid_id=&#8221;vc_gid:1612609624326-c1475dfe-ec1a-7&#8243; taxonomies=&#8221;30&#8243;][\/vc_tta_section][vc_tta_section title=&#8221;`{`:de`}`Endokrinologie`{`:fr`}`Endocrinologie`{`:lu`}`Endocrinologie`{`:`}`&#8221; tab_id=&#8221;1609366222542-7b3178af-368a&#8221;][vc_basic_grid post_type=&#8221;post&#8221; max_items=&#8221;-1&#8243; style=&#8221;pagination&#8221; items_per_page=&#8221;6&#8243; element_width=&#8221;2&#8243; gap=&#8221;5&#8243; arrows_design=&#8221;vc_arrow-icon-arrow_08_left&#8221; arrows_color=&#8221;juicy_pink&#8221; paging_design=&#8221;pagination_square&#8221; paging_color=&#8221;juicy_pink&#8221; grid_id=&#8221;vc_gid:1612609624327-e6b5e750-13b4-0&#8243; taxonomies=&#8221;31&#8243;][\/vc_tta_section][vc_tta_section title=&#8221;`{`:de`}`H\u00e4usliche Pflege`{`:fr`}`Soins \u00e0 domicile`{`:lu`}`Pfleeg doheem`{`:`}`&#8221; tab_id=&#8221;1609366210320-7b29772c-a5f9&#8243;][vc_basic_grid post_type=&#8221;post&#8221; max_items=&#8221;-1&#8243; style=&#8221;pagination&#8221; items_per_page=&#8221;6&#8243; element_width=&#8221;2&#8243; gap=&#8221;5&#8243; arrows_design=&#8221;vc_arrow-icon-arrow_08_left&#8221; arrows_color=&#8221;juicy_pink&#8221; paging_design=&#8221;pagination_square&#8221; paging_color=&#8221;juicy_pink&#8221; grid_id=&#8221;vc_gid:1612609624328-6fc20b4f-2015-5&#8243; taxonomies=&#8221;28&#8243;][\/vc_tta_section][vc_tta_section title=&#8221;`{`:de`}`Sozialf\u00fcrsorge`{`:fr`}`Assitance sociale`{`:lu`}`Assistance Sociale`{`:`}`&#8221; tab_id=&#8221;1609366213631-29819d15-d1c2&#8243;][vc_basic_grid post_type=&#8221;post&#8221; max_items=&#8221;-1&#8243; style=&#8221;pagination&#8221; items_per_page=&#8221;6&#8243; element_width=&#8221;2&#8243; gap=&#8221;5&#8243; arrows_design=&#8221;vc_arrow-icon-arrow_08_left&#8221; arrows_color=&#8221;juicy_pink&#8221; paging_design=&#8221;pagination_square&#8221; paging_color=&#8221;juicy_pink&#8221; grid_id=&#8221;vc_gid:1612609624330-8c135afd-06b0-10&#8243; taxonomies=&#8221;27&#8243;][\/vc_tta_section][vc_tta_section title=&#8221;`{`:de`}`Rehabilitation`{`:fr`}`M\u00e9dicine r\u00e9adaptation`{`:lu`}`Rehabilitation`{`:`}`&#8221; tab_id=&#8221;1609366216951-454975fe-a19a&#8221;][vc_basic_grid post_type=&#8221;post&#8221; max_items=&#8221;-1&#8243; style=&#8221;pagination&#8221; items_per_page=&#8221;6&#8243; element_width=&#8221;2&#8243; gap=&#8221;5&#8243; arrows_design=&#8221;vc_arrow-icon-arrow_08_left&#8221; arrows_color=&#8221;juicy_pink&#8221; paging_design=&#8221;pagination_square&#8221; paging_color=&#8221;juicy_pink&#8221; initial_loading_animation=&#8221;none&#8221; grid_id=&#8221;vc_gid:1612609624331-d962b35a-37c2-2&#8243; taxonomies=&#8221;47&#8243;][\/vc_tta_section][vc_tta_section title=&#8221;`{`:de`}`Psychomotorik`{`:fr`}`Psychomotricit\u00e9`{`:lu`}`Psychomotricit\u00e9`{`:`}`&#8221; tab_id=&#8221;1609366220394-646f0f6d-248d&#8221;][vc_basic_grid post_type=&#8221;post&#8221; max_items=&#8221;-1&#8243; style=&#8221;pagination&#8221; items_per_page=&#8221;6&#8243; element_width=&#8221;2&#8243; gap=&#8221;5&#8243; arrows_design=&#8221;vc_arrow-icon-arrow_08_left&#8221; arrows_color=&#8221;juicy_pink&#8221; paging_design=&#8221;pagination_square&#8221; paging_color=&#8221;juicy_pink&#8221; initial_loading_animation=&#8221;none&#8221; grid_id=&#8221;vc_gid:1612609624332-f8359a01-c3d5-9&#8243; taxonomies=&#8221;26&#8243;][\/vc_tta_section][vc_tta_section title=&#8221;`{`:de`}`Ern\u00e4hrung`{`:fr`}`Di\u00e9t\u00e9tique`{`:lu`}`Di\u00e9t\u00e9tique`{`:`}`&#8221; tab_id=&#8221;1609366612869-9cdcbdf8-0b3d&#8221;][vc_basic_grid post_type=&#8221;post&#8221; max_items=&#8221;-1&#8243; style=&#8221;pagination&#8221; items_per_page=&#8221;6&#8243; element_width=&#8221;2&#8243; gap=&#8221;5&#8243; arrows_design=&#8221;vc_arrow-icon-arrow_08_left&#8221; arrows_color=&#8221;juicy_pink&#8221; paging_design=&#8221;pagination_square&#8221; paging_color=&#8221;juicy_pink&#8221; initial_loading_animation=&#8221;none&#8221; grid_id=&#8221;vc_gid:1612609638718-9c509902-520d-3&#8243; taxonomies=&#8221;82&#8243;][\/vc_tta_section][\/vc_tta_tour][\/vc_column][\/vc_row][vc_row][vc_column][\/vc_column][\/vc_row]<\/p>\n","protected":false},"excerpt":{"rendered":"<p>[vc_row][vc_column][\/vc_column][\/vc_row][vc_row full_width=&#8221;stretch_row_content&#8221; full_height=&#8221;yes&#8221;][vc_column][vc_tta_tour active_section=&#8221;1&#8243;][vc_tta_section title=&#8221;`{`:de`}`Orthophonie`{`:fr`}`Orthophonie`{`:lu`}`Orthophonie`{`:`}`&#8221; tab_id=&#8221;1609365802229-7a6927b5-0d8f&#8221;][vc_basic_grid post_type=&#8221;post&#8221; max_items=&#8221;-1&#8243; style=&#8221;pagination&#8221; items_per_page=&#8221;6&#8243; element_width=&#8221;2&#8243; arrows_design=&#8221;vc_arrow-icon-arrow_08_left&#8221; arrows_color=&#8221;juicy_pink&#8221; paging_design=&#8221;pagination_square&#8221; paging_color=&#8221;juicy_pink&#8221; initial_loading_animation=&#8221;none&#8221; grid_id=&#8221;vc_gid:1612609624315-3d06ecea-51bb-9&#8243; taxonomies=&#8221;23&#8243;][\/vc_tta_section][vc_tta_section title=&#8221;`{`:de`}`Heilgymnastik`{`:fr`}`Kin\u00e9sith\u00e9rapie`{`:lu`}`Kin\u00e9sitherapie`{`:`}`&#8221; tab_id=&#8221;1609365802229-578936e3-4bff&#8221;][vc_basic_grid post_type=&#8221;post&#8221; max_items=&#8221;-1&#8243; style=&#8221;pagination&#8221; items_per_page=&#8221;6&#8243; element_width=&#8221;2&#8243; gap=&#8221;5&#8243; arrows_design=&#8221;vc_arrow-icon-arrow_08_left&#8221; arrows_color=&#8221;juicy_pink&#8221; paging_design=&#8221;pagination_square&#8221; paging_color=&#8221;juicy_pink&#8221; [&hellip;]<\/p>\n","protected":false},"author":656,"featured_media":0,"parent":0,"menu_order":0,"comment_status":"closed","ping_status":"closed","template":"","meta":{"jetpack_post_was_ever_published":false,"footnotes":""},"categories":[],"tags":[],"class_list":["post-65673","page","type-page","status-publish","hentry"],"jetpack_shortlink":"https:\/\/wp.me\/P3uDnz-h5f","jetpack_sharing_enabled":true,"_links":{"self":[{"href":"https:\/\/bletz.lu\/lu\/wp-json\/wp\/v2\/pages\/65673","targetHints":{"allow":["GET"]}}],"collection":[{"href":"https:\/\/bletz.lu\/lu\/wp-json\/wp\/v2\/pages"}],"about":[{"href":"https:\/\/bletz.lu\/lu\/wp-json\/wp\/v2\/types\/page"}],"author":[{"embeddable":true,"href":"https:\/\/bletz.lu\/lu\/wp-json\/wp\/v2\/users\/656"}],"replies":[{"embeddable":true,"href":"https:\/\/bletz.lu\/lu\/wp-json\/wp\/v2\/comments?post=65673"}],"version-history":[{"count":17,"href":"https:\/\/bletz.lu\/lu\/wp-json\/wp\/v2\/pages\/65673\/revisions"}],"predecessor-version":[{"id":65955,"href":"https:\/\/bletz.lu\/lu\/wp-json\/wp\/v2\/pages\/65673\/revisions\/65955"}],"wp:attachment":[{"href":"https:\/\/bletz.lu\/lu\/wp-json\/wp\/v2\/media?parent=65673"}],"wp:term":[{"taxonomy":"category","embeddable":true,"href":"https:\/\/bletz.lu\/lu\/wp-json\/wp\/v2\/categories?post=65673"},{"taxonomy":"post_tag","embeddable":true,"href":"https:\/\/bletz.lu\/lu\/wp-json\/wp\/v2\/tags?post=65673"}],"curies":[{"name":"wp","href":"https:\/\/api.w.org\/{rel}","templated":true}]}}