{"id":65731,"date":"2020-12-31T15:25:18","date_gmt":"2020-12-31T14:25:18","guid":{"rendered":"https:\/\/bletz.lu\/?page_id=65731"},"modified":"2022-12-15T12:56:01","modified_gmt":"2022-12-15T11:56:01","slug":"tipps","status":"publish","type":"page","link":"https:\/\/bletz.lu\/lu\/tipps\/","title":{"rendered":"Tipps"},"content":{"rendered":"<p class=\"qtranxs-available-languages-message qtranxs-available-languages-message-lu\">Mier bieden \u00ebm \u00cbntsch\u00ebllegung d\u00ebsen Artikel ass nemmen op <a href=\"https:\/\/bletz.lu\/de\/wp-json\/wp\/v2\/pages\/65731\" class=\"qtranxs-available-language-link qtranxs-available-language-link-de\" title=\"Deutsch\">Deutsch<\/a> an <a href=\"https:\/\/bletz.lu\/fr\/wp-json\/wp\/v2\/pages\/65731\" class=\"qtranxs-available-language-link qtranxs-available-language-link-fr\" title=\"Fran\u00e7ais\">Fran\u00e7ais<\/a> ze liesen. For the sake of viewer convenience, the content is shown below in this site default language. You may click one of the links to switch the site language to another available language.<\/p>\n<p>[vc_row full_width=&#8221;stretch_row_content&#8221;][vc_column] <h1 style=\"color:;padding:px;text-align:center;font-size:px;line-height:px;letter-spacing: px;font-weight:bold\" class=\"    \">Tipps f\u00fcr den Umgang mit Schlaganfallpatienten<\/h1> <div style=\"background-color:;height: 50px\" class=\"nicdark_section  \"><\/div>[\/vc_column][\/vc_row][vc_row full_width=&#8221;stretch_row&#8221; css=&#8221;.vc_custom_1609425965967{background-color: #fab53a !important;}&#8221;][vc_column][vc_column_text]<\/p>\n<h5 style=\"text-align: left;\">Wir bedanken uns bei Frau Barbara Pl\u00fcckhahn vom Knaur Mens Sana Verlag f\u00fcr die Erlaubnis Ausz\u00fcge des folgenden Buches zu verwenden:<\/h5>\n<h1 style=\"text-align: left;\">Dr. Jill B. Taylor : Mit einem Schlag <\/h1>\n<p>[\/vc_column_text][\/vc_column][\/vc_row][vc_row full_width=&#8221;stretch_row_content&#8221; equal_height=&#8221;yes&#8221;][vc_column width=&#8221;1\/3&#8243;][vc_column_text]<\/p>\n<h4>Dringende Appelle an die Umwelt im Krankenhaus:<\/h4>\n<ol>\n<li>Kommt nahe zu mir heran, sprecht langsam und deutlich.<\/li>\n<li>Wiederholt alles \u2013 tut einfach so, als w\u00fcsste ich gar nichts und finge ganz von vorne an.<\/li>\n<li>Achtet auf das, was eure K\u00f6rpersprache und Mienen mir vermitteln.<\/li>\n<li>Haltet Blickkontakt mit mir. Ich bin hier drin, sucht mich. Ermutigt mich..<\/li>\n<li>Ber\u00fchrt mich vorsichtig, und verbindet euch mit mir.<\/li>\n<li>Sch\u00fctzt meine Energie. Kein Radio, Fernsehen oder nerv\u00f6se Besucher ! Haltet die Besuche kurz. (5 Minuten).<\/li>\n<li>Bringt mir die Welt kin\u00e4sthetisch nahe. Lasst mich alles f\u00fchlen. (Ich bin wieder ein S\u00e4ugling). Geht sanft mit mir um, wie mit einem Neugeborenen.<\/li>\n<li>Vertraut darauf, dass mein Gehirn immer weiterlernen kann.<\/li>\n<li>Haltet mich vertraut mit meiner Familie, meinen Freunden und Bekannten. H\u00e4ngt die Karten und Fotos da\u00a0auf, wo ich sie sehen kann. Beschriftet sie, damit ich sie durchgehen kann.<\/li>\n<\/ol>\n<p>[\/vc_column_text][\/vc_column][vc_column width=&#8221;1\/3&#8243;][vc_column_text]<\/p>\n<h4>Dringende Appelle an die Umwelt im Alltagsleben :<\/h4>\n<ol>\n<li>Ich bin nicht dumm und nicht taub, ich bin verletzt. Bitte, respektiert mich und erhebt nicht die Stimme.<\/li>\n<li>Seid beim zwanzigsten Mal, wenn ihr mir etwas beibringt, genauso geduldig wie beim ersten Mal.<\/li>\n<li>Stimuliert mein Gehirn, wenn ich die Energie habe, etwas Neues zu lernen, aber ihr m\u00fcsst wissen, dass\u00a0mich schon kleine Dinge sehr anstrengen k\u00f6nnen.<\/li>\n<li>Vertraut darauf, da\u00df ich es versuche \u2013 nur eben nicht in eurem Tempo oder mit euren F\u00e4higkeiten. Ber\u00fccksichtigt bitte, da\u00df meine Medikamente mich m\u00fcde machen und auch meine F\u00e4higkeit beeintr\u00e4chtigen, mich wie mich selbst zu f\u00fchlen.<\/li>\n<li>Stellt mir Fragen mit spezifischen Antworten. Lasst mir Zeit, um die Antwort zu finden. Vermeidet Ja\/Nein-Fragen.<\/li>\n<li>Sprecht direkt mit mir, nicht mit anderen \u00fcber mich.<\/li>\n<li>Ermutigt mich. Erwartet von mir, dass ich wieder ganz gesund werde, auch wenn es zwanzig Jahre dauert.<\/li>\n<li>Bitte, beendet nicht meine S\u00e4tze f\u00fcr mich, und erg\u00e4nzt auch nicht die W\u00f6rter, die ich nicht finden kann. Ich\u00a0muss mein Gehirn trainieren<\/li>\n<li>Es kann sein, dass ich euch in dem Glauben lasse, ich verst\u00fcnde mehr, als in Wahrheit der Fall ist.<\/li>\n<\/ol>\n<p>[\/vc_column_text][\/vc_column][vc_column width=&#8221;1\/3&#8243;][vc_video link=&#8221;https:\/\/www.youtube.com\/watch?v=mYD7Y9CXeUw&#8221;][\/vc_column][\/vc_row][vc_row full_width=&#8221;stretch_row&#8221; css=&#8221;.vc_custom_1609425965967{background-color: #fab53a !important;}&#8221;][vc_column][vc_column_text]<\/p>\n<h1>Weitere Tipps &#8211; Autres Conseils &#8211; Weider Tipps<\/h1>\n<p>[\/vc_column_text][\/vc_column][\/vc_row][vc_row full_width=&#8221;stretch_row_content&#8221;][vc_column width=&#8221;1\/2&#8243;][vc_column_text]<\/p>\n<h2>www.apotheken-umschau.de gibt im Ratgeber-Text \u00fcber Schlaganfall folgende Tipps:<\/h2>\n<p><i>Quelle: <a href=\"http:\/\/www.apotheken-umschau.de\/Schlaganfall\" target=\"_blank\" rel=\"noopener noreferrer\">http:\/\/www.apotheken-umschau.de\/Schlaganfall<\/a><\/i><\/p>\n<p>Hier einige Tipps f\u00fcr den Alltag:<\/p>\n<ol>\n<li>Trainieren Sie Ihre Gesichtsmuskeln vor dem Spiegel: Blasen Sie die Backen auf, schieben Sie die Luft von einer Wange in die andere, strecken Sie die Zunge heraus, zeigen Sie die Z\u00e4hne, l\u00e4cheln Sie, lachen Sie, ziehen Sie einen Schmollmund, runzeln Sie die Stirn.<\/li>\n<li>Halten Sie sich beim Essen m\u00f6glichst aufrecht.<\/li>\n<li>Helfen Sie sich beim Essen gegebenenfalls mit Tricks: Verzichten sie auf Tischt\u00fccher und bringen sie Gumminoppen an der Unterseite von widerspenstigen Gegenst\u00e4nden an. Beim Trinken helfen manchmal Schnabeltassen. Griffverdickungen vereinfachen das Essen.<br \/>\nEinfachere K\u00f6rperpflege: Mit einem Badehocker in der Duschkabine k\u00f6nnen Sie sich beim Duschen setzen. Zum Abtrocknen des K\u00f6rpers kann auch ein saugf\u00e4higer Frotteebademantel angezogen werden.<\/li>\n<li>Ziehen Sie immer zuerst die kranke Seite an. Beim Ausziehen ist es umgekehrt: hier kommt zuerst die gesunde Seite dran. Ihre Schuhe sollten weit zu \u00f6ffnen sein. Ein Klettverschluss ist am praktischsten. Vorsicht: In Schuhen mit Gummisohlen stolpert man leicht.<\/li>\n<li>Auch Teppiche sind eine Stolpergefahr. In der Wohnung sollte m\u00f6glichst nichts im Weg stehen.<\/li>\n<li>Mobil trotz Schlaganfall? Ob und wann Sie nach einem Schlaganfall wieder Auto fahren d\u00fcrfen, sollten Sie mit Ihrem Arzt abkl\u00e4ren. R\u00fcsten Sie Ihren Wagen gegebenenfalls entsprechend um.<\/li>\n<\/ol>\n<p>[\/vc_column_text][vc_video link=&#8221;https:\/\/www.youtube.com\/watch?v=OGyOKItHS9Y&amp;feature=emb_logo&#8221;][\/vc_column][vc_column width=&#8221;1\/2&#8243;][vc_video link=&#8221;https:\/\/www.youtube.com\/watch?v=7UoGAUuZ2v4&#8243; title=&#8221;Emilia Clarke on health scare: \u201eThere was a bit of my brain that actually died\u201c&#8221;][vc_column_text]<\/p>\n<h4>Diana Wong Ramos \u201ePortugal AVC\u201c<br \/>\n<iframe loading=\"lazy\" style=\"border: none; overflow: hidden;\" src=\"https:\/\/www.facebook.com\/plugins\/video.php?href=https%3A%2F%2Fwww.facebook.com%2Fdiana.wongramos%2Fvideos%2F1323274587867480%2F&amp;show_text=0&amp;width=267\" width=\"267\" height=\"476\" frameborder=\"0\" scrolling=\"no\" allowfullscreen=\"allowfullscreen\"><\/iframe><\/h4>\n<p>[\/vc_column_text][\/vc_column][\/vc_row]<\/p>\n","protected":false},"excerpt":{"rendered":"<p>Mier bieden \u00ebm \u00cbntsch\u00ebllegung d\u00ebsen Artikel ass nemmen op Deutsch an Fran\u00e7ais ze liesen. For the sake of viewer convenience, the content is shown below in this site default language. [&hellip;]<\/p>\n","protected":false},"author":656,"featured_media":0,"parent":0,"menu_order":0,"comment_status":"closed","ping_status":"closed","template":"","meta":{"jetpack_post_was_ever_published":false,"footnotes":""},"categories":[],"tags":[],"class_list":["post-65731","page","type-page","status-publish","hentry"],"jetpack_shortlink":"https:\/\/wp.me\/P3uDnz-h6b","jetpack_sharing_enabled":true,"_links":{"self":[{"href":"https:\/\/bletz.lu\/lu\/wp-json\/wp\/v2\/pages\/65731","targetHints":{"allow":["GET"]}}],"collection":[{"href":"https:\/\/bletz.lu\/lu\/wp-json\/wp\/v2\/pages"}],"about":[{"href":"https:\/\/bletz.lu\/lu\/wp-json\/wp\/v2\/types\/page"}],"author":[{"embeddable":true,"href":"https:\/\/bletz.lu\/lu\/wp-json\/wp\/v2\/users\/656"}],"replies":[{"embeddable":true,"href":"https:\/\/bletz.lu\/lu\/wp-json\/wp\/v2\/comments?post=65731"}],"version-history":[{"count":15,"href":"https:\/\/bletz.lu\/lu\/wp-json\/wp\/v2\/pages\/65731\/revisions"}],"predecessor-version":[{"id":73429,"href":"https:\/\/bletz.lu\/lu\/wp-json\/wp\/v2\/pages\/65731\/revisions\/73429"}],"wp:attachment":[{"href":"https:\/\/bletz.lu\/lu\/wp-json\/wp\/v2\/media?parent=65731"}],"wp:term":[{"taxonomy":"category","embeddable":true,"href":"https:\/\/bletz.lu\/lu\/wp-json\/wp\/v2\/categories?post=65731"},{"taxonomy":"post_tag","embeddable":true,"href":"https:\/\/bletz.lu\/lu\/wp-json\/wp\/v2\/tags?post=65731"}],"curies":[{"name":"wp","href":"https:\/\/api.w.org\/{rel}","templated":true}]}}