{"id":65741,"date":"2020-12-31T16:16:06","date_gmt":"2020-12-31T15:16:06","guid":{"rendered":"https:\/\/bletz.lu\/?page_id=65741"},"modified":"2020-12-31T16:16:06","modified_gmt":"2020-12-31T15:16:06","slug":"unterwegs-medien","status":"publish","type":"page","link":"https:\/\/bletz.lu\/lu\/unterwegs-medien\/","title":{"rendered":"On Tour &#038; Medien"},"content":{"rendered":"<p>[vc_row full_width=&#8221;stretch_row_content&#8221; css=&#8221;.vc_custom_1609427671889{padding-bottom: 10px !important;}&#8221;][vc_column] <h1 style=\"color:;padding:px;text-align:center;font-size:px;line-height:px;letter-spacing: px;font-weight:bold\" class=\"    \">B\u00ebtz \u00ebnnerwee &amp; an de Medien<\/h1> [\/vc_column][\/vc_row][vc_row full_width=&#8221;stretch_row_content_no_spaces&#8221; full_height=&#8221;yes&#8221; columns_placement=&#8221;top&#8221; equal_height=&#8221;yes&#8221;][vc_column][vc_tta_tour][vc_tta_section title=&#8221;`{`:de`}`Bl\u00ebtz unterwegs`{`:fr`}`Bl\u00ebtz en route`{`:lu`}`Bl\u00ebtz \u00ebnnerwee`{`:`}`&#8221; tab_id=&#8221;1609426738477-fd94a25f-7a78&#8243;][vc_basic_grid post_type=&#8221;post&#8221; max_items=&#8221;-1&#8243; style=&#8221;pagination&#8221; items_per_page=&#8221;6&#8243; element_width=&#8221;2&#8243; gap=&#8221;5&#8243; arrows_design=&#8221;vc_arrow-icon-arrow_08_left&#8221; arrows_color=&#8221;juicy_pink&#8221; paging_design=&#8221;pagination_square&#8221; paging_color=&#8221;juicy_pink&#8221; initial_loading_animation=&#8221;fadeInUp&#8221; grid_id=&#8221;vc_gid:1609427230074-67d504ad-c960-3&#8243; taxonomies=&#8221;18&#8243;][\/vc_tta_section][vc_tta_section title=&#8221;`{`:de`}`Bl\u00ebtz in den Medien`{`:fr`}`Bl\u00ebtz dans les m\u00e9dias`{`:lu`}`Bl\u00ebtz an de Medien`{`:`}`&#8221; tab_id=&#8221;1609426738481-56e1e1d3-cecb&#8221;][vc_basic_grid post_type=&#8221;post&#8221; max_items=&#8221;-1&#8243; style=&#8221;pagination&#8221; items_per_page=&#8221;6&#8243; element_width=&#8221;2&#8243; gap=&#8221;5&#8243; arrows_design=&#8221;vc_arrow-icon-arrow_08_left&#8221; arrows_color=&#8221;juicy_pink&#8221; paging_design=&#8221;pagination_square&#8221; paging_color=&#8221;juicy_pink&#8221; initial_loading_animation=&#8221;slideInUp&#8221; grid_id=&#8221;vc_gid:1609427368891-9dbb30e1-db81-6&#8243; taxonomies=&#8221;15&#8243;][\/vc_tta_section][\/vc_tta_tour][\/vc_column][\/vc_row]<\/p>\n","protected":false},"excerpt":{"rendered":"<p>[vc_row full_width=&#8221;stretch_row_content&#8221; css=&#8221;.vc_custom_1609427671889{padding-bottom: 10px !important;}&#8221;][vc_column][\/vc_column][\/vc_row][vc_row full_width=&#8221;stretch_row_content_no_spaces&#8221; full_height=&#8221;yes&#8221; columns_placement=&#8221;top&#8221; equal_height=&#8221;yes&#8221;][vc_column][vc_tta_tour][vc_tta_section title=&#8221;`{`:de`}`Bl\u00ebtz unterwegs`{`:fr`}`Bl\u00ebtz en route`{`:lu`}`Bl\u00ebtz \u00ebnnerwee`{`:`}`&#8221; tab_id=&#8221;1609426738477-fd94a25f-7a78&#8243;][vc_basic_grid post_type=&#8221;post&#8221; max_items=&#8221;-1&#8243; style=&#8221;pagination&#8221; items_per_page=&#8221;6&#8243; element_width=&#8221;2&#8243; gap=&#8221;5&#8243; arrows_design=&#8221;vc_arrow-icon-arrow_08_left&#8221; arrows_color=&#8221;juicy_pink&#8221; paging_design=&#8221;pagination_square&#8221; paging_color=&#8221;juicy_pink&#8221; initial_loading_animation=&#8221;fadeInUp&#8221; grid_id=&#8221;vc_gid:1609427230074-67d504ad-c960-3&#8243; taxonomies=&#8221;18&#8243;][\/vc_tta_section][vc_tta_section title=&#8221;`{`:de`}`Bl\u00ebtz in [&hellip;]<\/p>\n","protected":false},"author":656,"featured_media":0,"parent":0,"menu_order":0,"comment_status":"closed","ping_status":"closed","template":"","meta":{"jetpack_post_was_ever_published":false,"footnotes":""},"categories":[],"tags":[],"class_list":["post-65741","page","type-page","status-publish","hentry"],"jetpack_shortlink":"https:\/\/wp.me\/P3uDnz-h6l","jetpack_sharing_enabled":true,"_links":{"self":[{"href":"https:\/\/bletz.lu\/lu\/wp-json\/wp\/v2\/pages\/65741","targetHints":{"allow":["GET"]}}],"collection":[{"href":"https:\/\/bletz.lu\/lu\/wp-json\/wp\/v2\/pages"}],"about":[{"href":"https:\/\/bletz.lu\/lu\/wp-json\/wp\/v2\/types\/page"}],"author":[{"embeddable":true,"href":"https:\/\/bletz.lu\/lu\/wp-json\/wp\/v2\/users\/656"}],"replies":[{"embeddable":true,"href":"https:\/\/bletz.lu\/lu\/wp-json\/wp\/v2\/comments?post=65741"}],"version-history":[{"count":14,"href":"https:\/\/bletz.lu\/lu\/wp-json\/wp\/v2\/pages\/65741\/revisions"}],"predecessor-version":[{"id":65755,"href":"https:\/\/bletz.lu\/lu\/wp-json\/wp\/v2\/pages\/65741\/revisions\/65755"}],"wp:attachment":[{"href":"https:\/\/bletz.lu\/lu\/wp-json\/wp\/v2\/media?parent=65741"}],"wp:term":[{"taxonomy":"category","embeddable":true,"href":"https:\/\/bletz.lu\/lu\/wp-json\/wp\/v2\/categories?post=65741"},{"taxonomy":"post_tag","embeddable":true,"href":"https:\/\/bletz.lu\/lu\/wp-json\/wp\/v2\/tags?post=65741"}],"curies":[{"name":"wp","href":"https:\/\/api.w.org\/{rel}","templated":true}]}}