{"id":65857,"date":"2021-01-02T18:14:51","date_gmt":"2021-01-02T17:14:51","guid":{"rendered":"https:\/\/bletz.lu\/?page_id=65857"},"modified":"2023-12-17T10:13:05","modified_gmt":"2023-12-17T09:13:05","slug":"aufklaerung-sensibilisierung","status":"publish","type":"page","link":"https:\/\/bletz.lu\/lu\/aufklaerung-sensibilisierung\/","title":{"rendered":"Opkl\u00e4rung \/ Sensibilis\u00e9irung"},"content":{"rendered":"<p>[vc_row][vc_column width=&#8221;1\/2&#8243;] <h1 style=\"color:;padding:px;text-align:;font-size:px;line-height:px;letter-spacing: px;font-weight:bold\" class=\"    \">Opkl\u00e4rungsvideos<\/h1> [vc_video link=&#8221;https:\/\/www.youtube.com\/watch?v=aMhgNnxQ9PU&#8221; title=&#8221;Aufkl\u00e4rungsvideo 2023&#8243;][vc_video link=&#8221;https:\/\/www.youtube.com\/watch?v=euGJ9xVAteY&#8221; title=&#8221;Aufkl\u00e4rungsvideo CGDIS 203&#8243;][vc_column_text]<\/p>\n<div style=\"width: 640px;\" class=\"wp-video\"><video class=\"wp-video-shortcode\" id=\"video-65857-1\" width=\"640\" height=\"360\" poster=\"\/wp-content\/uploads\/2016\/10\/download_header.jpg\" preload=\"metadata\" controls=\"controls\"><source type=\"video\/mp4\" src=\"https:\/\/bletz.lu\/wp-content\/uploads\/2016\/10\/Den_Held_vum_Dag_Full_HD.mp4?_=1\" \/><\/p><p style=\"text-align: center;\">Zum Welttag des Schlaganfalls am 29. Oktober 2016 und 2017, stellt Bl\u00ebtz a.s.b.l. ihr Aufkl\u00e4rungsvideo vor.<\/p><p style=\"text-align: center;\">Production r\u00e9alis\u00e9e avec le soutien de <a href=\"http:\/\/www.jangli.com\" target=\"_blank\" rel=\"noopener noreferrer\">Jangli Film<\/a> &amp; RTL<\/p><p>[\/vc_column_text][vc_column_text]<div style=\"width: 640px;\" class=\"wp-video\"><video class=\"wp-video-shortcode\" id=\"video-65857-2\" width=\"640\" height=\"360\" poster=\"https:\/\/bletz.lu\/wp-content\/uploads\/2019\/10\/img_0932.jpg\" preload=\"metadata\" controls=\"controls\"><source type=\"video\/mp4\" src=\"https:\/\/bletz.lu\/wp-content\/uploads\/2019\/10\/932xxx_MinSante_Bletz.mp4?_=2\" \/><a href=\"https:\/\/bletz.lu\/wp-content\/uploads\/2019\/10\/932xxx_MinSante_Bletz.mp4\">https:\/\/bletz.lu\/wp-content\/uploads\/2019\/10\/932xxx_MinSante_Bletz.mp4<\/a><\/video><\/div><a href=\"https:\/\/bletz.lu\/wp-content\/uploads\/2016\/10\/Den_Held_vum_Dag_Full_HD.mp4\">https:\/\/bletz.lu\/wp-content\/uploads\/2016\/10\/Den_Held_vum_Dag_Full_HD.mp4<\/a><\/video><\/div>\n<p style=\"text-align: center;\">Stroke Alliance For Europe (SAFE) mat RTL &#8211; \u2028(Rechte: Frau Jane MABER, Head of Brand, Stroke Association UK . Luxemburgische Ennertitelen vun IP Luxembourg)[\/vc_column_text][\/vc_column][vc_column width=&#8221;1\/2&#8243;] <h1 style=\"color:;padding:px;text-align:;font-size:px;line-height:px;letter-spacing: px;font-weight:bold\" class=\"    \">Opkl\u00e4rung<\/h1> [vc_cta h2=&#8221;&#8221; add_button=&#8221;left&#8221; btn_title=&#8221;`{`:de`}`Durch Medien`{`:fr`}`Dans les m\u00e9dias`{`:lu`}`An de Medien`{`:`}`&#8221; btn_color=&#8221;warning&#8221; btn_i_icon_fontawesome=&#8221;far fa-eye&#8221; btn_add_icon=&#8221;true&#8221; btn_link=&#8221;url:https%3A%2F%2Fbletz.lu%2Fwas-haben-wir-bewirkt%2Fsensibilisierung%2F%23sensibilisierungmedien&#8221; css=&#8221;.vc_custom_1627387456008{padding-top: 10px !important;}&#8221;]<\/p>\n<p>R\u00e9gelm\u00e9isseg Pr\u00e4senz a Kampagnen[\/vc_cta][vc_cta h2=&#8221;&#8221; add_button=&#8221;left&#8221; btn_title=&#8221;`{`:de`}`In den Schulen`{`:fr`}`Dans les lyc\u00e9es`{`:lu`}`An de Lyc\u00e9e\u00eb`{`:`}`&#8221; btn_color=&#8221;warning&#8221; btn_i_icon_fontawesome=&#8221;far fa-eye&#8221; btn_add_icon=&#8221;true&#8221; btn_link=&#8221;url:https%3A%2F%2Fbletz.lu%2Fwas-haben-wir-bewirkt%2Fsensibilisierung%2F%23sensibilisierungschulen&#8221;]Sensibilis\u00e9irung vun de Sch\u00fclerinnen a Sch\u00fcler zu L\u00ebtzebuerg[\/vc_cta] <h1 style=\"color:;padding:px;text-align:;font-size:px;line-height:px;letter-spacing: px;font-weight:bold\" class=\"    \">Brochure 2024<\/h1> [vc_column_text]<a href=\"https:\/\/bletz.lu\/wp-content\/uploads\/2023\/12\/PROGR-BLETZ-2024-DE_WEB.pdf\"><img loading=\"lazy\" decoding=\"async\" data-attachment-id=\"78599\" data-permalink=\"https:\/\/bletz.lu\/lu\/aufklaerung-sensibilisierung\/progr-bletz-2024-de_web_thumb\/\" data-orig-file=\"https:\/\/bletz.lu\/wp-content\/uploads\/2023\/12\/PROGR-BLETZ-2024-DE_WEB_thumb.jpg\" data-orig-size=\"1165,1653\" data-comments-opened=\"0\" data-image-meta=\"{&quot;aperture&quot;:&quot;0&quot;,&quot;credit&quot;:&quot;&quot;,&quot;camera&quot;:&quot;&quot;,&quot;caption&quot;:&quot;&quot;,&quot;created_timestamp&quot;:&quot;0&quot;,&quot;copyright&quot;:&quot;&quot;,&quot;focal_length&quot;:&quot;0&quot;,&quot;iso&quot;:&quot;0&quot;,&quot;shutter_speed&quot;:&quot;0&quot;,&quot;title&quot;:&quot;&quot;,&quot;orientation&quot;:&quot;0&quot;}\" data-image-title=\"PROGR BLETZ 2024 DE_WEB_thumb\" data-image-description=\"\" data-image-caption=\"\" data-medium-file=\"https:\/\/bletz.lu\/wp-content\/uploads\/2023\/12\/PROGR-BLETZ-2024-DE_WEB_thumb-211x300.jpg\" data-large-file=\"https:\/\/bletz.lu\/wp-content\/uploads\/2023\/12\/PROGR-BLETZ-2024-DE_WEB_thumb-722x1024.jpg\" class=\"aligncenter size-large wp-image-78599\" src=\"https:\/\/bletz.lu\/wp-content\/uploads\/2023\/12\/PROGR-BLETZ-2024-DE_WEB_thumb-722x1024.jpg\" alt=\"\" width=\"722\" height=\"1024\" srcset=\"https:\/\/bletz.lu\/wp-content\/uploads\/2023\/12\/PROGR-BLETZ-2024-DE_WEB_thumb-722x1024.jpg 722w, https:\/\/bletz.lu\/wp-content\/uploads\/2023\/12\/PROGR-BLETZ-2024-DE_WEB_thumb-211x300.jpg 211w, https:\/\/bletz.lu\/wp-content\/uploads\/2023\/12\/PROGR-BLETZ-2024-DE_WEB_thumb-768x1090.jpg 768w, https:\/\/bletz.lu\/wp-content\/uploads\/2023\/12\/PROGR-BLETZ-2024-DE_WEB_thumb-1083x1536.jpg 1083w, https:\/\/bletz.lu\/wp-content\/uploads\/2023\/12\/PROGR-BLETZ-2024-DE_WEB_thumb.jpg 1165w\" sizes=\"auto, (max-width: 722px) 100vw, 722px\" \/><\/a><a href=\"https:\/\/bletz.lu\/wp-content\/uploads\/2023\/12\/PROGR-BLETZ-2024-FR_WEB.pdf\"><img loading=\"lazy\" decoding=\"async\" data-attachment-id=\"78600\" data-permalink=\"https:\/\/bletz.lu\/lu\/aufklaerung-sensibilisierung\/progr-bletz-2024-fr_web_thumb\/\" data-orig-file=\"https:\/\/bletz.lu\/wp-content\/uploads\/2023\/12\/PROGR-BLETZ-2024-FR_WEB_thumb.jpg\" data-orig-size=\"1165,1653\" data-comments-opened=\"0\" data-image-meta=\"{&quot;aperture&quot;:&quot;0&quot;,&quot;credit&quot;:&quot;&quot;,&quot;camera&quot;:&quot;&quot;,&quot;caption&quot;:&quot;&quot;,&quot;created_timestamp&quot;:&quot;0&quot;,&quot;copyright&quot;:&quot;&quot;,&quot;focal_length&quot;:&quot;0&quot;,&quot;iso&quot;:&quot;0&quot;,&quot;shutter_speed&quot;:&quot;0&quot;,&quot;title&quot;:&quot;&quot;,&quot;orientation&quot;:&quot;0&quot;}\" data-image-title=\"PROGR BLETZ 2024 FR_WEB_thumb\" data-image-description=\"\" data-image-caption=\"\" data-medium-file=\"https:\/\/bletz.lu\/wp-content\/uploads\/2023\/12\/PROGR-BLETZ-2024-FR_WEB_thumb-211x300.jpg\" data-large-file=\"https:\/\/bletz.lu\/wp-content\/uploads\/2023\/12\/PROGR-BLETZ-2024-FR_WEB_thumb-722x1024.jpg\" class=\"aligncenter size-large wp-image-78600\" src=\"https:\/\/bletz.lu\/wp-content\/uploads\/2023\/12\/PROGR-BLETZ-2024-FR_WEB_thumb-722x1024.jpg\" alt=\"\" width=\"722\" height=\"1024\" srcset=\"https:\/\/bletz.lu\/wp-content\/uploads\/2023\/12\/PROGR-BLETZ-2024-FR_WEB_thumb-722x1024.jpg 722w, https:\/\/bletz.lu\/wp-content\/uploads\/2023\/12\/PROGR-BLETZ-2024-FR_WEB_thumb-211x300.jpg 211w, https:\/\/bletz.lu\/wp-content\/uploads\/2023\/12\/PROGR-BLETZ-2024-FR_WEB_thumb-768x1090.jpg 768w, https:\/\/bletz.lu\/wp-content\/uploads\/2023\/12\/PROGR-BLETZ-2024-FR_WEB_thumb-1083x1536.jpg 1083w, https:\/\/bletz.lu\/wp-content\/uploads\/2023\/12\/PROGR-BLETZ-2024-FR_WEB_thumb.jpg 1165w\" sizes=\"auto, (max-width: 722px) 100vw, 722px\" \/><\/a>[\/vc_column_text][\/vc_column][\/vc_row][vc_row][vc_column] <h1 style=\"color:;padding:px;text-align:;font-size:px;line-height:px;letter-spacing: px;font-weight:bold\" class=\"    \"><\/h1> [vc_basic_grid post_type=&#8221;post&#8221; max_items=&#8221;-1&#8243; style=&#8221;pagination&#8221; items_per_page=&#8221;6&#8243; element_width=&#8221;2&#8243; gap=&#8221;5&#8243; arrows_design=&#8221;vc_arrow-icon-arrow_08_left&#8221; arrows_color=&#8221;juicy_pink&#8221; paging_design=&#8221;pagination_square&#8221; paging_color=&#8221;juicy_pink&#8221; grid_id=&#8221;vc_gid:1702804127102-89193a7d-1be7-0&#8243; taxonomies=&#8221;78&#8243;][\/vc_column][\/vc_row][vc_row][vc_column][\/vc_column][\/vc_row]<\/p>\n","protected":false},"excerpt":{"rendered":"<p>[vc_row][vc_column width=&#8221;1\/2&#8243;][vc_video link=&#8221;https:\/\/www.youtube.com\/watch?v=aMhgNnxQ9PU&#8221; title=&#8221;Aufkl\u00e4rungsvideo 2023&#8243;][vc_video link=&#8221;https:\/\/www.youtube.com\/watch?v=euGJ9xVAteY&#8221; title=&#8221;Aufkl\u00e4rungsvideo CGDIS 203&#8243;][vc_column_text] Stroke Alliance For Europe (SAFE) mat RTL &#8211; \u2028(Rechte: Frau Jane MABER, Head of Brand, Stroke Association UK . Luxemburgische Ennertitelen [&hellip;]<\/p>\n","protected":false},"author":656,"featured_media":0,"parent":0,"menu_order":0,"comment_status":"closed","ping_status":"closed","template":"","meta":{"jetpack_post_was_ever_published":false,"footnotes":""},"categories":[],"tags":[],"class_list":["post-65857","page","type-page","status-publish","hentry"],"jetpack_shortlink":"https:\/\/wp.me\/P3uDnz-h8d","jetpack_sharing_enabled":true,"_links":{"self":[{"href":"https:\/\/bletz.lu\/lu\/wp-json\/wp\/v2\/pages\/65857","targetHints":{"allow":["GET"]}}],"collection":[{"href":"https:\/\/bletz.lu\/lu\/wp-json\/wp\/v2\/pages"}],"about":[{"href":"https:\/\/bletz.lu\/lu\/wp-json\/wp\/v2\/types\/page"}],"author":[{"embeddable":true,"href":"https:\/\/bletz.lu\/lu\/wp-json\/wp\/v2\/users\/656"}],"replies":[{"embeddable":true,"href":"https:\/\/bletz.lu\/lu\/wp-json\/wp\/v2\/comments?post=65857"}],"version-history":[{"count":23,"href":"https:\/\/bletz.lu\/lu\/wp-json\/wp\/v2\/pages\/65857\/revisions"}],"predecessor-version":[{"id":78603,"href":"https:\/\/bletz.lu\/lu\/wp-json\/wp\/v2\/pages\/65857\/revisions\/78603"}],"wp:attachment":[{"href":"https:\/\/bletz.lu\/lu\/wp-json\/wp\/v2\/media?parent=65857"}],"wp:term":[{"taxonomy":"category","embeddable":true,"href":"https:\/\/bletz.lu\/lu\/wp-json\/wp\/v2\/categories?post=65857"},{"taxonomy":"post_tag","embeddable":true,"href":"https:\/\/bletz.lu\/lu\/wp-json\/wp\/v2\/tags?post=65857"}],"curies":[{"name":"wp","href":"https:\/\/api.w.org\/{rel}","templated":true}]}}